{"id":43966,"date":"2025-12-10T15:22:31","date_gmt":"2025-12-10T13:22:31","guid":{"rendered":"https:\/\/hookahshop.lt\/?post_type=product&#038;p=43966"},"modified":"2026-04-18T23:29:34","modified_gmt":"2026-04-18T20:29:34","slug":"individualus-kaljano-kandiklis-moze-wild-red","status":"publish","type":"product","link":"https:\/\/hookahshop.lt\/en\/product\/individual-hookah-mouthpiece-moze-wild-red\/","title":{"rendered":"Individual hookah mouthpiece MOZE Wild Red"},"content":{"rendered":"<h2>Individual hookah mouthpiece MOZE Wild Red<\/h2>\n<p>Guarantees you a hygienic smoking experience. Each MOZE mouthpiece is unique as it is never the same due to the epoxy resin and color gradients. By using this mouthpiece, you will not only do something good for yourself and your hygiene, but also for the environment, because the mouthpieces are not thrown away after smoking like individual disposable mouthpieces.<\/p>\n<p>Do you have any questions? contact us\u00a0<a href=\"https:\/\/hookahshop.lt\/en\/contacts\/\">contacts page<\/a>\u00a0or email us at\u00a0<a href=\"https:\/\/facebook.com\/HookahShop.lt\/\" target=\"_blank\" rel=\"noopener noreferrer\">Facebook<\/a>\u00a0and we will respond to your request the same day.<\/p>","protected":false},"excerpt":{"rendered":"<p>Individualus kaljano kandiklis MOZE Wild Red Garantuoja jums higieni\u0161k\u0105 r\u016bkymo patirt\u012f. Kiekvienas MOZE kandiklis yra unikalus, nes d\u0117l epoksidin\u0117s dervos ir spalv\u0173 gradient\u0173 jis niekada n\u0117ra vienodas. Naudodami \u0161\u012f kandikl\u012f ne tik padarysite k\u0105 nors gero sau ir savo higienai, bet ir aplinkai, nes kandikliai po par\u016bkymo n\u0117ra i\u0161metami kaip individual\u016bs vienkartiniai kandikliai. Turite klausim\u0173? [&hellip;]<\/p>","protected":false},"featured_media":44118,"comment_status":"closed","ping_status":"closed","template":"","meta":[],"_links":{"self":[{"href":"https:\/\/hookahshop.lt\/en\/wp-json\/wp\/v2\/product\/43966"}],"collection":[{"href":"https:\/\/hookahshop.lt\/en\/wp-json\/wp\/v2\/product"}],"about":[{"href":"https:\/\/hookahshop.lt\/en\/wp-json\/wp\/v2\/types\/product"}],"replies":[{"embeddable":true,"href":"https:\/\/hookahshop.lt\/en\/wp-json\/wp\/v2\/comments?post=43966"}],"version-history":[{"count":3,"href":"https:\/\/hookahshop.lt\/en\/wp-json\/wp\/v2\/product\/43966\/revisions"}],"predecessor-version":[{"id":44120,"href":"https:\/\/hookahshop.lt\/en\/wp-json\/wp\/v2\/product\/43966\/revisions\/44120"}],"wp:featuredmedia":[{"embeddable":true,"href":"https:\/\/hookahshop.lt\/en\/wp-json\/wp\/v2\/media\/44118"}],"wp:attachment":[{"href":"https:\/\/hookahshop.lt\/en\/wp-json\/wp\/v2\/media?parent=43966"}],"curies":[{"name":"wp","href":"https:\/\/api.w.org\/{rel}","templated":true}]}}