{"id":43968,"date":"2025-12-11T11:33:06","date_gmt":"2025-12-11T09:33:06","guid":{"rendered":"https:\/\/hookahshop.lt\/?post_type=product&#038;p=43968"},"modified":"2026-04-12T23:29:34","modified_gmt":"2026-04-12T20:29:34","slug":"individualus-kaljano-kandiklis-darkside-d-click","status":"publish","type":"product","link":"https:\/\/hookahshop.lt\/en\/product\/individual-hookah-mouthpiece-darkside-d-click\/","title":{"rendered":"Individual hookah mouthpiece DARKSIDE D Click"},"content":{"rendered":"<h2>Individual hookah mouthpiece DARKSIDE D Click<\/h2>\n<p>Compact, hygienic individual mouthpiece for clean and comfortable sessions. Made of durable materials, with an elegant design, fits any silicone hose tip. Integrated neck strap makes it convenient to use and carry with you.<\/p>\n<p><strong>Specifications:<\/strong><br \/>\nLength: 50mm<br \/>\nMaterial: polyacetal, silicone.<br \/>\nColor black<\/p>\n<p><strong>Equipment:<\/strong><br \/>\nIndividual mouthpiece with string<br \/>\nBranded Darkside box<\/p>\n<p>Do you have any questions? contact us\u00a0<a href=\"https:\/\/hookahshop.lt\/en\/contacts\/\">contacts page<\/a>\u00a0or email us at\u00a0<a href=\"https:\/\/facebook.com\/HookahShop.lt\/\" target=\"_blank\" rel=\"noopener\">Facebook<\/a>\u00a0and we will respond to your request the same day.<\/p>","protected":false},"excerpt":{"rendered":"<p>Individualus kaljano kandiklis DARKSIDE D Click Kompakti\u0161kas, higieni\u0161kas individualus kandiklis \u0161varioms ir patogioms sesijoms. Pagamintas i\u0161 patvari\u0173 med\u017eiag\u0173, pasi\u017eymi eleganti\u0161ku dizainu, tinka bet kokiam silikoniniam \u017earnos antgaliui. Integruotas kaklo dir\u017eelis leid\u017eia j\u012f patogiai naudoti ir ne\u0161iotis su savimi. Specifikacijos: Ilgis: 50mm Med\u017eiaga: poliacetalis, silikonas. Spalva: juoda Komplektacija: Individualus kandiklis su virvute Firmin\u0117 Darkside d\u0117\u017eut\u0117 Turite [&hellip;]<\/p>","protected":false},"featured_media":44213,"comment_status":"open","ping_status":"closed","template":"","meta":[],"_links":{"self":[{"href":"https:\/\/hookahshop.lt\/en\/wp-json\/wp\/v2\/product\/43968"}],"collection":[{"href":"https:\/\/hookahshop.lt\/en\/wp-json\/wp\/v2\/product"}],"about":[{"href":"https:\/\/hookahshop.lt\/en\/wp-json\/wp\/v2\/types\/product"}],"replies":[{"embeddable":true,"href":"https:\/\/hookahshop.lt\/en\/wp-json\/wp\/v2\/comments?post=43968"}],"version-history":[{"count":4,"href":"https:\/\/hookahshop.lt\/en\/wp-json\/wp\/v2\/product\/43968\/revisions"}],"predecessor-version":[{"id":44212,"href":"https:\/\/hookahshop.lt\/en\/wp-json\/wp\/v2\/product\/43968\/revisions\/44212"}],"wp:featuredmedia":[{"embeddable":true,"href":"https:\/\/hookahshop.lt\/en\/wp-json\/wp\/v2\/media\/44213"}],"wp:attachment":[{"href":"https:\/\/hookahshop.lt\/en\/wp-json\/wp\/v2\/media?parent=43968"}],"curies":[{"name":"wp","href":"https:\/\/api.w.org\/{rel}","templated":true}]}}