{"id":43973,"date":"2025-12-10T15:08:25","date_gmt":"2025-12-10T13:08:25","guid":{"rendered":"https:\/\/hookahshop.lt\/?post_type=product&#038;p=43973"},"modified":"2026-04-18T23:29:34","modified_gmt":"2026-04-18T20:29:34","slug":"kaljano-kandiklis-japona-hookah-beads-gray","status":"publish","type":"product","link":"https:\/\/hookahshop.lt\/en\/product\/hookah-beads-japanese-hookah-beads-gray\/","title":{"rendered":"Individual hookah mouthpiece JAPONA HOOKAH Samurai Beads Gray"},"content":{"rendered":"<h2>Individual hookah mouthpiece JAPONA HOOKAH Samurai Beads Gray<\/h2>\n<p>Designer mouthpiece, jewelry, American acrylic, bronze ring with #japonahookah and medallion with samurai mask. Beads \u2013 wood, natural stone. Mouthpiece color \u2013 gray-black.<\/p>\n<p>Do you have any questions? contact us\u00a0<a href=\"https:\/\/hookahshop.lt\/en\/contacts\/\">contacts page<\/a>\u00a0or email us at\u00a0<a href=\"https:\/\/facebook.com\/HookahShop.lt\/\" target=\"_blank\" rel=\"noopener noreferrer\">Facebook<\/a>\u00a0and we will respond to your request the same day.<\/p>","protected":false},"excerpt":{"rendered":"<p>Individualus kaljano kandiklis JAPONA HOOKAH Samurai Beads Gray Dizaineri\u0173 kurtas kandiklis, juvelyrinis dirbinys, amerikieti\u0161kas akrilas, bronzinis \u017eiedas su #japonahookah ir medalionas su samuraj\u0173 kauke. Karoliukai \u2013 medis, nat\u016bralus akmuo. Kandiklio spalva \u2013 pilkai juoda. Turite klausim\u0173? Susisiekite su mumis\u00a0kontakt\u0173 puslapyje\u00a0arba para\u0161ykite mums \u012f\u00a0Facebook paskyr\u0105\u00a0ir atsakysime \u012f j\u016bs\u0173 u\u017eklaus\u0105 dar t\u0105 pa\u010di\u0105 dien\u0105.<\/p>","protected":false},"featured_media":43993,"comment_status":"open","ping_status":"closed","template":"","meta":[],"_links":{"self":[{"href":"https:\/\/hookahshop.lt\/en\/wp-json\/wp\/v2\/product\/43973"}],"collection":[{"href":"https:\/\/hookahshop.lt\/en\/wp-json\/wp\/v2\/product"}],"about":[{"href":"https:\/\/hookahshop.lt\/en\/wp-json\/wp\/v2\/types\/product"}],"replies":[{"embeddable":true,"href":"https:\/\/hookahshop.lt\/en\/wp-json\/wp\/v2\/comments?post=43973"}],"version-history":[{"count":5,"href":"https:\/\/hookahshop.lt\/en\/wp-json\/wp\/v2\/product\/43973\/revisions"}],"predecessor-version":[{"id":44185,"href":"https:\/\/hookahshop.lt\/en\/wp-json\/wp\/v2\/product\/43973\/revisions\/44185"}],"wp:featuredmedia":[{"embeddable":true,"href":"https:\/\/hookahshop.lt\/en\/wp-json\/wp\/v2\/media\/43993"}],"wp:attachment":[{"href":"https:\/\/hookahshop.lt\/en\/wp-json\/wp\/v2\/media?parent=43973"}],"curies":[{"name":"wp","href":"https:\/\/api.w.org\/{rel}","templated":true}]}}