{"id":44014,"date":"2025-12-11T14:12:40","date_gmt":"2025-12-11T12:12:40","guid":{"rendered":"https:\/\/hookahshop.lt\/?post_type=product&#038;p=44014"},"modified":"2026-04-15T23:29:40","modified_gmt":"2026-04-15T20:29:40","slug":"naturaliu-angliuku-uzkuriklis-ao-blazer-u","status":"publish","type":"product","link":"https:\/\/hookahshop.lt\/en\/product\/with-natural-carbon-fire-place-ao-blazer-u\/","title":{"rendered":"AO Blazer U charcoal lighter"},"content":{"rendered":"<h2>AO Blazer U charcoal lighter<\/h2>\n<p>It will help you conveniently heat up hookah coals, safer than other heating devices. This hob has a coal tray that protects the heating element from direct contact with coals, thus extending its life. Also, the coal tray is lifted with special tongs, which you already get with this hob. The bottom of the AO Blazer U has rubber feet to prevent slipping. The AO Blazer U cable is 150 cm. long. Capacity up to 20 coals up to 26mm in size. The coals heat up in an average of 10-12 minutes.<\/p>\n<p><strong>Technical data:<\/strong><br \/>\nPower: 1000W<br \/>\nHeight: 15.5cm<br \/>\nDiameter: 13.5cm<br \/>\nLength: 16.5cm<br \/>\nPlate size: ~ 15 x 14 cm<br \/>\nColor black<\/p>\n<p>Do you have any questions? contact us <a href=\"https:\/\/hookahshop.lt\/en\/contacts\/\">contacts page<\/a>\u00a0or email us at\u00a0<a href=\"https:\/\/facebook.com\/HookahShop.lt\/\" target=\"_blank\" rel=\"noopener noreferrer\">Facebook<\/a>\u00a0and we will respond to your request the same day.<\/p>","protected":false},"excerpt":{"rendered":"<p>Nat\u016brali\u0173 angliuk\u0173 u\u017ek\u016briklis AO Blazer U Jis pad\u0117s Jums patogiai u\u017ekaitinti kaljano anglis, saugesnis u\u017e kitus kaitinimo prietaisus. \u0160i kaitlent\u0117 turi angliuk\u0173 pad\u0117kliuk\u0105 kuris apsaugo kaitinimo element\u0105 nuo tiesioginio kontakto su angliukais taip prailgindamas jos gyvavimo laik\u0105. Taip pat angliuk\u0173 pad\u0117kliukas atsikelia su specialiomis \u017enypl\u0117mis, kurias jau gaunate su \u0161ia kaitlente. AO Blazer U dugne [&hellip;]<\/p>","protected":false},"featured_media":44071,"comment_status":"open","ping_status":"closed","template":"","meta":[],"_links":{"self":[{"href":"https:\/\/hookahshop.lt\/en\/wp-json\/wp\/v2\/product\/44014"}],"collection":[{"href":"https:\/\/hookahshop.lt\/en\/wp-json\/wp\/v2\/product"}],"about":[{"href":"https:\/\/hookahshop.lt\/en\/wp-json\/wp\/v2\/types\/product"}],"replies":[{"embeddable":true,"href":"https:\/\/hookahshop.lt\/en\/wp-json\/wp\/v2\/comments?post=44014"}],"version-history":[{"count":3,"href":"https:\/\/hookahshop.lt\/en\/wp-json\/wp\/v2\/product\/44014\/revisions"}],"predecessor-version":[{"id":44139,"href":"https:\/\/hookahshop.lt\/en\/wp-json\/wp\/v2\/product\/44014\/revisions\/44139"}],"wp:featuredmedia":[{"embeddable":true,"href":"https:\/\/hookahshop.lt\/en\/wp-json\/wp\/v2\/media\/44071"}],"wp:attachment":[{"href":"https:\/\/hookahshop.lt\/en\/wp-json\/wp\/v2\/media?parent=44014"}],"curies":[{"name":"wp","href":"https:\/\/api.w.org\/{rel}","templated":true}]}}