{"id":44062,"date":"2025-12-11T16:50:20","date_gmt":"2025-12-11T14:50:20","guid":{"rendered":"https:\/\/hookahshop.lt\/?post_type=product&#038;p=44062"},"modified":"2026-04-13T16:24:17","modified_gmt":"2026-04-13T13:24:17","slug":"individualus-kaljano-kandiklis-japona-kodo-white","status":"publish","type":"product","link":"https:\/\/hookahshop.lt\/en\/product\/individual-hookah-mouthpiece-japona-hookah-kodo-white\/","title":{"rendered":"Individual hookah mouthpiece JAPAN Kodo White"},"content":{"rendered":"<h2>Individual hookah mouthpiece JAPAN Kodo White<\/h2>\n<p>Designer mouthpiece, jewelry, American acrylic, bronze ring with Japona hookah logo. Textile cord.<\/p>\n<p><strong>Specifications:<\/strong><br \/>\nMaterial: acrylic and bronze<br \/>\nDiameter: 21mm<br \/>\nHeight: 52mm<br \/>\nColor: white and black<\/p>\n<p><strong>Equipment:<\/strong><br \/>\nIndividual mouthpiece<br \/>\nString<br \/>\nBag Japan<\/p>\n<p>Do you have any questions? contact us\u00a0<a href=\"https:\/\/hookahshop.lt\/en\/contacts\/\">contacts page<\/a>\u00a0or email us at\u00a0<a href=\"https:\/\/facebook.com\/HookahShop.lt\/\" target=\"_blank\" rel=\"noopener noreferrer\">Facebook<\/a>\u00a0and we will respond to your request the same day.<\/p>","protected":false},"excerpt":{"rendered":"<p>Individualus kaljano kandiklis JAPONA Kodo White Dizaineri\u0173 kurtas kandiklis, juvelyrinis dirbinys, amerikieti\u0161kas akrilas, bronzinis \u017eiedas su Japona hookah logotipu. Virvel\u0117 \u2013 tekstilin\u0117. Specifikacijos: Med\u017eiaga: akrilas ir bronza Skersmuo: 21mm Auk\u0161tis: 52mm Spalva: balta ir juoda Komplektacija: Individualus kandiklis Virvel\u0117 Mai\u0161elis Japona Turite klausim\u0173? Susisiekite su mumis\u00a0kontakt\u0173 puslapyje\u00a0arba para\u0161ykite mums \u012f\u00a0Facebook paskyr\u0105\u00a0ir atsakysime \u012f j\u016bs\u0173 u\u017eklaus\u0105 [&hellip;]<\/p>","protected":false},"featured_media":44122,"comment_status":"closed","ping_status":"closed","template":"","meta":[],"_links":{"self":[{"href":"https:\/\/hookahshop.lt\/en\/wp-json\/wp\/v2\/product\/44062"}],"collection":[{"href":"https:\/\/hookahshop.lt\/en\/wp-json\/wp\/v2\/product"}],"about":[{"href":"https:\/\/hookahshop.lt\/en\/wp-json\/wp\/v2\/types\/product"}],"replies":[{"embeddable":true,"href":"https:\/\/hookahshop.lt\/en\/wp-json\/wp\/v2\/comments?post=44062"}],"version-history":[{"count":6,"href":"https:\/\/hookahshop.lt\/en\/wp-json\/wp\/v2\/product\/44062\/revisions"}],"predecessor-version":[{"id":44174,"href":"https:\/\/hookahshop.lt\/en\/wp-json\/wp\/v2\/product\/44062\/revisions\/44174"}],"wp:featuredmedia":[{"embeddable":true,"href":"https:\/\/hookahshop.lt\/en\/wp-json\/wp\/v2\/media\/44122"}],"wp:attachment":[{"href":"https:\/\/hookahshop.lt\/en\/wp-json\/wp\/v2\/media?parent=44062"}],"curies":[{"name":"wp","href":"https:\/\/api.w.org\/{rel}","templated":true}]}}