{"id":44064,"date":"2025-12-11T16:53:21","date_gmt":"2025-12-11T14:53:21","guid":{"rendered":"https:\/\/hookahshop.lt\/?post_type=product&#038;p=44064"},"modified":"2026-04-12T23:29:35","modified_gmt":"2026-04-12T20:29:35","slug":"individualus-kaljano-kandiklis-capsule","status":"publish","type":"product","link":"https:\/\/hookahshop.lt\/en\/product\/individual-hookah-mouthpiece-capsule\/","title":{"rendered":"Individual hookah mouthpiece CAPSULE Various colors"},"content":{"rendered":"<h2>Individual hookah mouthpiece CAPSULE Various colors<\/h2>\n<p>With its steel tip, engraved surface and internal silicone hose, it ensures comfortable smoking. The compact capsule-shaped design makes it easy to carry.<\/p>\n<p><strong>Specifications:<\/strong><br \/>\nMaterial: stainless steel with carbon.<br \/>\nDiameter: 18mm<br \/>\nHeight: 66mm<br \/>\nColor: <em>There is an option to choose the colors of the mouthpieces: <strong>black, orange, blue, red<\/strong>.<\/em><br \/>\n<em>Please enter the desired color when ordering the product in the &quot;<strong>Notes<\/strong>&quot;.<\/em><\/p>\n<p><strong>Equipment:<\/strong><br \/>\nIndividual mouthpiece<br \/>\nChain<br \/>\nCapsule box<\/p>\n<p>Do you have any questions? contact us\u00a0<a href=\"https:\/\/hookahshop.lt\/en\/contacts\/\">contacts page<\/a>\u00a0or email us at\u00a0<a href=\"https:\/\/facebook.com\/HookahShop.lt\/\" target=\"_blank\" rel=\"noopener noreferrer\">Facebook<\/a>\u00a0and we will respond to your request the same day.<\/p>","protected":false},"excerpt":{"rendered":"<p>Individualus kaljano kandiklis CAPSULE \u012evairi\u0173 spalv\u0173 Su savo plieniniu antgaliu, graviruotu pavir\u0161iumi ir vidiniu silikonine \u017earna, jis u\u017etikrina komforti\u0161k\u0105 r\u016bkym\u0105. Kompakti\u0161kas kapsul\u0117s formos dizainas daro j\u012f lengvai ne\u0161iojam\u0105. Specifikacijos: Med\u017eiaga: ner\u016bdijantis plienas su karbonu. Skersmuo: 18mm Auk\u0161tis: 66mm Spalva: yra galimyb\u0117 pasirinkti kandikli\u0173 spalvas: juodas, oran\u017einis, m\u0117lynas, raudonas. Norim\u0105 spalv\u0105 \u012fra\u0161ykite u\u017esakant prek\u0119 \u012f skilt\u012f [&hellip;]<\/p>","protected":false},"featured_media":44104,"comment_status":"closed","ping_status":"closed","template":"","meta":[],"_links":{"self":[{"href":"https:\/\/hookahshop.lt\/en\/wp-json\/wp\/v2\/product\/44064"}],"collection":[{"href":"https:\/\/hookahshop.lt\/en\/wp-json\/wp\/v2\/product"}],"about":[{"href":"https:\/\/hookahshop.lt\/en\/wp-json\/wp\/v2\/types\/product"}],"replies":[{"embeddable":true,"href":"https:\/\/hookahshop.lt\/en\/wp-json\/wp\/v2\/comments?post=44064"}],"version-history":[{"count":8,"href":"https:\/\/hookahshop.lt\/en\/wp-json\/wp\/v2\/product\/44064\/revisions"}],"predecessor-version":[{"id":44173,"href":"https:\/\/hookahshop.lt\/en\/wp-json\/wp\/v2\/product\/44064\/revisions\/44173"}],"wp:featuredmedia":[{"embeddable":true,"href":"https:\/\/hookahshop.lt\/en\/wp-json\/wp\/v2\/media\/44104"}],"wp:attachment":[{"href":"https:\/\/hookahshop.lt\/en\/wp-json\/wp\/v2\/media?parent=44064"}],"curies":[{"name":"wp","href":"https:\/\/api.w.org\/{rel}","templated":true}]}}