{"id":44206,"date":"2025-12-15T15:44:38","date_gmt":"2025-12-15T13:44:38","guid":{"rendered":"https:\/\/hookahshop.lt\/?post_type=product&#038;p=44206"},"modified":"2026-04-17T23:30:03","modified_gmt":"2026-04-17T20:30:03","slug":"tarpine-karscio-kamerai-xkah-pro","status":"publish","type":"product","link":"https:\/\/hookahshop.lt\/en\/product\/gasket-for-hot-cameras-xkah-pro\/","title":{"rendered":"Gasket for XKAH Pro heat chamber"},"content":{"rendered":"<h2>Gasket for XKAH Pro heat chamber<\/h2>\n<p>Gasket for the XKAH Pro heat chamber. Made of thin, highly elastic silicone. Easily replaceable and ensures a tight and secure fit.<\/p>\n<p><strong>Specification:<\/strong><br \/>\nColor black<br \/>\nMaterial: silicone<\/p>\n<p><strong>Equipment:<\/strong><br \/>\n1 pc. Size S<br \/>\n1 pc. L size<\/p>\n<p>Do you have any questions? contact us\u00a0<a href=\"https:\/\/hookahshop.lt\/en\/contacts\/\">contacts page<\/a>\u00a0or email us at\u00a0<a href=\"https:\/\/facebook.com\/HookahShop.lt\/\" target=\"_blank\" rel=\"noopener\">Facebook<\/a>\u00a0and we will respond to your request the same day.<\/p>","protected":false},"excerpt":{"rendered":"<p>Tarpin\u0117 kar\u0161\u010dio kamerai XKAH Pro Tarpin\u0117, skirta XKAH Pro kar\u0161\u010dio kamerai. Pagaminta i\u0161 plono, labai tampraus silikono. Lengvai pakei\u010diamos ir u\u017etikrina tvirt\u0105 bei saug\u0173 prigludim\u0105. Specifikacija: Spalva: juoda Med\u017eiaga: silikonas Komplektacija: 1 vnt. S dydis 1 vnt. L dydis Turite klausim\u0173? Susisiekite su mumis\u00a0kontakt\u0173 puslapyje\u00a0arba para\u0161ykite mums \u012f\u00a0Facebook paskyr\u0105\u00a0ir atsakysime \u012f j\u016bs\u0173 u\u017eklaus\u0105 dar t\u0105 [&hellip;]<\/p>","protected":false},"featured_media":44216,"comment_status":"closed","ping_status":"closed","template":"","meta":[],"_links":{"self":[{"href":"https:\/\/hookahshop.lt\/en\/wp-json\/wp\/v2\/product\/44206"}],"collection":[{"href":"https:\/\/hookahshop.lt\/en\/wp-json\/wp\/v2\/product"}],"about":[{"href":"https:\/\/hookahshop.lt\/en\/wp-json\/wp\/v2\/types\/product"}],"replies":[{"embeddable":true,"href":"https:\/\/hookahshop.lt\/en\/wp-json\/wp\/v2\/comments?post=44206"}],"version-history":[{"count":8,"href":"https:\/\/hookahshop.lt\/en\/wp-json\/wp\/v2\/product\/44206\/revisions"}],"predecessor-version":[{"id":45708,"href":"https:\/\/hookahshop.lt\/en\/wp-json\/wp\/v2\/product\/44206\/revisions\/45708"}],"wp:featuredmedia":[{"embeddable":true,"href":"https:\/\/hookahshop.lt\/en\/wp-json\/wp\/v2\/media\/44216"}],"wp:attachment":[{"href":"https:\/\/hookahshop.lt\/en\/wp-json\/wp\/v2\/media?parent=44206"}],"curies":[{"name":"wp","href":"https:\/\/api.w.org\/{rel}","templated":true}]}}