{"id":44222,"date":"2025-12-17T16:00:15","date_gmt":"2025-12-17T14:00:15","guid":{"rendered":"https:\/\/hookahshop.lt\/?post_type=product&#038;p=44222"},"modified":"2026-05-03T23:30:40","modified_gmt":"2026-05-03T20:30:40","slug":"kaljanas-sway-base-onyx","status":"publish","type":"product","link":"https:\/\/hookahshop.lt\/en\/product\/hookah-sway-base-onyx\/","title":{"rendered":"Hookah SWAY Base Onyx"},"content":{"rendered":"<h2>Hookah SWAY Base Onyx<\/h2>\n<p>The dismountable hookah model makes it easy to use, maintain and transport. The hookah is made of the highest quality materials. The shaft is made of durable stainless steel, and the base is made of engineering polyacetal. Painted with matte polymer paint. Built-in diffuser (non-removable).<\/p>\n<p><strong>Specification:<\/strong><br \/>\nHeight: 49.5cm<br \/>\nMaterial: stainless steel, polyacetal<br \/>\nMagnetic connection<br \/>\nNon-removable diffuser<\/p>\n<p><strong>Equipment:<\/strong><br \/>\nHookah (shaft), mouthpiece, plate, hose<\/p>\n<picture><source srcset=\"https:\/\/hookahshop.lt\/wp-content\/webp-express\/webp-images\/uploads\/2020\/09\/stiebas-zarna-kandiklis-1-300x273.jpg.webp 300w, https:\/\/hookahshop.lt\/wp-content\/webp-express\/webp-images\/uploads\/2020\/09\/stiebas-zarna-kandiklis-1-13x12.jpg.webp 13w, https:\/\/hookahshop.lt\/wp-content\/webp-express\/webp-images\/uploads\/2020\/09\/stiebas-zarna-kandiklis-1-64x58.jpg.webp 64w, https:\/\/hookahshop.lt\/wp-content\/webp-express\/webp-images\/uploads\/2020\/09\/stiebas-zarna-kandiklis-1.jpg.webp 420w\" type=\"image\/webp\" sizes=\"(max-width: 300px) 100vw, 300px\" \/><img decoding=\"async\" loading=\"lazy\" class=\"alignnone size-medium wp-image-38521 webpexpress-processed\" title=\"Hookah YKAP Killer Classic Brown 1\" src=\"https:\/\/hookahshop.lt\/wp-content\/uploads\/2020\/09\/stiebas-zarna-kandiklis-1-300x273.jpg\" sizes=\"(max-width: 300px) 100vw, 300px\" srcset=\"https:\/\/hookahshop.lt\/wp-content\/uploads\/2020\/09\/stiebas-zarna-kandiklis-1-300x273.jpg 300w, https:\/\/hookahshop.lt\/wp-content\/uploads\/2020\/09\/stiebas-zarna-kandiklis-1-13x12.jpg 13w, https:\/\/hookahshop.lt\/wp-content\/uploads\/2020\/09\/stiebas-zarna-kandiklis-1-64x58.jpg 64w, https:\/\/hookahshop.lt\/wp-content\/uploads\/2020\/09\/stiebas-zarna-kandiklis-1.jpg 420w\" alt=\"stem hose mouthpiece 1 - hookahshop.lt\" width=\"300\" height=\"273\" \/><\/picture>\n<p>Do you have any questions? contact us\u00a0<a href=\"https:\/\/hookahshop.lt\/en\/contacts\/\">contacts page<\/a>\u00a0or email us at\u00a0<a href=\"https:\/\/facebook.com\/HookahShop.lt\/\" target=\"_blank\" rel=\"noopener noreferrer\">Facebook<\/a>\u00a0and we will respond to your request the same day.<\/p>","protected":false},"excerpt":{"rendered":"<p>Kaljanas SWAY Base Onyx I\u0161ardomas kaljano modelis leid\u017eia lengvai j\u012f naudoti, pri\u017ei\u016br\u0117ti ir transportuoti. Kaljanas pagamintas i\u0161 auk\u0161\u010diausios kokyb\u0117s med\u017eiag\u0173. \u0160achta pagaminta i\u0161 patvaraus ner\u016bdijan\u010dio plieno, o pagrindas \u2013 i\u0161 in\u017einerinio poliacetalio. Nuda\u017eytas matiniais polimeriniais da\u017eais. \u012emontuotas difuzorius (nenuimamas). Specifikacija: Auk\u0161tis: 49,5cm Med\u017eiaga: ner\u016bdijantis plienas, poliacetalis Magnetin\u0117 jungtis Nenuimamas difuzorius Komplektacija: Kaljanas (\u0161achta), kandiklis, l\u0117k\u0161t\u0117, [&hellip;]<\/p>","protected":false},"featured_media":44266,"comment_status":"closed","ping_status":"closed","template":"","meta":[],"_links":{"self":[{"href":"https:\/\/hookahshop.lt\/en\/wp-json\/wp\/v2\/product\/44222"}],"collection":[{"href":"https:\/\/hookahshop.lt\/en\/wp-json\/wp\/v2\/product"}],"about":[{"href":"https:\/\/hookahshop.lt\/en\/wp-json\/wp\/v2\/types\/product"}],"replies":[{"embeddable":true,"href":"https:\/\/hookahshop.lt\/en\/wp-json\/wp\/v2\/comments?post=44222"}],"version-history":[{"count":5,"href":"https:\/\/hookahshop.lt\/en\/wp-json\/wp\/v2\/product\/44222\/revisions"}],"predecessor-version":[{"id":44314,"href":"https:\/\/hookahshop.lt\/en\/wp-json\/wp\/v2\/product\/44222\/revisions\/44314"}],"wp:featuredmedia":[{"embeddable":true,"href":"https:\/\/hookahshop.lt\/en\/wp-json\/wp\/v2\/media\/44266"}],"wp:attachment":[{"href":"https:\/\/hookahshop.lt\/en\/wp-json\/wp\/v2\/media?parent=44222"}],"curies":[{"name":"wp","href":"https:\/\/api.w.org\/{rel}","templated":true}]}}