{"id":44661,"date":"2026-01-23T13:06:24","date_gmt":"2026-01-23T11:06:24","guid":{"rendered":"https:\/\/hookahshop.lt\/?post_type=product&#038;p=44661"},"modified":"2026-04-19T23:30:25","modified_gmt":"2026-04-19T20:30:25","slug":"karscio-kamera-aroma-hookah","status":"publish","type":"product","link":"https:\/\/hookahshop.lt\/en\/product\/hot-chamber-aroma-hookah\/","title":{"rendered":"AROMA HOOKAH heat chamber"},"content":{"rendered":"<h2>AROMA HOOKAH heat chamber<\/h2>\n<p>Made of aluminum. Designed with optimal wall thickness and shape. The bottom conducts heat well, but at the same time prevents the hookah mixture from overheating. The accessory is a great combination with Aroma Hookah hookahs and is suitable for all popular cups on the market.<\/p>\n<p><strong>Specifications:<\/strong><br \/>\nMaterial: aluminum<br \/>\nColor: silver<br \/>\nDiameter (outside): 7.4cm<br \/>\nDiameter (inner): 6.5cm<br \/>\nHeight: 2.5cm<br \/>\nWeight: 55g.<br \/>\nCapacity: up to 2 coals with a diameter of up to 27 mm<\/p>\n<p>Do you have any questions? contact us\u00a0<a href=\"https:\/\/hookahshop.lt\/en\/contacts\/\">contacts page<\/a>\u00a0or email us at\u00a0<a href=\"https:\/\/facebook.com\/HookahShop.lt\/\" target=\"_blank\" rel=\"noopener noreferrer\">Facebook<\/a>\u00a0and we will respond to your request the same day.<\/p>","protected":false},"excerpt":{"rendered":"<p>Kar\u0161\u010dio kamera AROMA HOOKAH Pagaminta i\u0161 aliuminio. Sukurta su optimaliu sieneli\u0173 storiu ir forma. Apa\u010dia gerai praleid\u017eia \u0161ilum\u0105, ta\u010diau tuo pa\u010diu metu neleid\u017eia kaljano mi\u0161iniui perkaisti. Aksesuaras puikus derinys su Aroma Hookah kaljanais ir tinka visoms popiuliarioms taurel\u0117ms rinkoje. Specifikacijos: Med\u017eiaga: aliuminis Spalva: sidabrin\u0117 Skersmuo (i\u0161or\u0117): 7,4cm Skersmuo (vidus): 6,5cm Auk\u0161tis: 2,5cm Svoris: 55g. Talpa: [&hellip;]<\/p>","protected":false},"featured_media":44737,"comment_status":"closed","ping_status":"closed","template":"","meta":[],"_links":{"self":[{"href":"https:\/\/hookahshop.lt\/en\/wp-json\/wp\/v2\/product\/44661"}],"collection":[{"href":"https:\/\/hookahshop.lt\/en\/wp-json\/wp\/v2\/product"}],"about":[{"href":"https:\/\/hookahshop.lt\/en\/wp-json\/wp\/v2\/types\/product"}],"replies":[{"embeddable":true,"href":"https:\/\/hookahshop.lt\/en\/wp-json\/wp\/v2\/comments?post=44661"}],"version-history":[{"count":5,"href":"https:\/\/hookahshop.lt\/en\/wp-json\/wp\/v2\/product\/44661\/revisions"}],"predecessor-version":[{"id":45183,"href":"https:\/\/hookahshop.lt\/en\/wp-json\/wp\/v2\/product\/44661\/revisions\/45183"}],"wp:featuredmedia":[{"embeddable":true,"href":"https:\/\/hookahshop.lt\/en\/wp-json\/wp\/v2\/media\/44737"}],"wp:attachment":[{"href":"https:\/\/hookahshop.lt\/en\/wp-json\/wp\/v2\/media?parent=44661"}],"curies":[{"name":"wp","href":"https:\/\/api.w.org\/{rel}","templated":true}]}}