{"id":44663,"date":"2026-01-23T15:04:00","date_gmt":"2026-01-23T13:04:00","guid":{"rendered":"https:\/\/hookahshop.lt\/?post_type=product&#038;p=44663"},"modified":"2026-04-19T23:30:25","modified_gmt":"2026-04-19T20:30:25","slug":"taurele-kaljanui-oblako-turk","status":"publish","type":"product","link":"https:\/\/hookahshop.lt\/en\/product\/cup-for-hookah-cloud-turk\/","title":{"rendered":"Hookah cup OBLAKO Turk"},"content":{"rendered":"<h2>Hookah cup OBLAKO Turk<\/h2>\n<p>This is a classic clay Turkish style cup, made of high quality clay and fired with milk. It has a dense structure with a characteristic protective film on the surface. The clay effectively retains heat and ensures even heating of tobacco. The shape of the Turkish cup is suitable for all types of tobacco.<br \/>\nTobacco capacity: 15-20g. (depending on the packaging method used and the type of tobacco).<\/p>\n<p><strong>Specifications:<\/strong><br \/>\nHeight: 88 mm<br \/>\nDiameter (outer): 75 mm<br \/>\nDiameter (inner): 58 mm<br \/>\nDepth: 22 mm<br \/>\nNumber of holes: 5<br \/>\nWeight: about 260g.<\/p>\n<p>Do you have any questions? contact us\u00a0<a href=\"https:\/\/hookahshop.lt\/en\/contacts\/\">contacts page<\/a>\u00a0or email us at\u00a0<a href=\"https:\/\/facebook.com\/HookahShop.lt\/\" target=\"_blank\" rel=\"noopener noreferrer\">Facebook<\/a>\u00a0and we will respond to your request the same day.<\/p>","protected":false},"excerpt":{"rendered":"<p>Taurel\u0117 kaljanui OBLAKO Turk Tai klasikin\u0117 molin\u0117 turkish stiliaus taurel\u0117, pagaminta i\u0161 auk\u0161tos kokyb\u0117s molio ir deginta pienu. Turi tanki\u0105 strukt\u016br\u0105 su b\u016bdinga apsaugine pl\u0117vele pavir\u0161iuje. Molis efektyviai i\u0161laiko \u0161ilum\u0105 ir u\u017etikrina tolyg\u0173 tabako kaitim\u0105. Turkish taurel\u0117s forma tinka vis\u0173 r\u016b\u0161i\u0173 tabakui. Tabako talpa: 15-20g. (atsi\u017evelgiant \u012f naudojam\u0105 pakavimo b\u016bd\u0105 ir tabako r\u016b\u0161\u012f). Specifikacijos: Auk\u0161tis: [&hellip;]<\/p>","protected":false},"featured_media":44717,"comment_status":"closed","ping_status":"closed","template":"","meta":[],"_links":{"self":[{"href":"https:\/\/hookahshop.lt\/en\/wp-json\/wp\/v2\/product\/44663"}],"collection":[{"href":"https:\/\/hookahshop.lt\/en\/wp-json\/wp\/v2\/product"}],"about":[{"href":"https:\/\/hookahshop.lt\/en\/wp-json\/wp\/v2\/types\/product"}],"replies":[{"embeddable":true,"href":"https:\/\/hookahshop.lt\/en\/wp-json\/wp\/v2\/comments?post=44663"}],"version-history":[{"count":7,"href":"https:\/\/hookahshop.lt\/en\/wp-json\/wp\/v2\/product\/44663\/revisions"}],"predecessor-version":[{"id":44761,"href":"https:\/\/hookahshop.lt\/en\/wp-json\/wp\/v2\/product\/44663\/revisions\/44761"}],"wp:featuredmedia":[{"embeddable":true,"href":"https:\/\/hookahshop.lt\/en\/wp-json\/wp\/v2\/media\/44717"}],"wp:attachment":[{"href":"https:\/\/hookahshop.lt\/en\/wp-json\/wp\/v2\/media?parent=44663"}],"curies":[{"name":"wp","href":"https:\/\/api.w.org\/{rel}","templated":true}]}}