{"id":44731,"date":"2026-01-23T15:09:42","date_gmt":"2026-01-23T13:09:42","guid":{"rendered":"https:\/\/hookahshop.lt\/?post_type=product&#038;p=44731"},"modified":"2026-04-19T23:30:25","modified_gmt":"2026-04-19T20:30:25","slug":"kolba-kaljanui-craft-crystal-transparent","status":"publish","type":"product","link":"https:\/\/hookahshop.lt\/en\/product\/flask-for-hookah-craft-crystal-transparent\/","title":{"rendered":"Hookah flask CRAFT Crystal Transparent"},"content":{"rendered":"<h2>Hookah flask CRAFT Crystal Transparent<\/h2>\n<p>It is a conical transparent flask with a standard gasket-shaped connection.<\/p>\n<p><strong>Specification:<\/strong><br \/>\nHeight: 265 mm<br \/>\nWeight: ~ 2080 g<br \/>\nOuter neck diameter: 70 mm<br \/>\nInner neck diameter: 45 mm<br \/>\nProduct material: clear glass.<\/p>\n<p>Do you have any questions? contact us\u00a0<a href=\"https:\/\/hookahshop.lt\/en\/contacts\/\">contacts page<\/a>\u00a0or email us at\u00a0<a href=\"https:\/\/facebook.com\/HookahShop.lt\/\" target=\"_blank\" rel=\"noopener noreferrer\">Facebook<\/a>\u00a0and we will respond to your request the same day.<\/p>","protected":false},"excerpt":{"rendered":"<p>Kolba kaljanui CRAFT Crystal Transparent Tai k\u016bgio formos skaidri kolba, turinti standartine tarpin\u0117s formos jungt\u012f. Specifikacija: Auk\u0161tis: 265 mm Svoris: ~ 2080 g I\u0161orinis kaklelio skersmuo: 70 mm Vidinis kaklelio skersmuo: 45 mm Produkto med\u017eiaga: skaidrus stiklas. Turite klausim\u0173? Susisiekite su mumis\u00a0kontakt\u0173 puslapyje\u00a0arba para\u0161ykite mums \u012f\u00a0Facebook paskyr\u0105\u00a0ir atsakysime \u012f j\u016bs\u0173 u\u017eklaus\u0105 dar t\u0105 pa\u010di\u0105 dien\u0105.<\/p>","protected":false},"featured_media":44716,"comment_status":"closed","ping_status":"closed","template":"","meta":[],"_links":{"self":[{"href":"https:\/\/hookahshop.lt\/en\/wp-json\/wp\/v2\/product\/44731"}],"collection":[{"href":"https:\/\/hookahshop.lt\/en\/wp-json\/wp\/v2\/product"}],"about":[{"href":"https:\/\/hookahshop.lt\/en\/wp-json\/wp\/v2\/types\/product"}],"replies":[{"embeddable":true,"href":"https:\/\/hookahshop.lt\/en\/wp-json\/wp\/v2\/comments?post=44731"}],"version-history":[{"count":7,"href":"https:\/\/hookahshop.lt\/en\/wp-json\/wp\/v2\/product\/44731\/revisions"}],"predecessor-version":[{"id":45581,"href":"https:\/\/hookahshop.lt\/en\/wp-json\/wp\/v2\/product\/44731\/revisions\/45581"}],"wp:featuredmedia":[{"embeddable":true,"href":"https:\/\/hookahshop.lt\/en\/wp-json\/wp\/v2\/media\/44716"}],"wp:attachment":[{"href":"https:\/\/hookahshop.lt\/en\/wp-json\/wp\/v2\/media?parent=44731"}],"curies":[{"name":"wp","href":"https:\/\/api.w.org\/{rel}","templated":true}]}}