{"id":44779,"date":"2026-01-29T09:35:41","date_gmt":"2026-01-29T07:35:41","guid":{"rendered":"https:\/\/hookahshop.lt\/?post_type=product&#038;p=44779"},"modified":"2026-04-06T23:29:42","modified_gmt":"2026-04-06T20:29:42","slug":"individualus-kaljano-kandiklis-darkside-d-stick-grey","status":"publish","type":"product","link":"https:\/\/hookahshop.lt\/en\/product\/custom-hookah-mouthpiece-darkside-d-stick-grey\/","title":{"rendered":"Individual hookah mouthpiece DARKSIDE D Stick Grey"},"content":{"rendered":"<h2>Individual hookah mouthpiece DARKSIDE D Stick Grey<\/h2>\n<p>Due to the silicone insert, it fits any hookah mouthpiece, has a cover. Personal mouthpiece with magnetic case and lanyard - you can always carry the mouthpiece with you. Made of durable and pleasant-to-the-touch materials, the silicone seal will fit any other mouthpiece.<\/p>\n<p><strong>Specifications:<\/strong><br \/>\nLength: 62mm<br \/>\nDiameter: 26mm<br \/>\nMaterial: polyacetal, silicone.<br \/>\nColor: gray<\/p>\n<p><strong>Equipment:<\/strong><br \/>\nIndividual mouthpiece with string<br \/>\nBranded Darkside box<\/p>\n<p>Do you have any questions? contact us\u00a0<a href=\"https:\/\/hookahshop.lt\/en\/contacts\/\">contacts page<\/a>\u00a0or email us at\u00a0<a href=\"https:\/\/facebook.com\/HookahShop.lt\/\" target=\"_blank\" rel=\"noopener\">Facebook<\/a>\u00a0and we will respond to your request the same day.<\/p>","protected":false},"excerpt":{"rendered":"<p>Individualus kaljano kandiklis DARKSIDE D Stick Grey D\u0117l silikoninio intarpo tinka prie bet kurio kaljano kandiklio, turi dangtel\u012f. Asmeninis kandiklis su magnetiniu d\u0117klu ir rai\u0161teliu \u2013 kandikl\u012f visada galite ne\u0161iotis su savimi. Pagaminta i\u0161 patvari\u0173 ir maloni\u0173 liesti med\u017eiag\u0173, o silikoninis sandariklis tiks prie bet kurio kito kandiklio. Specifikacijos: Ilgis: 62mm Skersmuo: 26mm Med\u017eiaga: poliacetalis, [&hellip;]<\/p>","protected":false},"featured_media":44790,"comment_status":"closed","ping_status":"closed","template":"","meta":[],"_links":{"self":[{"href":"https:\/\/hookahshop.lt\/en\/wp-json\/wp\/v2\/product\/44779"}],"collection":[{"href":"https:\/\/hookahshop.lt\/en\/wp-json\/wp\/v2\/product"}],"about":[{"href":"https:\/\/hookahshop.lt\/en\/wp-json\/wp\/v2\/types\/product"}],"replies":[{"embeddable":true,"href":"https:\/\/hookahshop.lt\/en\/wp-json\/wp\/v2\/comments?post=44779"}],"version-history":[{"count":4,"href":"https:\/\/hookahshop.lt\/en\/wp-json\/wp\/v2\/product\/44779\/revisions"}],"predecessor-version":[{"id":44817,"href":"https:\/\/hookahshop.lt\/en\/wp-json\/wp\/v2\/product\/44779\/revisions\/44817"}],"wp:featuredmedia":[{"embeddable":true,"href":"https:\/\/hookahshop.lt\/en\/wp-json\/wp\/v2\/media\/44790"}],"wp:attachment":[{"href":"https:\/\/hookahshop.lt\/en\/wp-json\/wp\/v2\/media?parent=44779"}],"curies":[{"name":"wp","href":"https:\/\/api.w.org\/{rel}","templated":true}]}}