{"id":44910,"date":"2026-02-17T12:51:02","date_gmt":"2026-02-17T10:51:02","guid":{"rendered":"https:\/\/hookahshop.lt\/?post_type=product&#038;p=44910"},"modified":"2026-04-21T23:30:33","modified_gmt":"2026-04-21T20:30:33","slug":"kaljano-kandiklis-darkside-d-stick-base","status":"publish","type":"product","link":"https:\/\/hookahshop.lt\/en\/product\/hookah-mouthpiece-darkside-d-stick-base\/","title":{"rendered":"Individual hookah mouthpiece DARKSIDE D Stick Base"},"content":{"rendered":"<h2 data-start=\"0\" data-end=\"272\">Individual hookah mouthpiece DARKSIDE D Stick Base<\/h2>\n<p data-start=\"0\" data-end=\"272\">A personal hookah mouthpiece with a lanyard for cleaner and more comfortable smoking. The ergonomic shape fits comfortably in your hand, and the universal connector fits most modern mouthpieces. The lanyard allows for convenient carrying between puffs.<\/p>\n<p data-start=\"274\" data-end=\"429\"><strong data-start=\"274\" data-end=\"292\">Specification:<\/strong><br data-start=\"292\" data-end=\"295\" \/>Material: polymer<br data-start=\"314\" data-end=\"317\" data-is-only-node=\"\" \/>Cord: polyester<br data-start=\"337\" data-end=\"340\" \/>Color black<br data-start=\"393\" data-end=\"396\" \/>Easily washable and reusable<\/p>\n<p data-start=\"431\" data-end=\"513\" data-is-last-node=\"\" data-is-only-node=\"\">Do you have any questions? contact us\u00a0<a href=\"https:\/\/hookahshop.lt\/en\/contacts\/\">contacts page<\/a>\u00a0or email us at\u00a0<a href=\"https:\/\/facebook.com\/HookahShop.lt\/\" target=\"_blank\" rel=\"noopener noreferrer\">Facebook<\/a>\u00a0and we will respond to your request the same day.<\/p>","protected":false},"excerpt":{"rendered":"<p>Individualus kaljano kandiklis DARKSIDE D Stick Base Asmeninis kaljano kandiklio antgalis su virvele, skirtas \u0161varesniam ir patogesniam r\u016bkymui. Ergonomi\u0161ka forma patogiai laikosi rankoje, o universali jungtis tinka daugumai \u0161iuolaikini\u0173 kandikli\u0173. Virvel\u0117 leid\u017eia patogiai ne\u0161iotis tarp traukim\u0173. Specifikacija:Med\u017eiaga: polimerasVirvel\u0117: poliesterisSpalva: juodaLengvai plaunamas ir daugkartinis Turite klausim\u0173? Susisiekite su mumis\u00a0kontakt\u0173 puslapyje\u00a0arba para\u0161ykite mums \u012f\u00a0Facebook paskyr\u0105\u00a0ir atsakysime \u012f [&hellip;]<\/p>","protected":false},"featured_media":44882,"comment_status":"closed","ping_status":"closed","template":"","meta":[],"_links":{"self":[{"href":"https:\/\/hookahshop.lt\/en\/wp-json\/wp\/v2\/product\/44910"}],"collection":[{"href":"https:\/\/hookahshop.lt\/en\/wp-json\/wp\/v2\/product"}],"about":[{"href":"https:\/\/hookahshop.lt\/en\/wp-json\/wp\/v2\/types\/product"}],"replies":[{"embeddable":true,"href":"https:\/\/hookahshop.lt\/en\/wp-json\/wp\/v2\/comments?post=44910"}],"version-history":[{"count":2,"href":"https:\/\/hookahshop.lt\/en\/wp-json\/wp\/v2\/product\/44910\/revisions"}],"predecessor-version":[{"id":44984,"href":"https:\/\/hookahshop.lt\/en\/wp-json\/wp\/v2\/product\/44910\/revisions\/44984"}],"wp:featuredmedia":[{"embeddable":true,"href":"https:\/\/hookahshop.lt\/en\/wp-json\/wp\/v2\/media\/44882"}],"wp:attachment":[{"href":"https:\/\/hookahshop.lt\/en\/wp-json\/wp\/v2\/media?parent=44910"}],"curies":[{"name":"wp","href":"https:\/\/api.w.org\/{rel}","templated":true}]}}