{"id":44914,"date":"2026-02-17T14:11:17","date_gmt":"2026-02-17T12:11:17","guid":{"rendered":"https:\/\/hookahshop.lt\/?post_type=product&#038;p=44914"},"modified":"2026-04-06T23:29:42","modified_gmt":"2026-04-06T20:29:42","slug":"kolba-kaljanui-darkside-d-glass-grey","status":"publish","type":"product","link":"https:\/\/hookahshop.lt\/en\/product\/flask-for-hookah-darkside-d-glass-grey\/","title":{"rendered":"Hookah flask DARKSIDE D-Glass Grey"},"content":{"rendered":"<h2 class=\"serp-title\">Hookah flask DARKSIDE D-Glass Grey<\/h2>\n<p>This is a gray, glass flask. It goes perfectly with Darkside hookahs.<\/p>\n<p><strong><span title=\"\">Specifications:<\/span><\/strong><br \/>\nHeight: 250 mm<br \/>\nWeight: ~ 1520 g<br \/>\nOuter neck diameter: 70 mm<br \/>\nInner neck diameter: 47 mm<br \/>\nProduct material: glass<\/p>\n<p>Do you have any questions? contact us\u00a0<a href=\"https:\/\/hookahshop.lt\/en\/contacts\/\">contacts page<\/a>\u00a0or email us at\u00a0<a href=\"https:\/\/facebook.com\/HookahShop.lt\/\" target=\"_blank\" rel=\"noopener noreferrer\">Facebook<\/a>\u00a0and we will respond to your request the same day.<\/p>","protected":false},"excerpt":{"rendered":"<p>Kolba kaljanui DARKSIDE D-Glass Grey Tai pilka, stiklin\u0117 kolba. Puikiai tinka su Darkside kaljanais. Specifikacijos: Auk\u0161tis: 250 mm Svoris: ~ 1520 g I\u0161orinis kaklelio skersmuo: 70 mm Vidinis kaklelio skersmuo: 47 mm Produkto med\u017eiaga: stiklas Turite klausim\u0173? Susisiekite su mumis\u00a0kontakt\u0173 puslapyje\u00a0arba para\u0161ykite mums \u012f\u00a0Facebook paskyr\u0105\u00a0ir atsakysime \u012f j\u016bs\u0173 u\u017eklaus\u0105 dar t\u0105 pa\u010di\u0105 dien\u0105.<\/p>","protected":false},"featured_media":44884,"comment_status":"closed","ping_status":"closed","template":"","meta":[],"_links":{"self":[{"href":"https:\/\/hookahshop.lt\/en\/wp-json\/wp\/v2\/product\/44914"}],"collection":[{"href":"https:\/\/hookahshop.lt\/en\/wp-json\/wp\/v2\/product"}],"about":[{"href":"https:\/\/hookahshop.lt\/en\/wp-json\/wp\/v2\/types\/product"}],"replies":[{"embeddable":true,"href":"https:\/\/hookahshop.lt\/en\/wp-json\/wp\/v2\/comments?post=44914"}],"version-history":[{"count":5,"href":"https:\/\/hookahshop.lt\/en\/wp-json\/wp\/v2\/product\/44914\/revisions"}],"predecessor-version":[{"id":45283,"href":"https:\/\/hookahshop.lt\/en\/wp-json\/wp\/v2\/product\/44914\/revisions\/45283"}],"wp:featuredmedia":[{"embeddable":true,"href":"https:\/\/hookahshop.lt\/en\/wp-json\/wp\/v2\/media\/44884"}],"wp:attachment":[{"href":"https:\/\/hookahshop.lt\/en\/wp-json\/wp\/v2\/media?parent=44914"}],"curies":[{"name":"wp","href":"https:\/\/api.w.org\/{rel}","templated":true}]}}