{"id":45223,"date":"2026-02-24T14:54:14","date_gmt":"2026-02-24T12:54:14","guid":{"rendered":"https:\/\/hookahshop.lt\/?post_type=product&#038;p=45223"},"modified":"2026-04-05T23:29:45","modified_gmt":"2026-04-05T20:29:45","slug":"apatine-dalis-karscio-kamerai-xkah-pro","status":"publish","type":"product","link":"https:\/\/hookahshop.lt\/en\/product\/lower-part-for-hot-camera-xkah-pro\/","title":{"rendered":"Bottom part for XKAH Pro Graphite heat chamber"},"content":{"rendered":"<h2 data-start=\"0\" data-end=\"65\">Bottom part for XKAH Pro Graphite heat chamber<\/h2>\n<p data-start=\"0\" data-end=\"65\">The bottom part for the XKAH Pro Graphite heat chamber is an original replacement part designed to replace a damaged or worn bottom section of the device. If the bottom part of your XKAH Pro has been damaged, this spare part will allow you to quickly and easily restore full functionality of the device without purchasing a new device.<\/p>\n<p data-start=\"544\" data-end=\"634\">This is an economical and practical solution that ensures a longer service life of the device.<\/p>\n<p data-start=\"67\" data-end=\"166\"><strong data-start=\"67\" data-end=\"79\">Specification:<\/strong><br data-start=\"88\" data-end=\"91\" \/>Part<strong data-start=\"91\" data-end=\"101\">:<\/strong> Lower part (lower section)<br data-start=\"133\" data-end=\"136\" \/>Color<strong data-start=\"136\" data-end=\"147\">:<\/strong> Graphite<\/p>\n<p data-start=\"67\" data-end=\"166\">Do you have any questions? contact us\u00a0<a href=\"https:\/\/hookahshop.lt\/en\/contacts\/\">contacts page<\/a>\u00a0or email us at\u00a0<a href=\"https:\/\/facebook.com\/HookahShop.lt\/\" target=\"_blank\" rel=\"noopener noreferrer\">Facebook<\/a>\u00a0and we will respond to your request the same day.<\/p>","protected":false},"excerpt":{"rendered":"<p>Apatin\u0117 dalis kar\u0161\u010dio kamerai XKAH Pro Graphite Apatin\u0117 dalis kar\u0161\u010dio kamerai XKAH Pro Graphite \u2013 tai originali kei\u010diama detal\u0117, skirta pa\u017eeistai arba susid\u0117v\u0117jusiai apatinei \u012frenginio sekcijai pakeisti. Jei j\u016bs\u0173 XKAH Pro apatin\u0117 dalis buvo pa\u017eeista, \u0161i atsargin\u0117 dalis leis greitai ir paprastai atkurti piln\u0105 \u012frenginio funkcionalum\u0105, neperkant naujo \u012frenginio. Tai ekonomi\u0161kas ir prakti\u0161kas sprendimas, u\u017etikrinantis [&hellip;]<\/p>","protected":false},"featured_media":45224,"comment_status":"closed","ping_status":"closed","template":"","meta":[],"_links":{"self":[{"href":"https:\/\/hookahshop.lt\/en\/wp-json\/wp\/v2\/product\/45223"}],"collection":[{"href":"https:\/\/hookahshop.lt\/en\/wp-json\/wp\/v2\/product"}],"about":[{"href":"https:\/\/hookahshop.lt\/en\/wp-json\/wp\/v2\/types\/product"}],"replies":[{"embeddable":true,"href":"https:\/\/hookahshop.lt\/en\/wp-json\/wp\/v2\/comments?post=45223"}],"version-history":[{"count":6,"href":"https:\/\/hookahshop.lt\/en\/wp-json\/wp\/v2\/product\/45223\/revisions"}],"predecessor-version":[{"id":45240,"href":"https:\/\/hookahshop.lt\/en\/wp-json\/wp\/v2\/product\/45223\/revisions\/45240"}],"wp:featuredmedia":[{"embeddable":true,"href":"https:\/\/hookahshop.lt\/en\/wp-json\/wp\/v2\/media\/45224"}],"wp:attachment":[{"href":"https:\/\/hookahshop.lt\/en\/wp-json\/wp\/v2\/media?parent=45223"}],"curies":[{"name":"wp","href":"https:\/\/api.w.org\/{rel}","templated":true}]}}