{"id":45500,"date":"2026-03-31T15:08:13","date_gmt":"2026-03-31T12:08:13","guid":{"rendered":"https:\/\/hookahshop.lt\/?post_type=product&#038;p=45500"},"modified":"2026-04-20T23:29:44","modified_gmt":"2026-04-20T20:29:44","slug":"kaljanas-aladin-alux-captain-shiny-black","status":"publish","type":"product","link":"https:\/\/hookahshop.lt\/en\/product\/hookah-aladin-alux-captain-shiny-black\/","title":{"rendered":"Hookah ALADIN Alux Captain Shiny Black"},"content":{"rendered":"<h2>Hookah ALADIN Alux Captain Shiny Black<\/h2>\n<p>Thanks to its compact size (selected), it is the ideal travel companion for those who want to have a quality product on the go.<\/p>\n<p><strong>Specification:<\/strong><sub><br \/>\n<\/sub>Height: 50cm<sub><br \/>\n<\/sub>Material (external): anodized aluminum<sub><br \/>\n<\/sub>Material (internal): stainless steel (Bottom of the pole in contact with water)<sub><br \/>\n<\/sub>Flask: with a thread that connects the flask and the hookah shaft with a 360 degree rotation.<br \/>\nTraction: heavy (classic)<br \/>\nDiffuser: none<\/p>\n<p><strong>The set includes:<\/strong><br \/>\n- Hookah,<br \/>\n- Threaded flask,<br \/>\n- Pliers,<br \/>\n- Silicone hose (Soft touch) with nozzles<br \/>\n- Cup<br \/>\n\u2013 Chimney.<\/p>\n<p><img decoding=\"async\" loading=\"lazy\" class=\"alignnone size-medium wp-image-38491 webpexpress-processed\" title=\"Hookah ALADIN Alux Admiral Silver 1\" src=\"https:\/\/hookahshop.lt\/wp-content\/uploads\/2021\/02\/aladinu-komplektacija-300x273.jpg\" alt=\"Aladdin set - hookahshop.lt\" width=\"300\" height=\"273\" srcset=\"https:\/\/hookahshop.lt\/wp-content\/uploads\/2021\/02\/aladinu-komplektacija-300x273.jpg 300w, https:\/\/hookahshop.lt\/wp-content\/uploads\/2021\/02\/aladinu-komplektacija-13x12.jpg 13w, https:\/\/hookahshop.lt\/wp-content\/uploads\/2021\/02\/aladinu-komplektacija-64x58.jpg 64w, https:\/\/hookahshop.lt\/wp-content\/uploads\/2021\/02\/aladinu-komplektacija.jpg 420w\" sizes=\"(max-width: 300px) 100vw, 300px\" \/><\/p>\n<p>Do you have any questions? contact us\u00a0<a href=\"https:\/\/hookahshop.lt\/en\/contacts\/\">contacts page<\/a>\u00a0or email us at\u00a0<a href=\"https:\/\/facebook.com\/HookahShop.lt\/\" target=\"_blank\" rel=\"noopener\">Facebook<\/a>\u00a0and we will respond to your request the same day.<\/p>","protected":false},"excerpt":{"rendered":"<p>Kaljanas ALADIN Alux Captain Shiny Black Kompakti\u0161ko dyd\u017eio d\u0117ka (i\u0161rinktas) jis yra idealus kelion\u0117s kompanionas tiems, kurie nori tur\u0117ti kokybi\u0161k\u0105 produkt\u0105 kelyje. Specifikacija: Auk\u0161tis: 50cm Med\u017eiaga (i\u0161or\u0117s): anoduotas aliuminis Med\u017eiaga (vidaus): ner\u016bdyjan\u010dio plieno (Stiebo apatin\u0117 dalis kuri lie\u010diasi su vandeniu) Kolba: su sriegiu, kuri sujungia kolba ir kaljano \u0161acht\u0105 360 pasukimu. Trauka: sunki (klasikin\u0117) Difuzorius: [&hellip;]<\/p>","protected":false},"featured_media":45501,"comment_status":"closed","ping_status":"closed","template":"","meta":[],"_links":{"self":[{"href":"https:\/\/hookahshop.lt\/en\/wp-json\/wp\/v2\/product\/45500"}],"collection":[{"href":"https:\/\/hookahshop.lt\/en\/wp-json\/wp\/v2\/product"}],"about":[{"href":"https:\/\/hookahshop.lt\/en\/wp-json\/wp\/v2\/types\/product"}],"replies":[{"embeddable":true,"href":"https:\/\/hookahshop.lt\/en\/wp-json\/wp\/v2\/comments?post=45500"}],"version-history":[{"count":3,"href":"https:\/\/hookahshop.lt\/en\/wp-json\/wp\/v2\/product\/45500\/revisions"}],"predecessor-version":[{"id":45771,"href":"https:\/\/hookahshop.lt\/en\/wp-json\/wp\/v2\/product\/45500\/revisions\/45771"}],"wp:featuredmedia":[{"embeddable":true,"href":"https:\/\/hookahshop.lt\/en\/wp-json\/wp\/v2\/media\/45501"}],"wp:attachment":[{"href":"https:\/\/hookahshop.lt\/en\/wp-json\/wp\/v2\/media?parent=45500"}],"curies":[{"name":"wp","href":"https:\/\/api.w.org\/{rel}","templated":true}]}}