{"id":45550,"date":"2026-04-01T13:38:04","date_gmt":"2026-04-01T10:38:04","guid":{"rendered":"https:\/\/hookahshop.lt\/?post_type=product&#038;p=45550"},"modified":"2026-04-26T23:30:23","modified_gmt":"2026-04-26T20:30:23","slug":"kaitlente-kaljano-anglims-smoke2u-500w","status":"publish","type":"product","link":"https:\/\/hookahshop.lt\/en\/product\/hookah-coal-hob-hotplate-smoke2u-500w\/","title":{"rendered":"Hotplate for hookah coals SMOKE2U 500W"},"content":{"rendered":"<h2>Hotplate for hookah coals SMOKE2U 500W<\/h2>\n<div class=\"product_inf_options_box_odd_row_val\">This is a small hotplate for heating natural coconut charcoal. The charcoal will lie safely on the charcoal grate and protect the heating element. This ensures the service life of the charcoal lighter.<\/div>\n<div><\/div>\n<div class=\"product_inf_options_box_odd_row_val\"><strong>Specification:<\/strong><br \/>\nCapacity: up to 4 hookah coals (26x26x26mm)<br \/>\nPower: 500W<br \/>\nPower cord: 1 m.<br \/>\nVoltage: 230V ~ 50Hz<\/div>\n<div class=\"product_inf_options_box_odd_row_val\">Temperature: adjustable<br \/>\nSafety: Overheat protection, CE checked<\/p>\n<div>Coal heating time: ~10min.<\/div>\n<div><\/div>\n<div>Do you have any questions? contact us\u00a0<a href=\"https:\/\/hookahshop.lt\/en\/contacts\/\">contacts page<\/a>\u00a0or email us at\u00a0<a href=\"https:\/\/facebook.com\/HookahShop.lt\/\" target=\"_blank\" rel=\"noopener noreferrer\">Facebook<\/a>\u00a0and we will respond to your request the same day.<\/div>\n<\/div>","protected":false},"excerpt":{"rendered":"<p>Kaitlent\u0117 kaljano anglims SMOKE2U 500W Tai ma\u017ea kaitlent\u0117, skirta \u012fkaitinti nat\u016bralias kokoso anglis. Anglys saugiai gul\u0117s ant anglies groteli\u0173 ir apsaugos \u0161ildymo element\u0105. Tai u\u017etikrina anglies \u017eiebtuv\u0117lio tarnavimo laik\u0105. Specifikacija: Talpa: iki 4 kaljano angli\u0173 (26x26x26mm) Galia: 500W Maitinimo laidas: 1 m. \u012etampa: 230V ~ 50Hz Temperat\u016bra: reguliuojama Sauga: Apsauga nuo perkaitimo, CE patikrinta Angli\u0173 [&hellip;]<\/p>","protected":false},"featured_media":45551,"comment_status":"closed","ping_status":"closed","template":"","meta":[],"_links":{"self":[{"href":"https:\/\/hookahshop.lt\/en\/wp-json\/wp\/v2\/product\/45550"}],"collection":[{"href":"https:\/\/hookahshop.lt\/en\/wp-json\/wp\/v2\/product"}],"about":[{"href":"https:\/\/hookahshop.lt\/en\/wp-json\/wp\/v2\/types\/product"}],"replies":[{"embeddable":true,"href":"https:\/\/hookahshop.lt\/en\/wp-json\/wp\/v2\/comments?post=45550"}],"version-history":[{"count":4,"href":"https:\/\/hookahshop.lt\/en\/wp-json\/wp\/v2\/product\/45550\/revisions"}],"predecessor-version":[{"id":45559,"href":"https:\/\/hookahshop.lt\/en\/wp-json\/wp\/v2\/product\/45550\/revisions\/45559"}],"wp:featuredmedia":[{"embeddable":true,"href":"https:\/\/hookahshop.lt\/en\/wp-json\/wp\/v2\/media\/45551"}],"wp:attachment":[{"href":"https:\/\/hookahshop.lt\/en\/wp-json\/wp\/v2\/media?parent=45550"}],"curies":[{"name":"wp","href":"https:\/\/api.w.org\/{rel}","templated":true}]}}