{"id":8791,"date":"2020-06-06T21:05:27","date_gmt":"2020-06-06T18:05:27","guid":{"rendered":"https:\/\/hookahshop.lt\/?post_type=product&#038;p=8791"},"modified":"2026-04-09T12:28:47","modified_gmt":"2026-04-09T09:28:47","slug":"kolba-kaljanui-daly-black","status":"publish","type":"product","link":"https:\/\/hookahshop.lt\/en\/product\/flask-hookah-daly-black\/","title":{"rendered":"Flask for hookah DALY Black"},"content":{"rendered":"<h2>Flask for hookah DALY Black<\/h2>\n<p>Daly Hookah Flask (With Border) - This flask is made of high quality thick glass and covered with a protective layer. The flask is completely black with a strip.<\/p>\n<p><strong><span title=\"\">Specifications:<\/span><\/strong><br \/>\nColor: black (with transparent strip for water in the flask).<br \/>\nHeight: 266 mm<br \/>\nWeight: ~ 1550 g<br \/>\nOuter diameter: 75 mm<br \/>\nInner diameter: 47 mm<br \/>\nProduct material: glass<\/p>\n<p>Do you have any questions? contact us\u00a0<a href=\"https:\/\/hookahshop.lt\/en\/contacts\/\">contacts page<\/a>\u00a0or email us at\u00a0<a href=\"https:\/\/facebook.com\/HookahShop.lt\/\" target=\"_blank\" rel=\"noopener noreferrer\">Facebook<\/a>\u00a0and we will respond to your request the same day.<\/p>","protected":false},"excerpt":{"rendered":"<p>Kolba kaljanui DALY Black \u201eDaly\u201c kaljano kolba (Su borteliu) &#8211; \u0161i kolba pagaminta i\u0161 auk\u0161tos kokyb\u0117s storo stiklo ir padengta apsauginiu sluoksniu. Kolba yra visi\u0161kai juoda su juostele. Specifikacijos: Spalva: juoda (su skaidria juostele, vandens matymui kolboje). Auk\u0161tis: 266 mm Svoris: ~ 1550 g I\u0161orinis skersmuo: 75 mm Vidinis skersmuo: 47 mm Gaminio med\u017eiaga: stiklas [&hellip;]<\/p>","protected":false},"featured_media":30701,"comment_status":"open","ping_status":"closed","template":"","meta":[],"_links":{"self":[{"href":"https:\/\/hookahshop.lt\/en\/wp-json\/wp\/v2\/product\/8791"}],"collection":[{"href":"https:\/\/hookahshop.lt\/en\/wp-json\/wp\/v2\/product"}],"about":[{"href":"https:\/\/hookahshop.lt\/en\/wp-json\/wp\/v2\/types\/product"}],"replies":[{"embeddable":true,"href":"https:\/\/hookahshop.lt\/en\/wp-json\/wp\/v2\/comments?post=8791"}],"version-history":[{"count":9,"href":"https:\/\/hookahshop.lt\/en\/wp-json\/wp\/v2\/product\/8791\/revisions"}],"predecessor-version":[{"id":45115,"href":"https:\/\/hookahshop.lt\/en\/wp-json\/wp\/v2\/product\/8791\/revisions\/45115"}],"wp:featuredmedia":[{"embeddable":true,"href":"https:\/\/hookahshop.lt\/en\/wp-json\/wp\/v2\/media\/30701"}],"wp:attachment":[{"href":"https:\/\/hookahshop.lt\/en\/wp-json\/wp\/v2\/media?parent=8791"}],"curies":[{"name":"wp","href":"https:\/\/api.w.org\/{rel}","templated":true}]}}