{"id":9726,"date":"2020-07-02T18:30:59","date_gmt":"2020-07-02T15:30:59","guid":{"rendered":"https:\/\/hookahshop.lt\/?post_type=product&#038;p=9726"},"modified":"2026-04-15T23:29:02","modified_gmt":"2026-04-15T20:29:02","slug":"kolba-kaljanui-bigmaks-elegant-red-white","status":"publish","type":"product","link":"https:\/\/hookahshop.lt\/en\/product\/flask-hookah-bigmax-elegant-red-white\/","title":{"rendered":"Flask for hookah BIGMAKS Elegant Red White"},"content":{"rendered":"<h2>Flask for hookah BIGMAKS Elegant Red White<\/h2>\n<p>This flask is made of ELEGANT crystal. The exclusive shape and exclusive colors give any minimalist hookah a luxurious look.<\/p>\n<p><strong><span title=\"\">Specifications:<\/span><\/strong><br \/>\nHeight: 260 mm<br \/>\nWeight: ~ 2000 g<br \/>\nOuter throat diameter: 75 mm<br \/>\nInner throat diameter: 45 mm<br \/>\nProduct material: crystal glass<\/p>\n<p>Do you have any questions? contact us\u00a0<a href=\"https:\/\/hookahshop.lt\/en\/contacts\/\">contacts page<\/a>\u00a0or email us at\u00a0<a href=\"https:\/\/facebook.com\/HookahShop.lt\/\" target=\"_blank\" rel=\"noopener noreferrer\">Facebook<\/a>\u00a0and we will respond to your request the same day.<\/p>","protected":false},"excerpt":{"rendered":"<p>Kolba kaljanui BIGMAKS Elegant Red White \u0160i kolba, pagaminta \u201eELEGANT\u201c pavidalu i\u0161 kri\u0161tolo. I\u0161skirtin\u0117 forma ir i\u0161skirtin\u0117s spalvos suteikia bet kokiam minimalistiniam kaljanui prabangi\u0105 i\u0161vaizd\u0105. Specifikacijos: Auk\u0161tis: 260 mm Svoris: ~ 2000 g Gerkl\u0117s i\u0161orinis skersmuo: 75 mm Gerkl\u0117s vidinis skersmuo: 45 mm Gaminio med\u017eiaga: kri\u0161tolo stiklas Turite klausim\u0173? Susisiekite su mumis\u00a0kontakt\u0173 puslapyje\u00a0arba para\u0161ykite mums [&hellip;]<\/p>","protected":false},"featured_media":9727,"comment_status":"open","ping_status":"closed","template":"","meta":[],"_links":{"self":[{"href":"https:\/\/hookahshop.lt\/en\/wp-json\/wp\/v2\/product\/9726"}],"collection":[{"href":"https:\/\/hookahshop.lt\/en\/wp-json\/wp\/v2\/product"}],"about":[{"href":"https:\/\/hookahshop.lt\/en\/wp-json\/wp\/v2\/types\/product"}],"replies":[{"embeddable":true,"href":"https:\/\/hookahshop.lt\/en\/wp-json\/wp\/v2\/comments?post=9726"}],"version-history":[{"count":5,"href":"https:\/\/hookahshop.lt\/en\/wp-json\/wp\/v2\/product\/9726\/revisions"}],"predecessor-version":[{"id":45045,"href":"https:\/\/hookahshop.lt\/en\/wp-json\/wp\/v2\/product\/9726\/revisions\/45045"}],"wp:featuredmedia":[{"embeddable":true,"href":"https:\/\/hookahshop.lt\/en\/wp-json\/wp\/v2\/media\/9727"}],"wp:attachment":[{"href":"https:\/\/hookahshop.lt\/en\/wp-json\/wp\/v2\/media?parent=9726"}],"curies":[{"name":"wp","href":"https:\/\/api.w.org\/{rel}","templated":true}]}}