{"id":10184,"date":"2020-07-13T16:56:39","date_gmt":"2020-07-13T13:56:39","guid":{"rendered":"https:\/\/hookahshop.lt\/?page_id=10184"},"modified":"2024-04-07T00:09:05","modified_gmt":"2024-04-06T21:09:05","slug":"atsiliepimai","status":"publish","type":"page","link":"https:\/\/hookahshop.lt\/et\/tagasiside\/","title":{"rendered":"Tagasiside"},"content":{"rendered":"<p><section class=\"av_textblock_section\"  itemscope=\"itemscope\" itemtype=\"https:\/\/schema.org\/CreativeWork\" ><div class='avia_textblock'   itemprop=\"text\" ><\/div><\/section><br \/>\n<div class='avia-image-container  av-styling-     avia-align-center'  itemscope=\"itemscope\" itemtype=\"https:\/\/schema.org\/ImageObject\"  ><div class='avia-image-container-inner'><img class=\"avia_image\" src=\"https:\/\/hookahshop.lt\/wp-content\/uploads\/2020\/07\/atsiliepimai.jpg\" alt=\"- hookahshop.lt\" title=\"tagasiside\" itemprop=\"thumbnailUrl\"><\/div><\/div><br \/>\n<section class=\"av_textblock_section\"  itemscope=\"itemscope\" itemtype=\"https:\/\/schema.org\/CreativeWork\" ><div class='avia_textblock'   itemprop=\"text\" ><h1 style=\"text-align: center;\">Hookahshop.lt - Arvamused<\/h1>\n<h2 style=\"text-align: center; font-size: 16px; color: #000;\">Siit leiate \u00fclevaateid www.hookahshop.lt m\u00fc\u00fcdud kaupade ja teenuse kvaliteedi kohta.<\/h2>\n<p>[gs-fb-comments]<\/p>\n<\/div><\/section><br \/>\n<div class=\"flex_column av_one_full  flex_column_div av-zero-column-padding first\" style='border-radius:0px; '><div class=\"togglecontainer  toggle_close_all\">\n<section class=\"av_toggle_section\"  itemscope=\"itemscope\" itemtype=\"https:\/\/schema.org\/CreativeWork\" >    <div class=\"single_toggle\" data-tags=\"{All} \" >        <p data-fake-id=\"#toggle-id-1\" class=\"toggler\"  itemprop=\"headline\" >Natuke vesipiibu kohta<span class=\"toggle_icon\">        <span class=\"vert_icon\"><\/span><span class=\"hor_icon\"><\/span><\/span><\/p>        <div id=\"toggle-id-1-container\" class=\"toggle_wrap\" >            <div class=\"toggle_content invers-color\"  itemprop=\"text\" ><p>Spetsiaalset kitsenevat anumat, mis on t\u00e4idetud veega, saab kaunistada mitmel viisil. Tavaliselt on see valmistatud sinisest klaasist v\u00f5i v\u00e4\u00e4riskristallist. Vesipiibul v\u00f5ib olla mitu huulikuga toru, siis v\u00f5ib suitsetada mitu inimest korraga. Torud on painduvad, nende pikkus on kuni 2 m. Metallosa on k\u00f5ige kaunistatud, tavaliselt vask, m\u00f5nikord kuldne v\u00f5i h\u00f5be.<br \/>\nVesipiip paistab paljude idamaise materiaalse kultuuri esemete seast silma erilise elegantsiga. \u00dclaosas on v\u00e4ike otsik tubaka jaoks ja kapuuts, mis kaitseb tuule ja s\u00fcte eest. Vahel kasutatakse ikka spetsiaalseid p\u00f5hupuhureid selleks, et mitte ainult keskp\u00e4evasest kuumusest end v\u00e4rskendada, vaid ka vesipiibu kohal tuulutada, et s\u00fctel p\u00f5lema s\u00fcttida ja tubakas paremini p\u00f5letada.<br \/>\nKonstruktsiooni j\u00e4rgi koosneb vesipiip kahest osast - \u00fclemisest ja alumisest, omavahel hermeetiliselt \u00fchendatud, painduvast torust huulikuga, keraamilisest topsist tubaka jaoks. M\u00f5ned vesipiibu mudelikomplektid v\u00f5ivad sisaldada kaitsekorki ja v\u00e4ljundkuulventiili liigse suitsu eemaldamiseks. Tavaliselt on komplektis ka s\u00f6etangid. V\u00e4ga oluline on vesipiibu \u00fclemise ja alumise osa ning toruga vesipiibu vaheline tihedus. \u00d5hutihedus on oluline ka seal, kus vesipiip huulikuga \u00fchineb.<\/p>\n            <\/div>        <\/div>    <\/div><\/section>\n<\/div><\/div><\/p>","protected":false},"excerpt":{"rendered":"","protected":false},"author":1,"featured_media":8788,"parent":0,"menu_order":0,"comment_status":"closed","ping_status":"closed","template":"","meta":[],"_links":{"self":[{"href":"https:\/\/hookahshop.lt\/et\/wp-json\/wp\/v2\/pages\/10184"}],"collection":[{"href":"https:\/\/hookahshop.lt\/et\/wp-json\/wp\/v2\/pages"}],"about":[{"href":"https:\/\/hookahshop.lt\/et\/wp-json\/wp\/v2\/types\/page"}],"author":[{"embeddable":true,"href":"https:\/\/hookahshop.lt\/et\/wp-json\/wp\/v2\/users\/1"}],"replies":[{"embeddable":true,"href":"https:\/\/hookahshop.lt\/et\/wp-json\/wp\/v2\/comments?post=10184"}],"version-history":[{"count":32,"href":"https:\/\/hookahshop.lt\/et\/wp-json\/wp\/v2\/pages\/10184\/revisions"}],"predecessor-version":[{"id":39009,"href":"https:\/\/hookahshop.lt\/et\/wp-json\/wp\/v2\/pages\/10184\/revisions\/39009"}],"wp:featuredmedia":[{"embeddable":true,"href":"https:\/\/hookahshop.lt\/et\/wp-json\/wp\/v2\/media\/8788"}],"wp:attachment":[{"href":"https:\/\/hookahshop.lt\/et\/wp-json\/wp\/v2\/media?parent=10184"}],"curies":[{"name":"wp","href":"https:\/\/api.w.org\/{rel}","templated":true}]}}