{"id":11291,"date":"2020-08-05T14:36:41","date_gmt":"2020-08-05T11:36:41","guid":{"rendered":"https:\/\/hookahshop.lt\/?page_id=11291"},"modified":"2021-09-19T22:27:11","modified_gmt":"2021-09-19T19:27:11","slug":"atsiimkite-siunta-lp-express-siuntu-savitarnos-terminaluose","status":"publish","type":"page","link":"https:\/\/hookahshop.lt\/et\/pikap-saadetis-lp-ekspress-saadetis-iseteenindusterminalid\/","title":{"rendered":"Saadetisele tuleb j\u00e4rele LP EXPRESS paki iseteenindusterminalidest!"},"content":{"rendered":"<h1>Saadetisele tuleb j\u00e4rele LP EXPRESS paki iseteenindusterminalidest!<\/h1>\n<p>&nbsp;<\/p>\n<p>Kauba k\u00e4ttesaamiseks teile sobival ajal ning kauba kohaletoimetamise eest v\u00e4hem maksmiseks v\u00f5ite tellimusele j\u00e4rele tulla l\u00e4himast LP EXPRESS paki iseteenindusterminalist. Kaupade tellimisel peate valima l\u00e4hima LP EXPRESSi paki iseteenindusterminali.<\/p>\n<p>Pakkide k\u00e4ttesaamine LP EXPRESS paki iseteenindusterminalide abil on \u00fclikiire ja mugav. Kogu protseduur on rohkem kui lihtne, nii et k\u00f5ik saavad seda kasutada praktiliselt ilma juhisteta. LP EXPRESSi pakiteenuste iseteenindusterminalid on avatud 24 tundi \u00f6\u00f6p\u00e4evas, nii et saate kaubale j\u00e4rele tulla teile sobival ajal.<\/p>\n<p><strong>Miks tasub tootele j\u00e4rele tulla LP EXPRESS pakiautomaatide kaudu:<\/strong><\/p>\n<div  class='avia-video avia-video-16-9'  itemprop=\"video\" itemtype=\"https:\/\/schema.org\/VideoObject\" ><div class='avia-iframe-wrap'><iframe title=\"LP EXPRESS 24 saadetiste kogumine\" width=\"1500\" height=\"844\" src=\"https:\/\/www.youtube.com\/embed\/BTxMlhaPILc?feature=oembed\" frameborder=\"0\" allow=\"accelerometer; autoplay; encrypted-media; gyroscope; picture-in-picture\" allowfullscreen><\/iframe><\/div><\/div>\n<ul>\n<li>Saadetise k\u00e4ttesaamisest teavitatakse teid SMS-iga, nii et teate t\u00e4pselt, millal saate saadetisele j\u00e4rele tulla.<\/li>\n<li>Paki saate k\u00e4tte v\u00e4hem kui minutiga, sisestades terminali SMS-s\u00f5numi ja \/ v\u00f5i e-kirja. kaks e-posti teel saadud PIN-koodi.<\/li>\n<li>LP EXPRESSi pakiteenuste iseteenindusterminalid on avatud \u00f6\u00f6p\u00e4evaringselt. p\u00e4evas ja 7 \u00f5htul. n\u00e4dalas, nii et saate saadetistele j\u00e4rele tulla k\u00f5ige mugavamal ajal.<\/li>\n<li>Laiem ja tihedam LP EXPRESS paki iseteenindus\u00a0<a href=\"https:\/\/www.lpexpress.lt\/Savitarnos-terminalai\/Vietu-sarasas.html\" target=\"_blank\" rel=\"noopener noreferrer\">terminalide v\u00f5rgus<\/a>\u00a0saate valida endale sobivaima vastuv\u00f5tukoha.<\/li>\n<\/ul>\n<h2>Partii suurus<\/h2>\n<p>LP EXPRESSi paki maksimaalne kaal on 30 kg. Pakk peab mahtuma \u00fchte j\u00e4rgmistest lahtritest:<\/p>\n<div class='avia-image-container  av-styling-     avia-align-center'  itemscope=\"itemscope\" itemtype=\"https:\/\/schema.org\/ImageObject\"  ><div class='avia-image-container-inner'><img class=\"avia_image\" src=\"https:\/\/hookahshop.lt\/wp-content\/uploads\/2020\/08\/lpexpress.jpg\" alt=\"- hookahshop.lt\" title=\"lpexpress\" itemprop=\"thumbnailUrl\"><\/div><\/div>\n<p>Leiate teavet iga toote kohta v\u00f5i teie valitud toote saab tarnida LP EXPRESSi pakiautomaati. Kui toode on raskem kui 30 kg v\u00f5i toote m\u00f5\u00f5tmed on suuremad, kui \u00fclalpool m\u00e4rgitud - ei ole toote tarnimine LP EXPRESS pakiautomaatidesse v\u00f5imalik. \u00dcks ese pannakse XS suurusega kasti. Mitme kauba tellimisel arvutatakse igal juhul, kas see mahub kasti, kui kauba m\u00f5\u00f5tmed on suuremad kui \u00fclalpool n\u00e4idatud - kauba kohaletoimetamine LP EXPRESS paki iseteenindusterminalidesse ei ole v\u00f5imalik.<\/p>\n<h2>Tarnehind<\/h2>\n<p>Pakk toimetatakse mis tahes LP EXPRESSi pakiteenuste iseteenindusterminali Leedu Vabariigi territooriumil:<\/p>\n<ul>\n<li><strong>XS, S<\/strong>,\u00a0<strong>M<\/strong>,\u00a0<strong>L<\/strong>,\u00a0<strong>XL<\/strong>\u00a0eest\u00a0<strong>\u20ac 3,50 <\/strong>tasu.<\/li>\n<\/ul>\n<p>Iseteenindusterminalides olevate kaupade eest saab tasuda ainult panga maksekaartidega.<\/p>\n<h2>Saadetise ladustamisaeg<\/h2>\n<p>Saadetist hoitakse pakiautomaadis 4 kalendrip\u00e4eva p\u00e4rast meie kinnitust, et tellimus on juba LP EXPRESS pakiautomaadis ja sellele saab juba j\u00e4rele tulla. Teavitame teid saabuvast tellimusest SMS-iga. Saadetisele tulete j\u00e4rele, sisestades terminalis SMS-s\u00f5numisse saadud kaks PIN-koodi. Ainult selle koodiga saate saadetise kindlaksm\u00e4\u00e4ratud saadetisterminalist j\u00e4rele tuua. Hoidke koodi seni, kuni tellimuse pakiautomaadist j\u00e4rele v\u00f5tate. 4-p\u00e4evase perioodi l\u00f5ppedes ja ilma &quot;pakiveo&quot; teenust kasutamata tagastatakse pakk &quot;Hookahshop.lt&quot; -le. Pange t\u00e4hele, et saadetisi ei saa suunata teise tarnekohta.<\/p>\n<h2>K\u00fcsimuste korral p\u00f6\u00f6rduge Hookahshop.lt konsultantide poole<\/h2>\n<p>Iga toote kirjelduses on m\u00e4rgitud selle toote esialgne tarneperiood, mis arvutatakse tellimuse kinnituse p\u00f5hjal, st kui tellimus on kontrollitud ja kauba eest tasutakse (v.a tellimused, kui valitakse sularahamaksmine). Kinnitatud ja alustatud tellimusest teavitame teid viivitamatult e-posti teel, samuti t\u00e4psustame tellimuse kavandatud tarnekuup\u00e4eva. Tarneaeg v\u00f5ib ostu-m\u00fc\u00fcgi reeglites s\u00e4testatud juhtudel edasi l\u00fckata. Kui tarneaeg teile ei sobi, p\u00f6\u00f6rduge Hookahshop.lt konsultantide poole e-posti teel. e-posti teel hookahshoplt@gmail.com v\u00f5i telefonil +370 6922 6633.<\/p>","protected":false},"excerpt":{"rendered":"<p>Tule pakile j\u00e4rgi LP EXPRESS pakiiseteenindusautomaatidest! Kauba k\u00e4ttesaamiseks Teile sobival ajal ja ka kauba kohaletoimetamise eest v\u00e4hem tasumiseks saate oma tellimuse j\u00e4rgi v\u00f5tta Teile l\u00e4himast LP EXPRESS pakkide iseteenindusterminalist. Kauba tellimisel tuleb valida endale l\u00e4him LP EXPRESS pakkide iseteenindusterminal. Pakkide vastuv\u00f5tmine LP EXPRESS pakkide iseteenindusterminalide abil, [...]<\/p>","protected":false},"author":1,"featured_media":0,"parent":0,"menu_order":0,"comment_status":"closed","ping_status":"closed","template":"","meta":[],"_links":{"self":[{"href":"https:\/\/hookahshop.lt\/et\/wp-json\/wp\/v2\/pages\/11291"}],"collection":[{"href":"https:\/\/hookahshop.lt\/et\/wp-json\/wp\/v2\/pages"}],"about":[{"href":"https:\/\/hookahshop.lt\/et\/wp-json\/wp\/v2\/types\/page"}],"author":[{"embeddable":true,"href":"https:\/\/hookahshop.lt\/et\/wp-json\/wp\/v2\/users\/1"}],"replies":[{"embeddable":true,"href":"https:\/\/hookahshop.lt\/et\/wp-json\/wp\/v2\/comments?post=11291"}],"version-history":[{"count":2,"href":"https:\/\/hookahshop.lt\/et\/wp-json\/wp\/v2\/pages\/11291\/revisions"}],"predecessor-version":[{"id":35807,"href":"https:\/\/hookahshop.lt\/et\/wp-json\/wp\/v2\/pages\/11291\/revisions\/35807"}],"wp:attachment":[{"href":"https:\/\/hookahshop.lt\/et\/wp-json\/wp\/v2\/media?parent=11291"}],"curies":[{"name":"wp","href":"https:\/\/api.w.org\/{rel}","templated":true}]}}