{"id":11299,"date":"2020-08-05T14:41:36","date_gmt":"2020-08-05T11:41:36","guid":{"rendered":"https:\/\/hookahshop.lt\/?page_id=11299"},"modified":"2024-04-18T22:30:07","modified_gmt":"2024-04-18T19:30:07","slug":"atsiimkite-siunta-omniva-pastomatuose","status":"publish","type":"page","link":"https:\/\/hookahshop.lt\/et\/pick-up-saadetis-omniva-sularahaautomaatides\/","title":{"rendered":"Saadetisele tuleb j\u00e4rele OMNIVA sularahaautomaatidest!"},"content":{"rendered":"<h1>Saadetisele tuleb j\u00e4rele OMNIVA sularahaautomaatidest!<\/h1>\n<p>&nbsp;<\/p>\n<p>Kauba k\u00e4ttesaamiseks teile sobival ajal ning kauba kohaletoimetamise eest v\u00e4hem maksmiseks v\u00f5ite tellimusele j\u00e4rele tulla l\u00e4himast Omniva postkontorist. Kauba tellimisel tuleb vaid valida endale l\u00e4him Omniva postiautomaat. Kauba eest saab sularahaautomaadis maksta ainult panga maksekaartidega.<\/p>\n<p>Saadetiste k\u00e4ttesaamine Omniva postiautomaatide abil on \u00e4\u00e4rmiselt kiire ja mugav. Kogu protseduur on rohkem kui lihtne, nii et k\u00f5ik saavad seda kasutada praktiliselt ilma juhisteta. Omniva postiautomaadid on avatud 24 tundi \u00f6\u00f6p\u00e4evas, nii et saate kaubale j\u00e4rele tulla teile sobival ajal.<\/p>\n<p>K\u00f5ik Leedus tegutsevad OMNIVA postiautomaadid:\u00a0<a href=\"https:\/\/www.omniva.lt\/verslo\/pastomatu_adresai\/vietos\" target=\"_blank\" rel=\"noopener noreferrer\">omniva.lt\/verslo\/pastomatu_adresai\/vietos<\/a><\/p>\n<div class='avia-image-container  av-styling-     avia-align-center'  itemscope=\"itemscope\" itemtype=\"https:\/\/schema.org\/ImageObject\"  ><div class='avia-image-container-inner'><img class=\"avia_image\" src=\"https:\/\/hookahshop.lt\/wp-content\/uploads\/2020\/08\/omniva-map.png\" alt=\"- hookahshop.lt\" title=\"omniva kaart\" itemprop=\"thumbnailUrl\"><\/div><\/div>\n<h2>Saadetiste kogumine<\/h2>\n<p>Saadetise k\u00e4ttesaamiseks peate: valima keele, seej\u00e4rel kl\u00f5psama nuppu &quot;Saada kaubale j\u00e4rele&quot; ja sisestama s\u00f5numi ja \/ v\u00f5i e-posti aadressi. posti teel saadud kuuekohaline uksekood. P\u00e4rast uksekoodi sisestamist avaneb uks ja saadetis on teie k\u00e4tes! Siin on l\u00fchike video selle kohta, kuidas saadetis Omnivast j\u00e4rele tulla<a href=\"https:\/\/www.youtube.com\/watch?v=ekB5LiJl1qA&amp;feature=youtu.be\" target=\"_blank\" rel=\"noopener\">\u00a0postiautomaadid<\/a>\u00a0v\u00f5i laadige alla kasutusjuhend:<\/p>\n<ul>\n<li><a href=\"https:\/\/lt3.pigugroup.eu\/uploaded\/Kaip_atsiimti_siunta_be_COD_Omniva.pdf\" target=\"_blank\" rel=\"noopener\">Kuidas tasulisele saadetisele j\u00e4rele tulla?<\/a><\/li>\n<li><a href=\"https:\/\/lt3.pigugroup.eu\/uploaded\/Kaip_atsiimti_siunta_sumokant_banko_kortele_Omniva.pdf\" target=\"_blank\" rel=\"noopener\">Kuidas saadetisele postkontoris pangakaardiga makstes j\u00e4rele tulla?<\/a><\/li>\n<\/ul>\n<h2>Veo online j\u00e4lgimine<\/h2>\n<ul>\n<li>K\u00f5iki Omniva saadetisi saab veebis j\u00e4lgida alates nende saatmisest. Kui soovite t\u00e4pselt teada, kus teie saadetised asuvad v\u00f5i ootavad olulisi saadetisi, saab neid j\u00e4lgida otse veebisaidil\u00a0<a href=\"https:\/\/www.omniva.lt\/\" target=\"_blank\" rel=\"noopener noreferrer\">www.omniva.lt<\/a>.<\/li>\n<\/ul>\n<h2>Partii suurus<\/h2>\n<p>Omniva paki maksimaalne kaal on 30 kg. Pakk peab mahtuma \u00fchte j\u00e4rgmistest lahtritest:<\/p>\n<ul>\n<li>S: 9 cm x 38 cm x 64 cm (v\u00e4ikseim suurus: 2 cm x 9 cm x 14 cm)<\/li>\n<li>M: 19 cm x 38 cm x 64 cm<\/li>\n<li>P: 39 cm x 38 cm x 64 cm<\/li>\n<\/ul>\n<p>Iga toote kohta leiate teavet selle kohta, kas teie valitud toodet saab tarnida Omniva postiautomaatidesse. Kui toode on raskem kui 30 kg v\u00f5i toote m\u00f5\u00f5tmed on suuremad, kui eespool m\u00e4rgitud - ei ole toote kohaletoimetamine Omniva postkontoritesse v\u00f5imalik. Mitme kauba tellimisel arvutatakse igal juhul, kas see mahub kasti, kui kauba m\u00f5\u00f5tmed on suuremad kui eespool m\u00e4rgitud - kauba kohaletoimetamine Omniva sularahaautomaatidesse ei ole v\u00f5imalik.<\/p>\n<h2>Tarnehind<\/h2>\n<p>Pakk tarnitakse Leedu Vabariigi territooriumil asuvatesse Omniva postkontoritesse\u00a0<strong>\u20ac 3,99<\/strong><strong>\u00a0<\/strong>tasu. Kohaletoimetamise hind teistesse riikidesse nagu L\u00e4ti ja Eesti: <strong>\u20ac 9,99<\/strong>.<\/p>\n<h2>Saadetise ladustamisaeg<\/h2>\n<p>Saadetist hoitakse pakiautomaadis 7 kalendrip\u00e4eva p\u00e4rast meie kinnitust, et tellimus on juba Omniva terminalis ja sellele saab juba j\u00e4rele tulla. Saabuvast tellimusest teavitame teid telefoni ja e-posti teel. kirja teel. SMS ja e-post m\u00e4rgime kirjas postkontori ukse koodi. Ainult selle koodiga saate paki kindlaksm\u00e4\u00e4ratud postkontorist j\u00e4rele tulla. Hoidke koodi seni, kuni tellimus postkontorist j\u00e4rele j\u00f5uate. Seitsmep\u00e4evase ajavahemiku l\u00f5pus ja ilma &quot;pakiveo&quot; teenust kasutamata tagastatakse pakk &quot;Hookahshop.lt&quot; -le. Pange t\u00e4hele, et saadetisi ei saa suunata teise tarnekohta.<\/p>\n<h2>Vastutus<\/h2>\n<p>Omniva vastutus kaotatud v\u00f5i kahjustatud kauba eest on ligikaudu 9,38 eurot kg (8,33 SDR * kg). T\u00e4pne summa arvutatakse juhtumip\u00f5hiselt, kasutades SDR-i *.<\/p>\n<p>* Laenu\u00f5igused (SDR) on Rahvusvahelise Valuutafondi arvestus\u00fchik, mis v\u00e4ljendab iga liikme kvoodi (st sissemakse) suurust fondi kapitali. SDR-i v\u00e4\u00e4rtus p\u00f5hineb neljal suurimal valuutal: USA dollar, euro, Jaapani jeen ja Suurbritannia nael.<\/p>\n<h2>K\u00fcsimuste korral p\u00f6\u00f6rduge Hookahshop.lt konsultantide poole<\/h2>\n<p>Iga toote kirjelduses on m\u00e4rgitud selle toote eeldatav tarneaeg, mis on arvestatud tellimuse kinnitamisest ehk tellimuse kinnitamisest ja kauba eest tasumise laekumisest (v.a tellimused, kus tasumine sularahas on valitud). Kinnitatud ja alustatud tellimuse t\u00e4itmisest teavitame Teid koheselt e-posti teel, samuti t\u00e4psustame tellimuse planeeritud tarnekuup\u00e4eva. Tarnet\u00e4htaega on v\u00f5imalik edasi l\u00fckata ostu-m\u00fc\u00fcgireeglites s\u00e4testatud juhtudel. Kui toote tarnet\u00e4htaeg teile ei sobi, v\u00f5tke \u00fchendust Hookahshop.lt konsultantidega e-posti teel. postiga <a href=\"mailto:hookahshoplt@gmail.com\">hookahshoplt@gmail.com<\/a> v\u00f5i telefoni teel <a href=\"tel:+370 6922 6633\">+370 6922 6633<\/a>.<\/p>","protected":false},"excerpt":{"rendered":"<p>Tule pakile j\u00e4rgi OMNIVA postiautomaatidesse! Kauba k\u00e4ttesaamiseks endale sobival ajal ning ka kauba kohaletoimetamise eest v\u00e4hem tasumiseks saate oma tellimusele j\u00e4rgi tulla l\u00e4himasse Omniva postkontorisse. Kauba tellimisel tuleb lihtsalt valida l\u00e4him Omniva postiautomaat. Postiautomaatides saab kauba eest tasuda ainult panga maksekaartidega. Paki k\u00e4ttesaamine Omniva postiautomaatidega on \u00e4\u00e4rmiselt [...]<\/p>","protected":false},"author":1,"featured_media":0,"parent":0,"menu_order":0,"comment_status":"closed","ping_status":"closed","template":"","meta":[],"_links":{"self":[{"href":"https:\/\/hookahshop.lt\/et\/wp-json\/wp\/v2\/pages\/11299"}],"collection":[{"href":"https:\/\/hookahshop.lt\/et\/wp-json\/wp\/v2\/pages"}],"about":[{"href":"https:\/\/hookahshop.lt\/et\/wp-json\/wp\/v2\/types\/page"}],"author":[{"embeddable":true,"href":"https:\/\/hookahshop.lt\/et\/wp-json\/wp\/v2\/users\/1"}],"replies":[{"embeddable":true,"href":"https:\/\/hookahshop.lt\/et\/wp-json\/wp\/v2\/comments?post=11299"}],"version-history":[{"count":5,"href":"https:\/\/hookahshop.lt\/et\/wp-json\/wp\/v2\/pages\/11299\/revisions"}],"predecessor-version":[{"id":39229,"href":"https:\/\/hookahshop.lt\/et\/wp-json\/wp\/v2\/pages\/11299\/revisions\/39229"}],"wp:attachment":[{"href":"https:\/\/hookahshop.lt\/et\/wp-json\/wp\/v2\/media?parent=11299"}],"curies":[{"name":"wp","href":"https:\/\/api.w.org\/{rel}","templated":true}]}}