{"id":11314,"date":"2020-08-05T15:20:43","date_gmt":"2020-08-05T12:20:43","guid":{"rendered":"https:\/\/hookahshop.lt\/?page_id=11314"},"modified":"2025-02-13T22:48:28","modified_gmt":"2025-02-13T20:48:28","slug":"grazinimas-ir-garantinis-taisymas","status":"publish","type":"page","link":"https:\/\/hookahshop.lt\/et\/tagastus-ja-garantii-remont\/","title":{"rendered":"Tagastamine ja garantiiremont"},"content":{"rendered":"<h1>Tagastamine ja garantiiremont<\/h1>\n<p><strong>Soovin kasutada garantiiteenust - toode on defektne v\u00f5i defektne<\/strong><\/p>\n<div class='avia-image-container  av-styling-     avia-align-center'  itemscope=\"itemscope\" itemtype=\"https:\/\/schema.org\/ImageObject\"  ><div class='avia-image-container-inner'><img class=\"avia_image\" src=\"https:\/\/hookahshop.lt\/wp-content\/uploads\/2020\/05\/hookahshopLT.jpg\" alt=\"- hookahshop.lt\" title=\"vesipiibupoodLT\" itemprop=\"thumbnailUrl\"><\/div><\/div>\n<p>&nbsp;<\/p>\n<div class=\"item_title\">\n<div class=\"sub_title\"><em>\u00a0Millistele kaupadele ja kui kaua garantii kehtib?<\/em><\/div>\n<ul>\n<li>K\u00f5igile meie kaupadele antakse kvaliteedi garantii. Seda garantiid nimetatakse ka seaduslikuks v\u00f5i tehasegarantiiks. Selle kehtivusaeg v\u00f5ib varieeruda: nagu ka muudel tingimustel, on t\u00e4htaeg m\u00e4rgitud tootekirjelduses v\u00f5i koos ostetud toote arvega, mis vastab ka garantiikaardile.<\/li>\n<\/ul>\n<div class=\"item_title\">\n<div class=\"sub_title\"><em>Millistele kaupadele garantii ei kehti?<\/em><\/div>\n<\/div>\n<\/div>\n<div>\n<ul>\n<li>Kvaliteedigarantii ei anta, kui toote omadused vastavad selle kirjeldusele, toode sobib kasutamiseks vastavalt otstarbele.<\/li>\n<li>Kaubale poest j\u00e4rele tulles kontrollige seda kahjustuste, t\u00e4ieliku ja \u00f5ige konfiguratsiooni suhtes. Kullerilt tellimust vastu v\u00f5ttes p\u00f6\u00f6rake t\u00e4helepanu pakendile - kahtluse korral - pakkige kohe lahti. M\u00e4rkige t\u00e4heldatud lahknevused kauba \u00fcleandmise aktsepteerimise dokumenti ja kirjutage kulleri v\u00f5i Hookahshop.lt esindaja juuresolekul akt. Kui n\u00e4ete p\u00e4rast kauba \u00fcleandmise vastuv\u00f5tmisdokumendi allkirjastamist tootel puudust v\u00f5i puudust, ei saa me v\u00f5tta vastutust selle eest, et toode v\u00f5i pakend on kahjustatud, valesti kokku pandud. Sellisel juhul antakse kvaliteedigarantii ainult tehase defekti korral.<\/li>\n<li>Kutsume teid selle kohta rohkem lugema\u00a0<a href=\"https:\/\/hookahshop.lt\/et\/ostutingimused\/\">ostu-m\u00fc\u00fcgi reeglid<\/a><\/li>\n<\/ul>\n<p><em>Kaubaliigid, mille suhtes kehtivad erikohustused<\/em><\/p>\n<ul>\n<li>Tass vesipiibule<\/li>\n<li>Vesipiibud<\/li>\n<li>Vesipiibu tarvikud<\/li>\n<li>Vesipiibu tarvikud<\/li>\n<\/ul>\n<p><em>Kuhu peaksin p\u00f6\u00f6rduma garantiiteenindusse?<\/em><\/p>\n<ul>\n<li>Aja s\u00e4\u00e4stmiseks soovitame toote toimetada otse tootja poolt m\u00e4\u00e4ratud garantiiteeninduskeskusesse. Remondifirmaga otse suheldes saab toote remonditud isegi paar p\u00e4eva kiiremini. Teavet selle kohta, kes osutab ostetud tootele garantiiteenust, leiate kontaktide jaotisest.<\/li>\n<li>Samuti saate m\u00fc\u00fcja Hookahshop.lt kauba toimetada k\u00f5ikidesse Hookahshop.lt kauplustesse. Kaupluste aadressid ja lahtiolekuajad leiate kontaktide rubriigist.<\/li>\n<li>Toote saate saata ka kulleriga garantiiremonti. Kui kauba m\u00fc\u00fcja on Hookahshop.lt, siis tuleb m\u00e4rkida aadress: Kedr\u0173 g.3-102, LT-03116, Vilnius, Leedu.<\/li>\n<li>Kui kauba m\u00fc\u00fcja on teine pood, palume saata arvel m\u00e4rgitud aadressile.<\/li>\n<li>Kutsume Teid toote korralikult pakkima, et see ei saaks saatmisel kahjustada. Kui toode on saatmise ajal kahjustatud, ei saa me garantiiteenust pakkuda.<\/li>\n<\/ul>\n<p><em>Mida teha, kui kahtlustan, et toode on halva kvaliteediga?<\/em><\/p>\n<p>Kui kahtlustate, et olete saanud defektse kauba, on teil mitu valikut:<\/p>\n<ul>\n<li>Kui toote kvaliteedis on v\u00f5imalik puudusi k\u00f5rvaldada, v\u00f5ite v\u00f5tta \u00fchendust m\u00fc\u00fcjaga, et lasta toode parandada. Pange t\u00e4hele, et kauba m\u00fc\u00fcjaks ei saa olla ainult Hookahshop, vaid ka teised kauplused. Saate arvet kontrollida.<\/li>\n<li>Ostetud tootele v\u00f5idakse kohaldada allahindlust, mis vastab defektide t\u00f5ttu kaotatud v\u00e4\u00e4rtusele.<\/li>\n<li>Saate toote vahetada identse kvaliteetse toote vastu, v\u00e4lja arvatud juhul, kui tootel esinevad puudused on v\u00e4ikesed v\u00f5i on tekkinud teie s\u00fc\u00fcl toote kasutamisel.<\/li>\n<li>Tagastamist\u00e4htaeg on 14 kalendrip\u00e4eva alates M\u00fc\u00fcja kinnitusest kaubal esinevate puuduste kohta, mis ei ole tingitud kulumisest, vaid tootjapoolsest puudusest, mis ilmnes mitte rohkem kui 30-p\u00e4evase kasutusp\u00e4eva jooksul.<\/li>\n<li>Kutsume teid selle kohta rohkem lugema <a href=\"https:\/\/hookahshop.lt\/et\/ostutingimused\/\">ostu-m\u00fc\u00fcgi reeglid<\/a><\/li>\n<\/ul>\n<p><em>Kui kaua remont aega v\u00f5tab?<\/em><\/p>\n<ul>\n<li>Tootja poolt p\u00f5hjustatud rikete k\u00f5rvaldamiseks kulub tavaliselt 2 kuni 3 n\u00e4dalat, alates toote garantiiteenindusse \u00fcleandmise p\u00e4evast, kui tootja kinnitab tootmisdefekti. Kui selgub, et remont n\u00f5uab osa tarnimist v\u00e4lismaalt, pikeneb ooteaeg 45 p\u00e4evani.<\/li>\n<\/ul>\n<p><em>Kas ma saan Hookahshop.lt poodi tuua kasutatud elektri- v\u00f5i elektroonikatooteid?<\/em><\/p>\n<ul>\n<li>Jah.<\/li>\n<li>Elektri- ja elektroonikaseadmed sisaldavad ohtlikke aineid, mis kujutavad endast ohtu keskkonnale ja inimeste tervisele, ning kasutuselt k\u00f5rvaldatud tooteid ei tohi visata koos muude olmej\u00e4\u00e4tmetega. Ostes Hookahshop.lt e-poest elektri- v\u00f5i elektroonikatoote, saate meie poodi tuua sama t\u00fc\u00fcpi vananenud toote.<\/li>\n<li>Kui soovite oma vanad elektri- ja elektroonikaseadmed \u00e4ra visata, v\u00f5tke \u00fchendust teeninduspersonaliga, kes varustab teile spetsiaalselt nende j\u00e4\u00e4tmete jaoks m\u00f5eldud konteinerid.<\/li>\n<li>Meie ettev\u00f5te teeb koost\u00f6\u00f6d ohtlike j\u00e4\u00e4tmete k\u00e4itlusettev\u00f5ttega, kellele viime regulaarselt \u00fcle kogutud ohtlikud j\u00e4\u00e4tmed. Seet\u00f5ttu v\u00f5ite olla kindel, et teie utiliseeritud j\u00e4\u00e4tmed k\u00f5rvaldatakse ohutult ja n\u00f5uetekohaselt.<\/li>\n<\/ul>\n<p><em><strong>Soovin tagastada kvaliteetse toote, mis ei sobinud:<\/strong><\/em><\/p>\n<ul>\n<li>Paljudel meie toodetel on raha tagasi garantii. Kui otsustate ostetud kauba ilma p\u00f5hjuseta tagastada, saate seda teha 14 p\u00e4eva jooksul.<\/li>\n<li>Teil on ka v\u00f5imalus kasutada t\u00e4iendavat raha tagasi garantii, mis kehtib kuni 30 p\u00e4eva. Sellisel juhul kehtivad tootele mitmed lisatingimused. Toote pakend peab olema terve, kaasas k\u00f5ik autentsed sildid ja kaitsekotid ning toode peab v\u00e4lja n\u00e4gema t\u00e4pselt selline, nagu ta ostes oli. Kui kahjustate pakendit, ei saa te enam kui 14 p\u00e4eva p\u00e4rast kvaliteetset kaupa tagastada ja raha tagasi saada.<\/li>\n<li>Kutsume teid selle kohta rohkem lugema<a href=\"https:\/\/hookahshop.lt\/et\/ostutingimused\/\"> ostu-m\u00fc\u00fcgi reeglid<\/a><\/li>\n<\/ul>\n<p><strong><em>Milliseid kaupu ei saa tagastada?<\/em><\/strong><\/p>\n<ul>\n<li>Tubakas ja tubakatooted;<\/li>\n<li>Kaup on valmistatud vastavalt tarbija m\u00e4\u00e4ratud spetsifikatsioonidele v\u00f5i on selgelt kohandatud tema isiklikele vajadustele;<\/li>\n<li>Kaup on ette tellitud.<\/li>\n<li>Kaupa telliti suurtes kogustes (hulgim\u00fc\u00fck).<\/li>\n<\/ul>\n<p><strong><em>Kuidas kaupa tagastada?<\/em><\/strong><\/p>\n<ul>\n<li>Samuti saate tagastada m\u00fc\u00fcja Hookahshop.lt kaupa. Kaupluse aadressi ja lahtiolekuajad leiate kontaktide rubriigist.<\/li>\n<li>Toote saate saata ka kulleriga garantiiremonti. Kui kauba m\u00fc\u00fcja on Hookahshop.lt, siis tuleb m\u00e4rkida aadress: Kedr\u0173 g.3-102, LT-03116, Vilnius, Leedu.<\/li>\n<li>Kutsume Teid toote korralikult pakkima, et see ei saaks saatmisel kahjustada. Kui toode on saatmise ajal kahjustatud, ei saa me garantiiteenust pakkuda.<\/li>\n<\/ul>\n<p><strong>Konkreetsed kohustused:<\/strong><\/p>\n<ul>\n<li>Garantii ei kehti konkreetsetele kaupadele, mida kasutatakse ja kahjustus tekkis peale selle kasutamist 14 p\u00e4eva jooksul, toode on kaotanud oma kaubandusliku v\u00e4limuse.<\/li>\n<\/ul>\n<p><strong>Kui kaua pean ootama, et ette tellida?<\/strong><\/p>\n<ul>\n<li>Kui kaup on tarnija laos, v\u00f5tab tarneaeg tavaliselt kuni 14 p\u00e4eva. (v\u00e4lja arvatud p\u00fchad).<\/li>\n<li>Kui toode on vaja tellida otse tootjalt, v\u00f5ib tarneaeg kesta kauem kui 14 p\u00e4eva. (v\u00e4lja arvatud p\u00fchad).<\/li>\n<li>Hulgikaupa tarnitakse alates kuu 28. kuup\u00e4evast. (olenevalt kaubast ja kogusest), (va p\u00fchad).<\/li>\n<\/ul>\n<p><strong>Kes maksab kohaletoimetamise ja tagastamise kulud?<\/strong><\/p>\n<p>Ostja maksab.<\/p>\n<div class=\"c-accordion-item__title\">\n<div class=\"sub_title\"><strong>Kuidas oma raha tagasi saada?<\/strong><\/div>\n<\/div>\n<div class=\"c-accordion-item__content h-styled-content\">\n<p>Raha tagastatakse Ostjale 14 (neljateistk\u00fcmne) kalendrip\u00e4eva jooksul alates Kauba M\u00fc\u00fcjale tagastamise p\u00e4evast.<\/p>\n<\/div>\n<p>&nbsp;<\/p>\n<\/div>","protected":false},"excerpt":{"rendered":"<p>Tagastamine ja garantiiremont Soovin kasutada garantiiteenust - toode on defektne v\u00f5i defektne Millistele toodetele kehtib ja kui kaua garantii kehtib? K\u00f5igile meie kaupadele antakse kvaliteedi garantii. Seda garantiid nimetatakse ka seaduslikuks v\u00f5i tehasegarantiiks. Selle kehtivusaeg v\u00f5ib varieeruda: nagu ka muudel tingimustel, on t\u00e4htaeg m\u00e4rgitud tootekirjelduses v\u00f5i koos ostetud tootega [\u2026]<\/p>","protected":false},"author":1,"featured_media":0,"parent":0,"menu_order":0,"comment_status":"closed","ping_status":"closed","template":"","meta":[],"_links":{"self":[{"href":"https:\/\/hookahshop.lt\/et\/wp-json\/wp\/v2\/pages\/11314"}],"collection":[{"href":"https:\/\/hookahshop.lt\/et\/wp-json\/wp\/v2\/pages"}],"about":[{"href":"https:\/\/hookahshop.lt\/et\/wp-json\/wp\/v2\/types\/page"}],"author":[{"embeddable":true,"href":"https:\/\/hookahshop.lt\/et\/wp-json\/wp\/v2\/users\/1"}],"replies":[{"embeddable":true,"href":"https:\/\/hookahshop.lt\/et\/wp-json\/wp\/v2\/comments?post=11314"}],"version-history":[{"count":14,"href":"https:\/\/hookahshop.lt\/et\/wp-json\/wp\/v2\/pages\/11314\/revisions"}],"predecessor-version":[{"id":41308,"href":"https:\/\/hookahshop.lt\/et\/wp-json\/wp\/v2\/pages\/11314\/revisions\/41308"}],"wp:attachment":[{"href":"https:\/\/hookahshop.lt\/et\/wp-json\/wp\/v2\/media?parent=11314"}],"curies":[{"name":"wp","href":"https:\/\/api.w.org\/{rel}","templated":true}]}}