{"id":1194,"date":"2020-03-25T11:25:40","date_gmt":"2020-03-25T09:25:40","guid":{"rendered":"http:\/\/hookahshop.lt\/?page_id=1194"},"modified":"2021-10-30T15:31:07","modified_gmt":"2021-10-30T12:31:07","slug":"privatumo-politika","status":"publish","type":"page","link":"https:\/\/hookahshop.lt\/et\/privaatsus-poliitika\/","title":{"rendered":"Privaatsus poliitika"},"content":{"rendered":"<h1 style=\"text-align: center;\">Privaatsus poliitika<\/h1>\n<p><em>Muud lehed:<\/em><\/p>\n<p><a href=\"https:\/\/hookahshop.lt\/et\/suitsetamine-kahju-inimkehale\/\">SUITSETAMISE INIMKORRALDUS<\/a><\/p>\n<p><a href=\"https:\/\/hookahshop.lt\/et\/tagastus-ja-garantii-remont\/\">TAGASTAMISE JA GARANTII PARANDAMINE<\/a><\/p>\n<p><a href=\"https:\/\/hookahshop.lt\/et\/ostutingimused\/\">ELEKTRONIKA POES \u201cHOOKAHSHOP.LT\u201d kaupade ostmise ja m\u00fc\u00fcmise reeglid<\/a><\/p>\n<p><strong>\u00dcldine informatsioon<\/strong><\/p>\n<p>Hookahshop.lt austab oma k\u00fclastajate ja ostjate privaatsust, seet\u00f5ttu garanteerime, et teie selles veebipoes edastatud teavet kasutatakse ja hoitakse turvaliselt. Tulevaste arusaamatuste v\u00e4ltimiseks lugege need reeglid enne tellimuse esitamist siiski l\u00e4bi.<\/p>\n<p>Hookahshop.lt j\u00e4tab endale \u00f5iguse neid reegleid igal ajal muuta, seet\u00f5ttu peate neid uuesti lugema iga kord, kui seda veebisaiti kasutate. Kasutades selle e-poe pakutavaid teenuseid, kinnitate, et n\u00f5ustute neid reegleid j\u00e4rgima<\/p>\n<p><strong>Kogutud teave<\/strong><\/p>\n<p>K\u00f5ik meie ostjad on v\u00f5rdselt olulised! Kuid n\u00e4iteks teie nimi, aadress, e-posti aadress, telefoninumber on vajalik, et saaksime teie tellimuse kinnitada ning \u00f5igel ajal \u00f5igel aadressil kohale toimetada ja kohale toimetada.<\/p>\n<p>Me ei koosta klientide nimekirju ega edasta neid kolmandatele isikutele, kes pole teie tellimusega seotud. Teie kogutud isikuandmed j\u00e4\u00e4vad meile. Kasutame seda teavet teenuste osutamiseks, nende toetamiseks - teile kaupade tarnimiseks, tellimuste v\u00f5i muude k\u00fcsimuste korral teiega \u00fchenduse v\u00f5tmiseks, uudiste edastamiseks v\u00f5i k\u00e4ibemaksuarve v\u00e4ljastamiseks jne.<\/p>\n<p>Me ei jaga teie isikuandmeid ettev\u00f5tete ega \u00fcksikisikutega, v\u00e4lja arvatud siin s\u00e4testatud juhtudel. Teatud vajalike toimingute tegemiseks - tellimuste edastamiseks tasaarvestage krediitkaardimaksed (nt mok\u0117jimai.lt). Kogu Ostja isikuandmeid t\u00f6\u00f6deldakse vastavalt kehtivatele seadustele ja m\u00e4\u00e4rustele. Ilma teie n\u00f5usolekuta ei kasutata teie isikuandmeid muudel kui loetletud eesm\u00e4rkidel, v\u00e4lja arvatud juhul, kui kehtivad seadused v\u00f5i m\u00e4\u00e4rused seda n\u00f5uavad.<\/p>\n<p>Esitades meile oma isikuandmeid, n\u00f5ustub Ostja, et v\u00f5ime isikuandmeid koguda, kasutada ja avaldada \u00fclaltoodud eesm\u00e4rkidel.<\/p>\n<p><strong>Andmekaitse<\/strong><\/p>\n<p>Hookahshop.lt e-pood p\u00fc\u00fcab hoida teie esitatud isikuandmeid turvalisena. Hookahshop.lt p\u00fc\u00fcab alati teavet kaitsta volitamata juurdep\u00e4\u00e4su, volitamata muutmise, avalikustamise v\u00f5i h\u00e4vitamise eest.<\/p>\n<p>Pange t\u00e4hele, et me ei k\u00fcsi kunagi e-kirjades parooli. Ostja vastutab oma kontoteabe ja parooli konfidentsiaalsuse eest. K\u00f5iki muid teie isikuandmeid s\u00e4ilitatakse, v\u00f5tame kogutud teabe kaitsmiseks asjakohaseid f\u00fc\u00fcsilisi, elektroonilisi ja haldusmeetmeid.<\/p>\n<p><strong>Muudatused privaatsuseeskirjades<\/strong><\/p>\n<p>Hookahshop.lt-l on \u00f5igus seda privaatsuspoliitikat muuta. Meie veebisaidi teenuste j\u00e4tkuv kasutamine t\u00e4hendab nende reeglite j\u00e4rgimist. K\u00f5ik erimeelsused ja vaidlused lahendatakse l\u00e4bir\u00e4\u00e4kimiste teel. Kui kokkulepet ei saavutata, lahendatakse vaidlused vastavalt Leedu Vabariigi seadustele.<\/p>","protected":false},"excerpt":{"rendered":"<p>Privaatsuspoliitika Teised lehek\u00fcljed: SUITSETAMISEST KAHJUSTAMINE INIMORGANISMILE TAGASTUS- JA GARANTII REMONDI REEGLID OSTMISEKS \u2013 KAUPA M\u00dc\u00dcMINE ELEKTROONIKAPOES &quot;HOOKAHSHOP.LT&quot; \u00dcldinfo Hookahshop.lt austab oma K\u00fclastajate ja Ostjate privaatsust, seet\u00f5ttu garanteerime, et ostjad. teie esitatud teavet kasutatakse ja s\u00e4ilitatakse selles veebipoes ohutult. Siiski palume need reeglid enne tellimuse esitamist l\u00e4bi lugeda, et v\u00e4ltida hilisemaid arusaamatusi. Hookahshop.lt j\u00e4tab endale [\u2026]<\/p>","protected":false},"author":1,"featured_media":961,"parent":0,"menu_order":0,"comment_status":"closed","ping_status":"closed","template":"","meta":[],"_links":{"self":[{"href":"https:\/\/hookahshop.lt\/et\/wp-json\/wp\/v2\/pages\/1194"}],"collection":[{"href":"https:\/\/hookahshop.lt\/et\/wp-json\/wp\/v2\/pages"}],"about":[{"href":"https:\/\/hookahshop.lt\/et\/wp-json\/wp\/v2\/types\/page"}],"author":[{"embeddable":true,"href":"https:\/\/hookahshop.lt\/et\/wp-json\/wp\/v2\/users\/1"}],"replies":[{"embeddable":true,"href":"https:\/\/hookahshop.lt\/et\/wp-json\/wp\/v2\/comments?post=1194"}],"version-history":[{"count":2,"href":"https:\/\/hookahshop.lt\/et\/wp-json\/wp\/v2\/pages\/1194\/revisions"}],"predecessor-version":[{"id":29005,"href":"https:\/\/hookahshop.lt\/et\/wp-json\/wp\/v2\/pages\/1194\/revisions\/29005"}],"wp:featuredmedia":[{"embeddable":true,"href":"https:\/\/hookahshop.lt\/et\/wp-json\/wp\/v2\/media\/961"}],"wp:attachment":[{"href":"https:\/\/hookahshop.lt\/et\/wp-json\/wp\/v2\/media?parent=1194"}],"curies":[{"name":"wp","href":"https:\/\/api.w.org\/{rel}","templated":true}]}}