{"id":14387,"date":"2020-11-17T13:29:24","date_gmt":"2020-11-17T11:29:24","guid":{"rendered":"https:\/\/hookahshop.lt\/?page_id=14387"},"modified":"2024-04-17T23:27:06","modified_gmt":"2024-04-17T20:27:06","slug":"kaljano-nuoma","status":"publish","type":"page","link":"https:\/\/hookahshop.lt\/et\/vesipiibu-laenutus\/","title":{"rendered":"Vesipiibu rent"},"content":{"rendered":"<\/div><\/div><\/div><!-- close content main div --><\/div><\/div><div id='av_section_1' class='avia-section main_color avia-section-default avia-no-shadow avia-full-stretch av-section-color-overlay-active avia-bg-style-fixed    container_wrap sidebar_right' style = 'background-repeat: no-repeat; background-image: url(https:\/\/hookahshop.lt\/wp-content\/uploads\/2020\/11\/kaljanu-nuoma-vilniuje-scaled.jpg); background-attachment: fixed; background-position: center center; ' data-section-bg-repeat='stretch' ><div class='av-section-color-overlay-wrap'><div class='av-section-color-overlay' style='opacity: 0.6; background-color: #0c0c0c; '><\/div><div class='container' ><div class='template-page content  av-content-small alpha units'><div class='post-entry post-entry-type-page post-entry-14387'><div class='entry-content-wrapper clearfix'>\n<div style='padding-bottom:30px;color:#ffffff;font-size:60px;' class='av-special-heading av-special-heading-h1 custom-color-heading blockquote modern-quote modern-centered   av-inherit-size'><h1 class='av-special-heading-tag'  itemprop=\"headline\"  >VESIPIIBU \u00dc\u00dcRILE VILNIUS<\/h1><div class='special-heading-border'><div class='special-heading-inner-border' style='border-color:#ffffff'><\/div><\/div><\/div>\n<\/div><\/div><\/div><!-- close content main div --><\/div><\/div><\/div><div id='after_section_1' class='main_color av_default_container_wrap container_wrap sidebar_right'   ><div class='container' ><div class='template-page content  av-content-small alpha units'><div class='post-entry post-entry-type-page post-entry-14387'><div class='entry-content-wrapper clearfix'>\n<section class=\"av_textblock_section\"  itemscope=\"itemscope\" itemtype=\"https:\/\/schema.org\/CreativeWork\" ><div class='avia_textblock'   itemprop=\"text\" ><p>Kas plaanite pidu, reisi v\u00f5i lihtsalt vaikset \u00f5htut kodus? Otsid originaalset kingitust mehele v\u00f5i s\u00f5brale? V\u00f5i \u00e4kki soovite lihtsalt proovida midagi uut v\u00f5i l\u00f5\u00f5gastuda ja nautida vesipiibu seanssi? V\u00f5imalik, et plaanite osta vesipiipu, kuid enne seda tahaksite proovida meie vesipiipu ja nende tarvikuid? HookahGO-l on teile pakkumine - vesipiibu rent Vilniuses ja Vilniuse piirkonnas. Samuti vesipiibu ja selle tarvikute l\u00fchiajaline rent.<\/p>\n<p>HookahGO pakub teile laias valikus vesipiibu mudeleid, erinevaid vesipiibutarvikuid ja tarvikuid, mis tagavad kvaliteetse maitse ja l\u00f5hna. Hea suits ja hea rendihind on meie prioriteet!<\/p>\n<p>Kas otsite vesipiibu rentimist peoks v\u00f5i \u00fcrituseks? Pakkumised leiad sellelt lehelt: <span style=\"color: #993300;\"><a style=\"color: #993300;\" href=\"https:\/\/hookahshop.lt\/et\/vesipiibu-pidu-voi-uritus\/\">Vesipiip t\u00e4histamiseks v\u00f5i \u00fcrituseks<\/a><\/span><\/p>\n<p>V\u00f5ite taotleda vesipiibulaenutust\u00a0<a href=\"https:\/\/hookahshop.lt\/et\/kontaktid\/\">Kontaktid<\/a>\u00a0veerg. Lisateavet leiate meie Facebooki kontolt\u00a0<a href=\"https:\/\/www.facebook.com\/kaljanunuoma\/\" target=\"_blank\" rel=\"noopener\">Hookahgo.lt<\/a>\u00a0v\u00f5i telefoni teel <a href=\"tel:+37069226633\">+370 69226633<\/a>.<\/p>\n<\/div><\/section>\n<div style='height:25px' class='hr hr-invisible'><span class='hr-inner' ><span class='hr-inner-style'><\/span><\/span><\/div>\n<section class=\"avia_codeblock_section  avia_code_block_0\"  itemscope=\"itemscope\" itemtype=\"https:\/\/schema.org\/CreativeWork\" ><div class='avia_codeblock'  itemprop=\"text\" > [avia_codeblock_placeholder uid = &quot;0&quot;] <\/div><\/section>\n<div  data-autoplay='1'  data-interval='5'  data-animation='fade'  data-hoverpause='1'  class='avia-testimonial-wrapper avia-slider-testimonials avia-slider-2-testimonials avia_animate_when_almost_visible'>\n<section class ='avia-testimonial-row'><div class='avia-testimonial av_one_half flex_column no_margin avia-testimonial-row-1 avia-first-testimonial'  itemscope=\"itemscope\" itemtype=\"https:\/\/schema.org\/Person\" ><div class='avia-testimonial_inner'><div class='avia-testimonial-content'    itemscope=\"itemscope\" itemtype=\"https:\/\/schema.org\/CreativeWork\" ><div class=\"t396__elem tn-elem tn-elem__2247811751598626121594\" data-elem-id=\"1598626121594\" data-elem-type=\"text\" data-field-top-value=\"180\" data-field-top-res-320-value=\"95\" data-field-left-value=\"90\" data-field-left-res-320-value=\"30\" data-field-width-value=\"1130\" data-field-width-res-320-value=\"270\" data-field-axisy-value=\"top\" data-field-axisx-value=\"left\" data-field-container-value=\"grid\" data-field-topunits-value=\"\" data-field-leftunits-value=\"\" data-field-heightunits-value=\"\" data-field-widthunits-value=\"\" data-fields=\"top,left,width,container,axisx,axisy,widthunits,leftunits,topunits\">\n<ul>\n<li>Laenutavale vesipiibule j\u00e4rele saamiseks tuleb tulla Vilniuses m\u00e4\u00e4ratud aadressile - AJ Povilai\u010dio g. 14 \/ Kedr\u0173 tn 3 \/. Me ei saada rendikomplekte ei posti, postiautomaadi ega kullerteenuse kaudu.<\/li>\n<li>Laenutatud vesipiibu kogumise ajal s\u00f5lmitakse rendileping ja tasutakse tagatisraha v\u00f5i dokument (juhiluba v\u00f5i passiraamat).<\/li>\n<li>Tagatisraha t\u00e4ies ulatuses tagastatakse \u00fc\u00fcrnikule juhuks, kui vesipiip ja komplektis olevad tarvikud tagastatakse algselt, kahjustamata.<\/li>\n<li>Kui vesipiip v\u00f5i m\u00f5ni muu komplekti kuuluv tarvik tagastatakse katki v\u00f5i kahjustatakse, arvatakse \u00fc\u00fcrnikule tagastatavast tagatisrahast maha summa, s\u00f5ltuvalt kahju suurusest.<\/li>\n<\/ul>\n<\/div>\n<\/div><div class='avia-testimonial-meta'><div class='avia-testimonial-arrow-wrap'><div class='avia-arrow'><\/div><\/div><div class='avia-testimonial-meta-mini'><\/div><\/div><\/div><\/div>\n<\/section><\/div>\n<\/div><\/div><\/div><!-- close content main div --><\/div><\/div><div id='av_section_2' class='avia-section main_color avia-section-default avia-no-shadow avia-full-stretch av-section-color-overlay-active avia-bg-style-scroll    container_wrap sidebar_right' style = 'background-repeat: no-repeat; background-image: url(https:\/\/hookahshop.lt\/wp-content\/uploads\/2020\/11\/FT108751-2.jpg); background-attachment: scroll; background-position: center center; ' data-section-bg-repeat='stretch' ><div class='av-section-color-overlay-wrap'><div class='av-section-color-overlay' style='opacity: 0.7; background-color: #0c0c0c; '><\/div><div class='container' ><div class='template-page content  av-content-small alpha units'><div class='post-entry post-entry-type-page post-entry-14387'><div class='entry-content-wrapper clearfix'>\n<div class=\"flex_column av_two_fifth  flex_column_div av-zero-column-padding first\" style='border-radius:0px; '><p><div style='padding-bottom:10px;color:#ffffff;' class='av-special-heading av-special-heading-h2 custom-color-heading blockquote modern-quote'><h2 class='av-special-heading-tag'  itemprop=\"headline\"  >Vesipiibu rendihinnad<\/h2><div class='special-heading-border'><div class='special-heading-inner-border' style='border-color:#ffffff'><\/div><\/div><\/div><br \/>\n<div class='avia-icon-list-container'><ul class='avia-icon-list avia-icon-list-left av-iconlist-big avia_animate_when_almost_visible'>\n<li><div  style='background-color:#303030; border:1px solid #303030; color:#ffffff; ' class='iconlist_icon  avia-font-entypo-fontello'><span class='iconlist-char' aria-hidden='true' data-av_icon='\ue809' data-av_iconfont='entypo-fontello'><\/span><\/div><article class=\"article-icon-entry\"  itemscope=\"itemscope\" itemtype=\"https:\/\/schema.org\/CreativeWork\" ><div class='iconlist_content_wrap'><header class=\"entry-content-header\"><h4 class='av_iconlist_title iconlist_title av_inherit_color'  itemprop=\"headline\"   style='color:#ffffff; '>1-3 p\u00e4eva<\/h4><\/header><div class='iconlist_content av_inherit_color'  itemprop=\"text\"   style='color:#ededed; '><p>30 \u20ac\/p\u00e4ev<\/p>\n<\/div><\/div><footer class=\"entry-footer\"><\/footer><\/article><div class='iconlist-timeline'><\/div><\/li>\n<li><div  style='background-color:#303030; border:1px solid #303030; color:#ffffff; ' class='iconlist_icon  avia-font-entypo-fontello'><span class='iconlist-char' aria-hidden='true' data-av_icon='\ue809' data-av_iconfont='entypo-fontello'><\/span><\/div><article class=\"article-icon-entry\"  itemscope=\"itemscope\" itemtype=\"https:\/\/schema.org\/CreativeWork\" ><div class='iconlist_content_wrap'><header class=\"entry-content-header\"><h4 class='av_iconlist_title iconlist_title av_inherit_color'  itemprop=\"headline\"   style='color:#ffffff; '>3-5 p\u00e4eva<\/h4><\/header><div class='iconlist_content av_inherit_color'  itemprop=\"text\"   style='color:#ededed; '><p>29 \u20ac\/p\u00e4ev<\/p>\n<\/div><\/div><footer class=\"entry-footer\"><\/footer><\/article><div class='iconlist-timeline'><\/div><\/li>\n<li><div  style='background-color:#303030; border:1px solid #303030; color:#ffffff; ' class='iconlist_icon  avia-font-entypo-fontello'><span class='iconlist-char' aria-hidden='true' data-av_icon='\ue809' data-av_iconfont='entypo-fontello'><\/span><\/div><article class=\"article-icon-entry\"  itemscope=\"itemscope\" itemtype=\"https:\/\/schema.org\/CreativeWork\" ><div class='iconlist_content_wrap'><header class=\"entry-content-header\"><h4 class='av_iconlist_title iconlist_title av_inherit_color'  itemprop=\"headline\"   style='color:#ffffff; '>5 p\u00e4eva ja rohkem<\/h4><\/header><div class='iconlist_content av_inherit_color'  itemprop=\"text\"   style='color:#ededed; '><p>28\u20ac\/p\u00e4ev<\/p>\n<\/div><\/div><footer class=\"entry-footer\"><\/footer><\/article><div class='iconlist-timeline'><\/div><\/li>\n<li><div  style='background-color:#303030; border:1px solid #303030; color:#ffffff; ' class='iconlist_icon  avia-font-entypo-fontello'><span class='iconlist-char' aria-hidden='true' data-av_icon='\ue809' data-av_iconfont='entypo-fontello'><\/span><\/div><article class=\"article-icon-entry\"  itemscope=\"itemscope\" itemtype=\"https:\/\/schema.org\/CreativeWork\" ><div class='iconlist_content_wrap'><header class=\"entry-content-header\"><h4 class='av_iconlist_title iconlist_title av_inherit_color'  itemprop=\"headline\"   style='color:#ffffff; '>Tagatisraha<\/h4><\/header><div class='iconlist_content av_inherit_color'  itemprop=\"text\"   style='color:#ededed; '><p>100 \u20ac v\u00f5i isikut t\u00f5endav dokument<\/p>\n<\/div><\/div><footer class=\"entry-footer\"><\/footer><\/article><div class='iconlist-timeline'><\/div><\/li>\n<\/ul><\/div><\/p><\/div><div class=\"flex_column av_three_fifth  flex_column_div av-zero-column-padding\" style='border-radius:0px; '><section class=\"avia_codeblock_section  avia_code_block_1\"  itemscope=\"itemscope\" itemtype=\"https:\/\/schema.org\/CreativeWork\" ><div class='avia_codeblock'  itemprop=\"text\" > [avia_codeblock_placeholder uid = &quot;1&quot;] <\/div><\/section><\/div>\n<\/div><\/div><\/div><!-- close content main div --><\/div><\/div><\/div><div id='after_section_2' class='main_color av_default_container_wrap container_wrap sidebar_right'   ><div class='container' ><div class='template-page content  av-content-small alpha units'><div class='post-entry post-entry-type-page post-entry-14387'><div class='entry-content-wrapper clearfix'>\n<div style='padding-bottom:10px;' class='av-special-heading av-special-heading-h2  blockquote modern-quote'><h2 class='av-special-heading-tag'  itemprop=\"headline\"  >Vesipiibu rentimise komplekt<\/h2><div class='special-heading-border'><div class='special-heading-inner-border' ><\/div><\/div><\/div>\n<div class=\"tabcontainer   top_tab\">\n\n<section class=\"av_tab_section\"  itemscope=\"itemscope\" itemtype=\"https:\/\/schema.org\/CreativeWork\" >    <div data-fake-id=\"#tab-id-1\" class=\"tab active_tab\"  itemprop=\"headline\" ><span class='tab_icon' aria-hidden='true' data-av_icon='\ue8a5' data-av_iconfont='entypo-fontello'><\/span>Vesipiibulaenutus<\/div>\n    <div id=\"tab-id-1-container\" class=\"tab_content active_tab_content\">\n        <div class=\"tab_inner_content invers-color\"  itemprop=\"text\" >\n<ul>\n<li class=\"tn-atom\">Vesipiip (meil on erinevaid kujundusi);<\/li>\n<li class=\"tn-atom\">Kolb (selge veetaseme n\u00e4itamiseks);<\/li>\n<li class=\"tn-atom\">Voolik (silikoonmust);<\/li>\n<li class=\"tn-atom\">Tass (saab valida erinevat t\u00fc\u00fcpi: t\u00fcrgi, tapja v\u00f5i torni);<\/li>\n<li class=\"tn-atom\">Pliidi- v\u00f5i matkapliit (s\u00f6e s\u00fc\u00fctamiseks kodus v\u00f5i \u00f5ues);<\/li>\n<li class=\"tn-atom\">S\u00fcsinik 8 tk. (looduslik kookoss\u00fcsi);<\/li>\n<li>Soojuskamber;<\/li>\n<li class=\"tn-atom\">Tangid;<\/li>\n<li>\u00dchekordsed huulikud;<\/li>\n<li class=\"tn-atom\">Kast transpordiks.<\/li>\n<\/ul>\n\n        <\/div>\n    <\/div>\n<\/section>\n\n<section class=\"av_tab_section\"  itemscope=\"itemscope\" itemtype=\"https:\/\/schema.org\/CreativeWork\" >    <div data-fake-id=\"#tab-id-2\" class=\"tab\"  itemprop=\"headline\" ><span class='tab_icon' aria-hidden='true' data-av_icon='\ue82b' data-av_iconfont='entypo-fontello'><\/span>Miks on vesipiibulaenutus kasulik?<\/div>\n    <div id=\"tab-id-2-container\" class=\"tab_content\">\n        <div class=\"tab_inner_content invers-color\"  itemprop=\"text\" >\n<div id=\"rec224781176\" class=\"r t-rec\" data-animationappear=\"off\" data-record-type=\"396\">\n<div class=\"t396\">\n<div class=\"t396__artboard rendered\" data-artboard-recid=\"224781176\" data-artboard-height=\"710\" data-artboard-height-res-320=\"670\" data-artboard-height_vh=\"\" data-artboard-valign=\"center\" data-artboard-ovrflw=\"\" data-artboard-proxy-min-offset-top=\"0\" data-artboard-proxy-min-height=\"710\" data-artboard-proxy-max-height=\"710\">\n<div class=\"t396__elem tn-elem tn-elem__2247811761470209944682\" data-elem-id=\"1470209944682\" data-elem-type=\"text\" data-field-top-value=\"60\" data-field-top-res-320-value=\"25\" data-field-left-value=\"20\" data-field-left-res-320-value=\"10\" data-field-width-value=\"1230\" data-field-width-res-320-value=\"320\" data-field-axisy-value=\"top\" data-field-axisx-value=\"left\" data-field-container-value=\"grid\" data-field-topunits-value=\"\" data-field-leftunits-value=\"\" data-field-heightunits-value=\"\" data-field-widthunits-value=\"\" data-fields=\"top,left,width,container,axisx,axisy,widthunits,leftunits,topunits\">\n<div>Vesipiibu rentimine on suurep\u00e4rane lahendus, kui soovite proovida vesipiipu v\u00f5i soovite lihtsalt vesipiipu nautida, kasutades selleks vesipiibulaenutust.<\/div>\n<div class=\"tn-atom\">Vesipiibulaenutus on suurep\u00e4rane lahendus peoks, romantiliseks kohtinguks v\u00f5i \u00fcksinduses l\u00f5\u00f5gastumiseks p\u00e4rast p\u00e4evast t\u00f6\u00f6d.<\/div>\n<\/div>\n<div class=\"t396__elem tn-elem tn-elem__2247811761470233923389\" data-elem-id=\"1470233923389\" data-elem-type=\"text\" data-field-top-value=\"175\" data-field-top-res-320-value=\"160\" data-field-left-value=\"20\" data-field-left-res-320-value=\"10\" data-field-width-value=\"1130\" data-field-width-res-320-value=\"300\" data-field-axisy-value=\"top\" data-field-axisx-value=\"left\" data-field-container-value=\"grid\" data-field-topunits-value=\"\" data-field-leftunits-value=\"\" data-field-heightunits-value=\"\" data-field-widthunits-value=\"\" data-fields=\"top,left,width,container,axisx,axisy,widthunits,leftunits,topunits\">\n<div class=\"tn-atom\">Kvaliteetne toode on \u00fcsna kallis. Odavat ja madala kvaliteediga seadet pole vaja osta, kui saate lihtsalt t\u00e4iskomplekti rentida ja muretult seanssi nautida.<br \/>\nLisaks on see teenus mugav, kui elamispind on piiratud, kuna vesipiipu ei kasutata pidevalt, siis \u00fclej\u00e4\u00e4nud aja v\u00f5tab see lihtsalt majas ruumi.<br \/>\nSamuti v\u00f5imaldab see teenus proovida erinevaid vesipiipe ja aitab teil otsustada seadme v\u00f5imaliku ostmise \u00fcle tulevikus.<br \/>\nSaate t\u00e4ieliku komplekti taskukohase hinnaga ja kasutate seda ning kui te seadet enam ei vaja, tagastate selle meile.<\/div>\n<\/div>\n<\/div>\n<\/div>\n<\/div>\n\n        <\/div>\n    <\/div>\n<\/section>\n\n<section class=\"av_tab_section\"  itemscope=\"itemscope\" itemtype=\"https:\/\/schema.org\/CreativeWork\" >    <div data-fake-id=\"#tab-id-3\" class=\"tab\"  itemprop=\"headline\" ><span class='tab_icon' aria-hidden='true' data-av_icon='\ue842' data-av_iconfont='entypo-fontello'><\/span>Vesipiibulaen Vilniuses - kust ja kuidas rentida?<\/div>\n    <div id=\"tab-id-3-container\" class=\"tab_content\">\n        <div class=\"tab_inner_content invers-color\"  itemprop=\"text\" >\n<div class=\"t396__elem tn-elem tn-elem__2247811781470209944682\" data-elem-id=\"1470209944682\" data-elem-type=\"text\" data-field-top-value=\"60\" data-field-top-res-320-value=\"19\" data-field-left-value=\"20\" data-field-left-res-320-value=\"10\" data-field-width-value=\"1230\" data-field-width-res-320-value=\"320\" data-field-axisy-value=\"top\" data-field-axisx-value=\"left\" data-field-container-value=\"grid\" data-field-topunits-value=\"\" data-field-leftunits-value=\"\" data-field-heightunits-value=\"\" data-field-widthunits-value=\"\" data-fields=\"top,left,width,container,axisx,axisy,widthunits,leftunits,topunits\">\n<div><strong>V\u00f5ta meiega \u00fchendust<\/strong> vesipiibu rentimiseks saate:<\/div>\n<ul>\n<li>P\u00e4rast erivormi kasutamist jaotises - &quot;<a href=\"https:\/\/hookahshop.lt\/et\/kontaktid\/\">Kontaktid<\/a>&#8222;.<\/li>\n<li>Helistamine - <a href=\"tel:+37069226633\">+37069226633<\/a><\/li>\n<\/ul>\n<div><\/div>\n<div class=\"tn-atom\"><b>Rent<\/b> Vesipiibu komplekti saate siit:<\/div>\n<\/div>\n<div class=\"t396__elem tn-elem tn-elem__2247811781598628080464\" data-elem-id=\"1598628080464\" data-elem-type=\"text\" data-field-top-value=\"220\" data-field-top-res-320-value=\"203\" data-field-left-value=\"20\" data-field-left-res-320-value=\"10\" data-field-width-value=\"1130\" data-field-width-res-320-value=\"300\" data-field-axisy-value=\"top\" data-field-axisx-value=\"left\" data-field-container-value=\"grid\" data-field-topunits-value=\"\" data-field-leftunits-value=\"\" data-field-heightunits-value=\"\" data-field-widthunits-value=\"\" data-fields=\"top,left,width,container,axisx,axisy,widthunits,leftunits,topunits\">\n<div class=\"tn-atom\">Vilnius: AJ Povila\u010dio g. 14.<\/div>\n<div class=\"tn-atom\">Vilnius: Kedr\u0173 g. 3<\/div>\n<div><\/div>\n<div><\/div>\n<div class=\"tn-atom\"><strong>Tagasi<\/strong> vesipiibukomplekt on vajalik samasse kohta, kust selle \u00fcles v\u00f5tsite.<\/div>\n<\/div>\n\n        <\/div>\n    <\/div>\n<\/section>\n\n<section class=\"av_tab_section\"  itemscope=\"itemscope\" itemtype=\"https:\/\/schema.org\/CreativeWork\" >    <div data-fake-id=\"#tab-id-4\" class=\"tab\"  itemprop=\"headline\" ><span class='tab_icon' aria-hidden='true' data-av_icon='\ue842' data-av_iconfont='entypo-fontello'><\/span>Vesipiibu rent Kaunases<\/div>\n    <div id=\"tab-id-4-container\" class=\"tab_content\">\n        <div class=\"tab_inner_content invers-color\"  itemprop=\"text\" >\n<div class=\"t396__elem tn-elem tn-elem__2247811781470209944682\" data-elem-id=\"1470209944682\" data-elem-type=\"text\" data-field-top-value=\"60\" data-field-top-res-320-value=\"19\" data-field-left-value=\"20\" data-field-left-res-320-value=\"10\" data-field-width-value=\"1230\" data-field-width-res-320-value=\"320\" data-field-axisy-value=\"top\" data-field-axisx-value=\"left\" data-field-container-value=\"grid\" data-field-topunits-value=\"\" data-field-leftunits-value=\"\" data-field-heightunits-value=\"\" data-field-widthunits-value=\"\" data-fields=\"top,left,width,container,axisx,axisy,widthunits,leftunits,topunits\">\n<div><strong>V\u00f5ta meiega \u00fchendust<\/strong> vesipiibu rentimiseks saate:<\/div>\n<ul>\n<li>P\u00e4rast erivormi kasutamist jaotises - &quot;<a href=\"https:\/\/hookahshop.lt\/et\/kontaktid\/\">Kontaktid<\/a>&#8222;.<\/li>\n<li>Helistamine - <a href=\"tel:+37069226633\">+37069226633<\/a><\/li>\n<\/ul>\n<\/div>\n<div class=\"t396__elem tn-elem tn-elem__2247811781598628080464\" data-elem-id=\"1598628080464\" data-elem-type=\"text\" data-field-top-value=\"220\" data-field-top-res-320-value=\"203\" data-field-left-value=\"20\" data-field-left-res-320-value=\"10\" data-field-width-value=\"1130\" data-field-width-res-320-value=\"300\" data-field-axisy-value=\"top\" data-field-axisx-value=\"left\" data-field-container-value=\"grid\" data-field-topunits-value=\"\" data-field-leftunits-value=\"\" data-field-heightunits-value=\"\" data-field-widthunits-value=\"\" data-fields=\"top,left,width,container,axisx,axisy,widthunits,leftunits,topunits\">\n<div class=\"tn-atom\">Selles linnas toimetame teile vesipiibu kokkulepitud kohta.<\/div>\n<div><\/div>\n<div><\/div>\n<div class=\"tn-atom\"><strong>Tagasi<\/strong> vesipiibukomplekt on vajalik samasse kohta, kust selle \u00fcles v\u00f5tsite.<\/div>\n<\/div>\n\n        <\/div>\n    <\/div>\n<\/section>\n\n<\/div>","protected":false},"excerpt":{"rendered":"","protected":false},"author":1,"featured_media":0,"parent":0,"menu_order":0,"comment_status":"closed","ping_status":"closed","template":"","meta":[],"_links":{"self":[{"href":"https:\/\/hookahshop.lt\/et\/wp-json\/wp\/v2\/pages\/14387"}],"collection":[{"href":"https:\/\/hookahshop.lt\/et\/wp-json\/wp\/v2\/pages"}],"about":[{"href":"https:\/\/hookahshop.lt\/et\/wp-json\/wp\/v2\/types\/page"}],"author":[{"embeddable":true,"href":"https:\/\/hookahshop.lt\/et\/wp-json\/wp\/v2\/users\/1"}],"replies":[{"embeddable":true,"href":"https:\/\/hookahshop.lt\/et\/wp-json\/wp\/v2\/comments?post=14387"}],"version-history":[{"count":30,"href":"https:\/\/hookahshop.lt\/et\/wp-json\/wp\/v2\/pages\/14387\/revisions"}],"predecessor-version":[{"id":42790,"href":"https:\/\/hookahshop.lt\/et\/wp-json\/wp\/v2\/pages\/14387\/revisions\/42790"}],"wp:attachment":[{"href":"https:\/\/hookahshop.lt\/et\/wp-json\/wp\/v2\/media?parent=14387"}],"curies":[{"name":"wp","href":"https:\/\/api.w.org\/{rel}","templated":true}]}}