{"id":14473,"date":"2020-11-17T17:00:11","date_gmt":"2020-11-17T15:00:11","guid":{"rendered":"https:\/\/hookahshop.lt\/?page_id=14473"},"modified":"2021-12-14T03:14:17","modified_gmt":"2021-12-14T01:14:17","slug":"kaljanu-paslaugu-tiekejams","status":"publish","type":"page","link":"https:\/\/hookahshop.lt\/et\/vesipiibu-teenuse-pakkujad\/","title":{"rendered":"Vesipiibuteenuse pakkujad"},"content":{"rendered":"<\/div><\/div><\/div><!-- close content main div --><\/div><\/div><div id='av_section_1' class='avia-section main_color avia-section-default avia-no-shadow avia-full-stretch av-section-color-overlay-active avia-bg-style-fixed    container_wrap sidebar_right' style = 'background-repeat: no-repeat; background-image: url(https:\/\/hookahshop.lt\/wp-content\/uploads\/2020\/11\/kaljanu-nuoma-vilniuje-scaled.jpg); background-attachment: fixed; background-position: center center; ' data-section-bg-repeat='stretch' ><div class='av-section-color-overlay-wrap'><div class='av-section-color-overlay' style='opacity: 0.6; background-color: #0c0c0c; '><\/div><div class='container' ><div class='template-page content  av-content-small alpha units'><div class='post-entry post-entry-type-page post-entry-14473'><div class='entry-content-wrapper clearfix'>\n<div style='padding-bottom:30px;color:#ffffff;font-size:70px;' class='av-special-heading av-special-heading-h1 custom-color-heading blockquote modern-quote modern-centered   av-inherit-size'><h1 class='av-special-heading-tag'  itemprop=\"headline\"  >POOLTE TEENUSE PAKKUJATELE<\/h1><div class='special-heading-border'><div class='special-heading-inner-border' style='border-color:#ffffff'><\/div><\/div><\/div>\n<\/div><\/div><\/div><!-- close content main div --><\/div><\/div><\/div><div id='after_section_1' class='main_color av_default_container_wrap container_wrap sidebar_right'   ><div class='container' ><div class='template-page content  av-content-small alpha units'><div class='post-entry post-entry-type-page post-entry-14473'><div class='entry-content-wrapper clearfix'>\n<section class=\"av_textblock_section\"  itemscope=\"itemscope\" itemtype=\"https:\/\/schema.org\/CreativeWork\" ><div class='avia_textblock'   itemprop=\"text\" ><h2>POOLTE TEENUSE PAKKUJATELE<\/h2>\n<p><strong>Kas plaanite uut ettev\u00f5tet v\u00f5i on teil toimiv baar, klubi, terrass?<\/strong><\/p>\n<ul>\n<li>Pakume spetsialiseeritud \u00e4rin\u00f5ustamist vesipiibuteenuste pakkujatele vesipiibu valdkonnas.<\/li>\n<li>Pakume \u00f5igusn\u00f5u vesipiibude kohta.<\/li>\n<li>Aitame korraldada vesipiibuteenuste pakkumist ja koostamist ning lisak\u00e4ive ja kasum j\u00e4\u00e4vad teile.<\/li>\n<li>Koostame parimad pakkumised kvaliteetsete seadmete ostmiseks.<\/li>\n<li>V\u00f5imalik tellida individuaalseid vesipiipe vastavalt oma \u00e4rile, disainikontseptsioonile.<\/li>\n<li>Anname v\u00f5imaluse soetada suures koguses s\u00fctt, huulikuid ja muid jooksvaid tarvikuid soodsamalt.<\/li>\n<li>Pakume teie t\u00f6\u00f6tajale professionaalset vesipiibumeistri koolitust.<\/li>\n<li>Anname uuele koolitusmaterjalile juurdep\u00e4\u00e4su eelisj\u00e4rjekorras \u00f5ngitsejale.<\/li>\n<li>Valides \u00fche pakutavatest plaanidest, saate t\u00e4iendavat tuge ja kontrolli vesipiibu t\u00f6\u00f6 kvaliteedi \u00fcle.<\/li>\n<\/ul>\n<p>V\u00f5ite taotleda vesipiibulaenutust\u00a0<a href=\"https:\/\/hookahshop.lt\/et\/kontaktid\/\">Kontaktid<\/a>\u00a0veerg. Lisateavet leiate meie Facebooki kontolt\u00a0<a href=\"https:\/\/www.facebook.com\/kaljanunuoma\/\" target=\"_blank\" rel=\"noopener\">Hookahgo.lt<\/a>\u00a0v\u00f5i telefonil +370 69226633.<\/p>\n<\/div><\/section>\n<div class=\"tabcontainer   top_tab\">\n\n<section class=\"av_tab_section\"  itemscope=\"itemscope\" itemtype=\"https:\/\/schema.org\/CreativeWork\" >    <div data-fake-id=\"#tab-id-1\" class=\"tab active_tab\"  itemprop=\"headline\" ><span class='tab_icon' aria-hidden='true' data-av_icon='\ue8a5' data-av_iconfont='entypo-fontello'><\/span>Kas teil on vesipiibuklubi ja otsite tarnijaid?<\/div>\n    <div id=\"tab-id-1-container\" class=\"tab_content active_tab_content\">\n        <div class=\"tab_inner_content invers-color\"  itemprop=\"text\" >\n<ul>\n<li>Pakume kaupade ostmiseks soodsaid tingimusi ja hindu.<\/li>\n<li>Esmatarbekaupu (s\u00fcsi, huulikud, muud tarvikud) pakume suures koguses erihinnaga.<\/li>\n<li>Pakume professionaalseid suure v\u00f5imsusega kivis\u00f6e k\u00fctteseadmeid.<\/li>\n<li>Pakume vesipiibuseadmetele spetsiaalseid puhastus- ja desinfitseerimisvahendeid.<\/li>\n<li>Pakume laia valikut kvaliteetseid vesipiipu Leedus saadaolevatest mudelitest.<\/li>\n<li>Pakume erikaupade tellimist v\u00e4lismaistest ladudest.<\/li>\n<\/ul>\n\n        <\/div>\n    <\/div>\n<\/section>\n\n<section class=\"av_tab_section\"  itemscope=\"itemscope\" itemtype=\"https:\/\/schema.org\/CreativeWork\" >    <div data-fake-id=\"#tab-id-2\" class=\"tab\"  itemprop=\"headline\" ><span class='tab_icon' aria-hidden='true' data-av_icon='\ue82b' data-av_iconfont='entypo-fontello'><\/span>Kas te ei soovi seadmeid osta?<\/div>\n    <div id=\"tab-id-2-container\" class=\"tab_content\">\n        <div class=\"tab_inner_content invers-color\"  itemprop=\"text\" >\n<div id=\"rec224781176\" class=\"r t-rec\" data-animationappear=\"off\" data-record-type=\"396\">\n<div class=\"t396\">\n<div class=\"t396__artboard rendered\" data-artboard-recid=\"224781176\" data-artboard-height=\"710\" data-artboard-height-res-320=\"670\" data-artboard-height_vh=\"\" data-artboard-valign=\"center\" data-artboard-ovrflw=\"\" data-artboard-proxy-min-offset-top=\"0\" data-artboard-proxy-min-height=\"710\" data-artboard-proxy-max-height=\"710\">\n<div class=\"t396__elem tn-elem tn-elem__2247811761470209944682\" data-elem-id=\"1470209944682\" data-elem-type=\"text\" data-field-top-value=\"60\" data-field-top-res-320-value=\"25\" data-field-left-value=\"20\" data-field-left-res-320-value=\"10\" data-field-width-value=\"1230\" data-field-width-res-320-value=\"320\" data-field-axisy-value=\"top\" data-field-axisx-value=\"left\" data-field-container-value=\"grid\" data-field-topunits-value=\"\" data-field-leftunits-value=\"\" data-field-heightunits-value=\"\" data-field-widthunits-value=\"\" data-fields=\"top,left,width,container,axisx,axisy,widthunits,leftunits,topunits\">\n<div class=\"tn-atom\">\n<ul>\n<li>Pakume Sulle rentida vesipiipu. Laenutada piiratud koguses vesipiipu.<\/li>\n<li>Pakume vesipiibuvarustust osta j\u00e4relmaksuga.<\/li>\n<li>Iga taotlust vaadatakse eraldi l\u00e4bi<\/li>\n<\/ul>\n<\/div>\n<\/div>\n<div class=\"t396__elem tn-elem tn-elem__2247811761470233923389\" data-elem-id=\"1470233923389\" data-elem-type=\"text\" data-field-top-value=\"175\" data-field-top-res-320-value=\"160\" data-field-left-value=\"20\" data-field-left-res-320-value=\"10\" data-field-width-value=\"1130\" data-field-width-res-320-value=\"300\" data-field-axisy-value=\"top\" data-field-axisx-value=\"left\" data-field-container-value=\"grid\" data-field-topunits-value=\"\" data-field-leftunits-value=\"\" data-field-heightunits-value=\"\" data-field-widthunits-value=\"\" data-fields=\"top,left,width,container,axisx,axisy,widthunits,leftunits,topunits\"><\/div>\n<\/div>\n<\/div>\n<\/div>\n\n        <\/div>\n    <\/div>\n<\/section>\n\n<section class=\"av_tab_section\"  itemscope=\"itemscope\" itemtype=\"https:\/\/schema.org\/CreativeWork\" >    <div data-fake-id=\"#tab-id-3\" class=\"tab\"  itemprop=\"headline\" ><span class='tab_icon' aria-hidden='true' data-av_icon='\ue842' data-av_iconfont='entypo-fontello'><\/span>Miks valida partnerlus HookahShopiga?<\/div>\n    <div id=\"tab-id-3-container\" class=\"tab_content\">\n        <div class=\"tab_inner_content invers-color\"  itemprop=\"text\" >\n<div class=\"t396__elem tn-elem tn-elem__2247811781470209944682\" data-elem-id=\"1470209944682\" data-elem-type=\"text\" data-field-top-value=\"60\" data-field-top-res-320-value=\"19\" data-field-left-value=\"20\" data-field-left-res-320-value=\"10\" data-field-width-value=\"1230\" data-field-width-res-320-value=\"320\" data-field-axisy-value=\"top\" data-field-axisx-value=\"left\" data-field-container-value=\"grid\" data-field-topunits-value=\"\" data-field-leftunits-value=\"\" data-field-heightunits-value=\"\" data-field-widthunits-value=\"\" data-fields=\"top,left,width,container,axisx,axisy,widthunits,leftunits,topunits\">\n<div class=\"tn-atom\">\n<ul>\n<li>Lai valik kvaliteetseid kaupu.<\/li>\n<li>Kiire kohaletoimetamine ja j\u00e4reletulemine.<\/li>\n<li>K\u00f5ik kaubad Leedu ladudes.<\/li>\n<li>V\u00f5imalik on tellida oma kontseptsiooni j\u00e4rgi \u00fcksikuid vesipiipe, mis valmivad maailma parimate vesipiibutootjate poolt.<\/li>\n<li>Soodsad hinnad ja t\u00e4iendavad allahindlused.<\/li>\n<\/ul>\n<\/div>\n<\/div>\n<div class=\"t396__elem tn-elem tn-elem__2247811781598628080464\" data-elem-id=\"1598628080464\" data-elem-type=\"text\" data-field-top-value=\"220\" data-field-top-res-320-value=\"203\" data-field-left-value=\"20\" data-field-left-res-320-value=\"10\" data-field-width-value=\"1130\" data-field-width-res-320-value=\"300\" data-field-axisy-value=\"top\" data-field-axisx-value=\"left\" data-field-container-value=\"grid\" data-field-topunits-value=\"\" data-field-leftunits-value=\"\" data-field-heightunits-value=\"\" data-field-widthunits-value=\"\" data-fields=\"top,left,width,container,axisx,axisy,widthunits,leftunits,topunits\"><\/div>\n\n        <\/div>\n    <\/div>\n<\/section>\n\n<section class=\"av_tab_section\"  itemscope=\"itemscope\" itemtype=\"https:\/\/schema.org\/CreativeWork\" >    <div data-fake-id=\"#tab-id-4\" class=\"tab\"  itemprop=\"headline\" ><span class='tab_icon' aria-hidden='true' data-av_icon='\ue842' data-av_iconfont='entypo-fontello'><\/span>Miks see teile kasulik on?<\/div>\n    <div id=\"tab-id-4-container\" class=\"tab_content\">\n        <div class=\"tab_inner_content invers-color\"  itemprop=\"text\" >\n<ul>\n<li>Populaarsemate vesipiipude uued mudelid saad osta kiiresti ja muretult.<\/li>\n<li>Lisaks ostad erinevat t\u00fc\u00fcpi ja tootjate tasse ja muid h\u00e4davajalikke tarvikuid nagu s\u00fcsi, huulikud, puhastusvahendid ja palju muud.<\/li>\n<li>P\u00e4rast personali koolitamist saate ise reguleerida haakuri t\u00f6\u00f6d ja palka.<\/li>\n<li>Saate rohkem rahalisi eeliseid.<\/li>\n<li>Meiega koost\u00f6\u00f6d tehes saate kiiresti ja lihtsalt t\u00e4iendada vajalike toodete varusid.<\/li>\n<li>Valides \u00fche pakutavatest pakettidest, saate t\u00e4iendavat kvaliteedikontrolli, j\u00e4relevalvet ja \u00f5ngitseja koolitust.<\/li>\n<\/ul>\n\n        <\/div>\n    <\/div>\n<\/section>\n\n<\/div>\n\n<div  data-autoplay='1'  data-interval='5'  data-animation='fade'  data-hoverpause='1'  class='avia-testimonial-wrapper avia-slider-testimonials avia-slider-2-testimonials avia_animate_when_almost_visible'>\n<section class ='avia-testimonial-row'><div class='avia-testimonial av_one_half flex_column no_margin avia-testimonial-row-1 avia-first-testimonial'  itemscope=\"itemscope\" itemtype=\"https:\/\/schema.org\/Person\" ><div class='avia-testimonial_inner'><div class='avia-testimonial-content'    itemscope=\"itemscope\" itemtype=\"https:\/\/schema.org\/CreativeWork\" ><p style=\"text-align: center;\"><strong>\u00c4riplaani valimine<\/strong><\/p>\n<div class=\"t-name t-name_lg t859__bottommargin\" style=\"text-align: center;\"><strong>\u00dchekordne ost<\/strong><\/div>\n<div class=\"t-descr t-descr_sm\" style=\"text-align: center;\">\u00dchekordne pakkumine valitakse igale kliendile individuaalselt, vastavalt tema vajadustele ja v\u00f5imalustele.<\/div>\n<div style=\"text-align: center;\"><\/div>\n<div style=\"text-align: center;\">\n<div class=\"t-name t-name_lg t859__bottommargin\"><strong>Pidev koost\u00f6\u00f6<\/strong><\/div>\n<div class=\"t-descr t-descr_sm\">Lepingu eripakkumistega (kauba tarnimine, kvaliteedi tugi ja konsultatsioonid).<\/div>\n<\/div>\n<div style=\"text-align: center;\"><\/div>\n<div style=\"text-align: center;\">Iga taotlust vaadatakse eraldi l\u00e4bi.<\/div>\n<\/div><div class='avia-testimonial-meta'><div class='avia-testimonial-arrow-wrap'><div class='avia-arrow'><\/div><\/div><div class='avia-testimonial-meta-mini'><\/div><\/div><\/div><\/div>\n<\/section><\/div>\n<\/div><\/div><\/div><!-- close content main div --><\/div><\/div><div id='av_section_2' class='avia-section main_color avia-section-default avia-no-shadow avia-full-stretch av-section-color-overlay-active avia-bg-style-scroll    container_wrap sidebar_right' style = 'background-repeat: no-repeat; background-image: url(https:\/\/hookahshop.lt\/wp-content\/uploads\/2020\/11\/FT108751-2.jpg); background-attachment: scroll; background-position: center center; ' data-section-bg-repeat='stretch' ><div class='av-section-color-overlay-wrap'><div class='av-section-color-overlay' style='opacity: 0.7; background-color: #0c0c0c; '><\/div><div class='container' ><div class='template-page content  av-content-small alpha units'><div class='post-entry post-entry-type-page post-entry-14473'><div class='entry-content-wrapper clearfix'>\n<div class=\"flex_column av_one_half  flex_column_div av-zero-column-padding first\" style='border-radius:0px; '><p><div style='padding-bottom:10px;color:#ffffff;' class='av-special-heading av-special-heading-h2 custom-color-heading blockquote modern-quote'><h2 class='av-special-heading-tag'  itemprop=\"headline\"  >Lisateabe saamiseks ja koost\u00f6\u00f6tingimuste saamiseks v\u00f5tke meiega \u00fchendust<\/h2><div class='special-heading-border'><div class='special-heading-inner-border' style='border-color:#ffffff'><\/div><\/div><\/div><br \/>\n<div class='avia-icon-list-container'><ul class='avia-icon-list avia-icon-list-left av-iconlist-big avia_animate_when_almost_visible'>\n<li><div  style='background-color:#303030; border:1px solid #303030; color:#ffffff; ' class='iconlist_icon  avia-font-entypo-fontello'><span class='iconlist-char' aria-hidden='true' data-av_icon='\ue809' data-av_iconfont='entypo-fontello'><\/span><\/div><article class=\"article-icon-entry\"  itemscope=\"itemscope\" itemtype=\"https:\/\/schema.org\/CreativeWork\" ><div class='iconlist_content_wrap'><header class=\"entry-content-header\"><h4 class='av_iconlist_title iconlist_title av_inherit_color'  itemprop=\"headline\"   style='color:#ffffff; '>E. mail<\/h4><\/header><div class='iconlist_content av_inherit_color'  itemprop=\"text\"   style='color:#ededed; '><p><a href=\"mailto:hookahshoplt@gmail.com\">hookahshoplt@gmail.com<\/a><\/p>\n<\/div><\/div><footer class=\"entry-footer\"><\/footer><\/article><div class='iconlist-timeline'><\/div><\/li>\n<li><div  style='background-color:#303030; border:1px solid #303030; color:#ffffff; ' class='iconlist_icon  avia-font-entypo-fontello'><span class='iconlist-char' aria-hidden='true' data-av_icon='\ue809' data-av_iconfont='entypo-fontello'><\/span><\/div><article class=\"article-icon-entry\"  itemscope=\"itemscope\" itemtype=\"https:\/\/schema.org\/CreativeWork\" ><div class='iconlist_content_wrap'><header class=\"entry-content-header\"><h4 class='av_iconlist_title iconlist_title av_inherit_color'  itemprop=\"headline\"   style='color:#ffffff; '>Telefoninumber<\/h4><\/header><div class='iconlist_content av_inherit_color'  itemprop=\"text\"   style='color:#ededed; '><p><a href=\"tel:+37069226633\">+370 69226633<\/a><\/p>\n<\/div><\/div><footer class=\"entry-footer\"><\/footer><\/article><div class='iconlist-timeline'><\/div><\/li>\n<li><div  style='background-color:#303030; border:1px solid #303030; color:#ffffff; ' class='iconlist_icon  avia-font-entypo-fontello'><span class='iconlist-char' aria-hidden='true' data-av_icon='\ue809' data-av_iconfont='entypo-fontello'><\/span><\/div><article class=\"article-icon-entry\"  itemscope=\"itemscope\" itemtype=\"https:\/\/schema.org\/CreativeWork\" ><div class='iconlist_content_wrap'><header class=\"entry-content-header\"><h4 class='av_iconlist_title iconlist_title av_inherit_color'  itemprop=\"headline\"   style='color:#ffffff; '>Aadress<\/h4><\/header><div class='iconlist_content av_inherit_color'  itemprop=\"text\"   style='color:#ededed; '><p>Architekt\u0173 87 g. Vilnius<\/p>\n<\/div><\/div><footer class=\"entry-footer\"><\/footer><\/article><div class='iconlist-timeline'><\/div><\/li>\n<\/ul><\/div><\/p><\/div><div class=\"flex_column av_one_half  flex_column_div av-zero-column-padding\" style='border-radius:0px; '><div class='avia-image-container  av-styling-     avia-align-center'  itemscope=\"itemscope\" itemtype=\"https:\/\/schema.org\/ImageObject\"  ><div class='avia-image-container-inner'><img class='avia_image' src='https:\/\/hookahshop.lt\/wp-content\/uploads\/2021\/01\/Kaljan\u0173-paslaug\u0173-tiek\u0117jams.jpg' alt='Vesipiibuteenuse pakkujad' title='Vesipiibuteenuse pakkujad'   itemprop=\"thumbnailUrl\"  \/><\/div><\/div><\/div><\/div><\/div><\/div><!-- close content main div --><\/div><\/div><\/div><div id='after_section_2' class='main_color av_default_container_wrap container_wrap sidebar_right'   ><div class='container' ><div class='template-page content  av-content-small alpha units'><div class='post-entry post-entry-type-page post-entry-14473'><div class='entry-content-wrapper clearfix'>","protected":false},"excerpt":{"rendered":"","protected":false},"author":1,"featured_media":17733,"parent":0,"menu_order":0,"comment_status":"closed","ping_status":"closed","template":"","meta":[],"_links":{"self":[{"href":"https:\/\/hookahshop.lt\/et\/wp-json\/wp\/v2\/pages\/14473"}],"collection":[{"href":"https:\/\/hookahshop.lt\/et\/wp-json\/wp\/v2\/pages"}],"about":[{"href":"https:\/\/hookahshop.lt\/et\/wp-json\/wp\/v2\/types\/page"}],"author":[{"embeddable":true,"href":"https:\/\/hookahshop.lt\/et\/wp-json\/wp\/v2\/users\/1"}],"replies":[{"embeddable":true,"href":"https:\/\/hookahshop.lt\/et\/wp-json\/wp\/v2\/comments?post=14473"}],"version-history":[{"count":4,"href":"https:\/\/hookahshop.lt\/et\/wp-json\/wp\/v2\/pages\/14473\/revisions"}],"predecessor-version":[{"id":31287,"href":"https:\/\/hookahshop.lt\/et\/wp-json\/wp\/v2\/pages\/14473\/revisions\/31287"}],"wp:featuredmedia":[{"embeddable":true,"href":"https:\/\/hookahshop.lt\/et\/wp-json\/wp\/v2\/media\/17733"}],"wp:attachment":[{"href":"https:\/\/hookahshop.lt\/et\/wp-json\/wp\/v2\/media?parent=14473"}],"curies":[{"name":"wp","href":"https:\/\/api.w.org\/{rel}","templated":true}]}}