{"id":28939,"date":"2021-10-30T14:54:39","date_gmt":"2021-10-30T11:54:39","guid":{"rendered":"https:\/\/hookahshop.lt\/?page_id=28939"},"modified":"2021-10-30T15:57:38","modified_gmt":"2021-10-30T12:57:38","slug":"rukymo-zala-zmogaus-organizmui","status":"publish","type":"page","link":"https:\/\/hookahshop.lt\/et\/suitsetamine-kahju-inimkehale\/","title":{"rendered":"Suitsetamise kahju inimorganismile"},"content":{"rendered":"<h1 class=\"entry-title\">Suitsetamise kahju inimorganismile<\/h1>\n<div class=\"entry-content clearfix\">\n<p>Kuigi teave suitsetamise kehale avaldatava kahju kohta ei ole salastatud ega raskesti k\u00e4ttesaadav, ei j\u00e4ta inimesed siiski suitsetamist maha. Suitsetamine on endiselt \u00fcks peamisi haiguste ja surmade p\u00f5hjuseid. Sa v\u00f5id s\u00fc\u00fca puu- ja juurvilju ning treenida iga p\u00e4ev, kuid sa ei ole terve, kui sa suitsetamist ei j\u00e4ta. Selles artiklis anname teavet suitsetamise ennetamise kohta \u2013 suitsetamine ja tubakatoodete ostmine on keelatud alla 18-aastaselt.<\/p>\n<\/div>\n<div id=\"attachment_29001\" style=\"width: 731px\" class=\"wp-caption alignnone\"><img aria-describedby=\"caption-attachment-29001\" decoding=\"async\" loading=\"lazy\" class=\"wp-image-29001\" title=\"Suitsetamise kahju inimorganismile\" src=\"https:\/\/hookahshop.lt\/wp-content\/uploads\/2021\/10\/img636887.jpg\" alt=\"Suitsetamise kahju inimorganismile\" width=\"721\" height=\"493\" srcset=\"https:\/\/hookahshop.lt\/wp-content\/uploads\/2021\/10\/img636887.jpg 940w, https:\/\/hookahshop.lt\/wp-content\/uploads\/2021\/10\/img636887-300x205.jpg 300w, https:\/\/hookahshop.lt\/wp-content\/uploads\/2021\/10\/img636887-768x525.jpg 768w, https:\/\/hookahshop.lt\/wp-content\/uploads\/2021\/10\/img636887-18x12.jpg 18w, https:\/\/hookahshop.lt\/wp-content\/uploads\/2021\/10\/img636887-705x482.jpg 705w, https:\/\/hookahshop.lt\/wp-content\/uploads\/2021\/10\/img636887-600x410.jpg 600w, https:\/\/hookahshop.lt\/wp-content\/uploads\/2021\/10\/img636887-64x44.jpg 64w\" sizes=\"(max-width: 721px) 100vw, 721px\" \/><p id=\"caption-attachment-29001\" class=\"wp-caption-text\">Suitsetamise kahju inimorganismile<\/p><\/div>\n<div class=\"entry-content clearfix\">\n<h2>Miks suitsetamisest loobuda?<\/h2>\n<p>Paljud teavad, et suitsetamine p\u00f5hjustab kopsuv\u00e4hki, kuid see v\u00f5ib olla ka muude haiguste p\u00f5hjuseks.<br \/>\nSigaretid ja vesipiibud sisaldavad \u00fcle 4000 kemikaali, millest v\u00e4hemalt 400 on m\u00fcrgised.<br \/>\nKui p\u00fc\u00fcda vesipiipu ja suitsetada, l\u00f5hub kuumus tubaka, vabastades toksiine, mis kahjustavad inimkeha.<\/p>\n<p>K\u00f5ige kahjulikum:<\/p>\n<ul>\n<li>vaigud on kantserogeenid, mis p\u00f5hjustavad v\u00e4hki;<\/li>\n<li>nikotiin \u2013 p\u00f5hjustab harjumist ja t\u00f5stab vere kolesteroolitaset;<\/li>\n<li>s\u00fcsinikmonooksiid (peen) - v\u00e4hendab hapniku hulka veres;<\/li>\n<li>gaasikomponendid - p\u00f5hjustavad teatud etappidel kroonilist obstruktiivset kopsuhaigust (KOK).<\/li>\n<li>Suitsetamise kahju inimkehale s\u00f5ltub:<\/li>\n<li>Tubaka valmistamise meetod<\/li>\n<\/ul>\n<p>Miks tasub suitsetamisest loobuda, leiad ka lehelt: https:\/\/nerukysiu.lt\/kodel-verta-mesti-rukyti\/<\/p>\n<h2>K\u00f5ige levinumad suitsetamisest p\u00f5hjustatud haigused<\/h2>\n<h3>S\u00fcdame-veresoonkonna haigused<\/h3>\n<p>Arterite ahenemine on protsess, mis v\u00f5tab palju aastaid aega, enne kui kolesterool ja muud rasvad arterite seintele settivad, ahendavad neid ja ummistavad. Arterite ahenemisel hakkavad moodustuma vereh\u00fc\u00fcbed.<br \/>\nSuitsetamine kiirendab veresoonte ahenemist: see algab varem ja trombide tekkev\u00f5imalus suureneb kahelt neljani.<br \/>\nHaigus v\u00f5ib esineda mitmel kujul, s\u00f5ltuvalt sellest, millised veresooned arenevad, kuid k\u00f5ik vormid on suitsetajatel tavalisemad.<\/p>\n<ul>\n<li>Koronaararterite tromboos: arterites, mis kannavad verd s\u00fcdamesse, moodustub tromb. Selle tulemusena v\u00f5ib tekkida s\u00fcdameatakk. Suitsetajatel tekib koronaararterite tromboos 10 aastat varem kui mittesuitsetajatel.<\/li>\n<li>Vereh\u00fc\u00fcve ajuveresoones p\u00f5hjustab insuldi, halvatuse.<\/li>\n<li>Kui neeruarterid on kahjustatud, t\u00f5useb verer\u00f5hk v\u00f5i tekib neerupuudulikkus.<\/li>\n<li>Jalaveeni tromboos v\u00f5ib p\u00f5hjustada gangreeni ja amputatsiooni.<\/li>\n<\/ul>\n<h3>V\u00e4hk<\/h3>\n<p>Suitsetajatel on suurem t\u00f5en\u00e4osus haigestuda kopsu-, kurgu- ja suuv\u00e4hki kui mittesuitsetajatel.<br \/>\nSeos suitsetamise ja kopsuv\u00e4hi vahel on ilmne: \u00fcheksak\u00fcmnel protsendil juhtudest on kopsuv\u00e4hi p\u00f5hjuseks suitsetamine.<br \/>\nVaid 0,5 protsendil inimestest, kes pole kunagi suitsetanud, v\u00f5ib tekkida kopsuv\u00e4hk.<br \/>\nIga k\u00fcmnes m\u00f5\u00f5dukalt suitsetaja ja iga viies raske suitsetaja sureb kopsuv\u00e4hki.<br \/>\nMida rohkem vesipiipu p\u00e4evas suitsetatakse, mida rohkem aastaid suitsetate, mida nooremalt suitsetama hakkate, mida rohkem suitsu omastate, seda suurem on risk haigestuda kopsuv\u00e4hki.<br \/>\nKui suitsetate, on suuv\u00e4hki haigestumise risk neli korda suurem kui mittesuitsetajatel. V\u00e4hk v\u00f5ib alata k\u00f5ikjal suus, tavaliselt keele alt v\u00f5i huultelt.<\/p>\n<p>Teised suitsetajate seas sagedamini esinevad v\u00e4hit\u00fc\u00fcbid on:<\/p>\n<ul>\n<li>p\u00f5iev\u00e4hk<\/li>\n<li>s\u00f6\u00f6gitoru v\u00e4hk<\/li>\n<li>neeruv\u00e4hk<\/li>\n<li>k\u00f5hun\u00e4\u00e4rmev\u00e4hk<\/li>\n<li>Emakakaelav\u00e4hk.<\/li>\n<\/ul>\n<h3>LOPL<\/h3>\n<p>Krooniline obstruktiivne kopsuhaigus (KOK) on levinud nimetus s\u00fcmptomite r\u00fchmale, mis takistavad \u00f5hu sisenemist kopsudesse ja raskendavad hingamist.<br \/>\nN\u00e4iteks alveoolikahjustusest v\u00f5i kroonilisest bronhiidist tingitud \u00f5hupuudus on pikaajaline k\u00f6ha koos r\u00f6gaga.<br \/>\nSuitsetamine on KOK-i peamine p\u00f5hjus.<br \/>\n94 protsendil inimestest, kes suitsetasid 3\u20134 vesipiipu p\u00e4evas, oli alveoolide surmaj\u00e4rgseid kahjustusi, samas kui 90 protsendil mittesuitsetajatest selliseid kahjustusi ei esinenud v\u00f5i need peaaegu puudusid.<br \/>\nKOK algab tavaliselt vanuses 35\u201345, kui kopsufunktsioon hakkab langema.<\/p>\n<p><strong>Muud t\u00fc\u00fcpi suitsetamisest p\u00f5hjustatud kehakahjustused<\/strong><\/p>\n<ul>\n<li>Suitsetamine t\u00f5stab verer\u00f5hku, p\u00f5hjustades h\u00fcpertensiooni, mis on s\u00fcdameinfarkti riskifaktor.<\/li>\n<li>Paarid, kes suitsetavad, kogevad suurema t\u00f5en\u00e4osusega viljakusprobleeme v\u00f5rreldes mittesuitsetajatega.<\/li>\n<li>Suitsetamine halvendab astmahaigete seisundit ja n\u00f5rgestab astmavastaste ravimite toimet.<\/li>\n<li>Silma veresooned on tundlikud ja neid v\u00f5ib suitsetamine kahjustada, p\u00f5hjustades silmavalgete punetust ja kipitust.<\/li>\n<li>Paljudel suitsetajatel on kaks korda suurem t\u00f5en\u00e4osus kaotada n\u00e4gemine makula degeneratsiooni t\u00f5ttu.<\/li>\n<li>Suureneb katarakti oht.<\/li>\n<li>Suitsetajad veedavad mittesuitsetajatega v\u00f5rreldes 25 protsenti rohkem t\u00f6\u00f6v\u00f5imetusp\u00e4evi.<\/li>\n<li>Suitsetamine muudab hambad ja igemed kollaseks.<\/li>\n<li>Suitsetamine suurendab paradantoosi riski, mis v\u00f5ib p\u00f5hjustada igemete turset, halba hinge\u00f5hku ja hammaste v\u00e4ljalangemist.<\/li>\n<li>Suitsetamine p\u00f5hjustab hapu maitse suus ja v\u00f5ib p\u00f5hjustada haavandeid.<\/li>\n<li>Suitsetamine m\u00f5jutab v\u00e4limust: kahvatum nahk, rohkem kortse. Seda seet\u00f5ttu, et suitsetamine halvendab naha vereringet ja alandab A-vitamiini taset.<\/li>\n<\/ul>\n<h3>Suitsetamine ja impotentsus<\/h3>\n<p>30\u201340-aastastel meestel suurendab suitsetamine erektsioonih\u00e4irete riski 50 protsenti.<br \/>\nErektsioon tekib siis, kui veri voolab peenisesse, mis t\u00e4hendab, et veresooned peavad olema heas korras.<br \/>\nSuitsetamine kahjustab veresooni ja m\u00f5jutab nende degeneratsiooni: nikotiin ahendab peenisesse suunduvaid artereid, v\u00e4hendades verevoolu ja verer\u00f5hku peenises.<br \/>\nVasokonstriktiivne toime tugevneb aja jooksul, nii et kui teil praegu probleeme ei ole, v\u00f5ivad need ilmneda hiljem.<br \/>\nSuitsetajate erektsioonih\u00e4ired peaksid olema varajane hoiatussignaal, et vesipiip on juba kahjustanud keha ja m\u00f5jutanud veresooni, sealhulgas neid, mis varustavad s\u00fcdant.<\/p>\n<\/div>","protected":false},"excerpt":{"rendered":"<p>Suitsetamise kahju inimorganismile Kuigi teave suitsetamise kahju kohta organismile ei ole salastatud ega raskesti k\u00e4ttesaadav, ei j\u00e4ta inimesed siiski suitsetamist maha. Suitsetamine on endiselt \u00fcks peamisi haiguste ja surma p\u00f5hjusi. Sa v\u00f5id s\u00fc\u00fca puu- ja juurvilju ning treenida iga p\u00e4ev, kuid sa ei ole terve, kui sa suitsetamist ei j\u00e4ta. Selles artiklis anname teavet suitsetamise kohta ennetusk\u00fcsimustes - Suitsetamine ja ostmine [...]<\/p>","protected":false},"author":1,"featured_media":0,"parent":0,"menu_order":0,"comment_status":"closed","ping_status":"closed","template":"","meta":[],"_links":{"self":[{"href":"https:\/\/hookahshop.lt\/et\/wp-json\/wp\/v2\/pages\/28939"}],"collection":[{"href":"https:\/\/hookahshop.lt\/et\/wp-json\/wp\/v2\/pages"}],"about":[{"href":"https:\/\/hookahshop.lt\/et\/wp-json\/wp\/v2\/types\/page"}],"author":[{"embeddable":true,"href":"https:\/\/hookahshop.lt\/et\/wp-json\/wp\/v2\/users\/1"}],"replies":[{"embeddable":true,"href":"https:\/\/hookahshop.lt\/et\/wp-json\/wp\/v2\/comments?post=28939"}],"version-history":[{"count":8,"href":"https:\/\/hookahshop.lt\/et\/wp-json\/wp\/v2\/pages\/28939\/revisions"}],"predecessor-version":[{"id":29009,"href":"https:\/\/hookahshop.lt\/et\/wp-json\/wp\/v2\/pages\/28939\/revisions\/29009"}],"wp:attachment":[{"href":"https:\/\/hookahshop.lt\/et\/wp-json\/wp\/v2\/media?parent=28939"}],"curies":[{"name":"wp","href":"https:\/\/api.w.org\/{rel}","templated":true}]}}