{"id":32132,"date":"2022-04-12T00:12:16","date_gmt":"2022-04-11T21:12:16","guid":{"rendered":"https:\/\/hookahshop.lt\/?page_id=32132"},"modified":"2024-07-30T18:50:48","modified_gmt":"2024-07-30T15:50:48","slug":"karjera-kaljanu-parduotuveje","status":"publish","type":"page","link":"https:\/\/hookahshop.lt\/et\/karjaar-kaljanu-pood\/","title":{"rendered":"Karj\u00e4\u00e4r vesipiibu poes"},"content":{"rendered":"<\/div><\/div><\/div><!-- close content main div --><\/div><\/div><div id='av_section_1' class='avia-section alternate_color avia-section-huge avia-no-border-styling avia-full-stretch av-section-color-overlay-active avia-bg-style-fixed    container_wrap sidebar_right' style = 'background-repeat: no-repeat; background-image: url(https:\/\/hookahshop.lt\/wp-content\/uploads\/2020\/05\/FT101255-bw.jpg); background-attachment: fixed; background-position: center center; ' data-section-bg-repeat='stretch' ><div class='av-section-color-overlay-wrap'><div class='av-section-color-overlay' style='opacity: 0.8; background-color: #000000; '><\/div><div class='container' ><div class='template-page content  av-content-small alpha units'><div class='post-entry post-entry-type-page post-entry-32132'><div class='entry-content-wrapper clearfix'>\n<div style='padding-bottom:30px;font-size:70px;' class='av-special-heading av-special-heading-h1  blockquote modern-quote modern-centered   av-thin-font av-inherit-size'><h1 class='av-special-heading-tag'  itemprop=\"headline\"  >Karj\u00e4\u00e4r vesipiibu poes<strong>.<\/strong><\/h1><div class='special-heading-border'><div class='special-heading-inner-border' ><\/div><\/div><\/div>\n<div style='height:30px' class='hr hr-invisible'><span class='hr-inner' ><span class='hr-inner-style'><\/span><\/span><\/div>\n<div class=\"flex_column av_one_half  flex_column_div first\" style='border-width:1px; border-color:#ffffff; border-style:solid; padding:10px; border-radius:10px; '><section class=\"av_textblock_section\"  itemscope=\"itemscope\" itemtype=\"https:\/\/schema.org\/CreativeWork\" ><div class='avia_textblock  av_inherit_color'  style='color:#ffffff; '  itemprop=\"text\" ><h3 class=\"av-special-heading-tag\">K\u00f5ige t\u00e4htsam on t\u00e4helepanu detailidele<\/h3>\n<p>Olenemata sellest, kas olete tehniline, loominguline v\u00f5i oma valdkonnas \u00fcletamatu, on meil alati hea meel kuulda neid, kes arvavad, et nende koht on meie meeskonnas!<\/p>\n<p>\u00d5igete inimeste leidmine v\u00f5tab aega. Uudishimulikult ja vajalikke k\u00fcsimusi esitades avastame aga oma meeskonna k\u00f5ige olulisema teguri \u2013 iga isiksuse erip\u00e4ra.<\/p>\n<\/div><\/section><\/div><div class=\"flex_column av_one_half  flex_column_div av-zero-column-padding\" style='border-radius:0px; '><p><div style='padding-bottom:20px;font-size:33px;' class='av-special-heading av-special-heading-h2  blockquote modern-quote modern-centered   av-inherit-size'><h2 class='av-special-heading-tag'  itemprop=\"headline\"  >Hetkel aktiivsed t\u00f6\u00f6pakkumised\u2026<\/h2><div class='special-heading-border'><div class='special-heading-inner-border' ><\/div><\/div><\/div><br \/>\n<div class=\"togglecontainer  toggle_close_all\">\n<section class=\"av_toggle_section\"  itemscope=\"itemscope\" itemtype=\"https:\/\/schema.org\/CreativeWork\" >    <div class=\"single_toggle\" data-tags=\"{All} \" >        <p data-fake-id=\"#toggle-id-1\" class=\"toggler activeTitle\"  itemprop=\"headline\" >Vesipiibude ja vesipiibutarvikute m\u00fc\u00fcja-konsultant<span class=\"toggle_icon\">        <span class=\"vert_icon\"><\/span><span class=\"hor_icon\"><\/span><\/span><\/p>        <div id=\"toggle-id-1-container\" class=\"toggle_wrap active_tc\" >            <div class=\"toggle_content invers-color\"  itemprop=\"text\" ><p>Otsime vesipiibu ja vesipiibu tarvikute kaupluse Hookahshop.lt meeskonda meeskonda! Vilniuses Kedr\u0173 g.3 asuvasse f\u00fc\u00fcsilisse kauplusesse on vaja m\u00fc\u00fcgikonsultanti, kes oskab korralikult klientidega suhelda ja neid toodete osas n\u00f5ustada ning ka m\u00fc\u00fcgieesm\u00e4rke saavutada.<\/p>\n<p><strong>P\u00f5hin\u00f5uded:<\/strong><br \/>\n- Omad kogemust v\u00f5i huvi vesipiibu turu vastu (koolitame ilma kogemusteta)<br \/>\n- Oskus suhelda klientidega<br \/>\n- Suhtlemisv\u00f5ime<br \/>\n- Valmisolek t\u00f6\u00f6tada ja end t\u00e4iendada<br \/>\n- \u00d5ige leedu keeles<br \/>\n- v\u00f5\u00f5rkeele (inglise ja\/v\u00f5i vene keele) oskus<br \/>\n- Arvuti oskused.<\/p>\n<p><strong>T\u00f6\u00f6 erip\u00e4ra:<\/strong><br \/>\n- Klientide n\u00f5ustamine f\u00fc\u00fcsilises ja veebipoes<br \/>\n- Suhtlemine klientidega<br \/>\n- Tootevalikute tundmine ja saldode j\u00e4lgimine<br \/>\n- T\u00f6\u00f6 kassaaparaadiga<br \/>\n- Saadetiste pakkimine ja l\u00e4hetamine<br \/>\n- T\u00f6\u00f6koha juhtimine ja puhtus<br \/>\n- Uue kauba vastuv\u00f5tt ja riiulisse paigutamine (maksimaalne kaal 1 kast 20 kg).<\/p>\n<p><strong>T\u00f6\u00f6tasu alates 5-7Eur\/h peale makse ja lisatasusid olenevalt m\u00fc\u00fcgitulemustest ja kogemusest. Palk on progresseeruv! <\/strong><\/p>\n<p><strong>T\u00e4is- v\u00f5i osaline t\u00f6\u00f6aeg (kell 12.00-20.00).<\/strong><\/p>\n            <\/div>        <\/div>    <\/div><\/section>\n<\/div><br \/>\n<div  class='hr hr-default'><span class='hr-inner' ><span class='hr-inner-style'><\/span><\/span><\/div><br \/>\n<section class=\"av_textblock_section\"  itemscope=\"itemscope\" itemtype=\"https:\/\/schema.org\/CreativeWork\" ><div class='avia_textblock'   itemprop=\"text\" ><p>Kui soovid saada meie tiimi liikmeks, saada oma CV - info@hookahshop.lt m\u00e4rkega &quot;CV m\u00fc\u00fcja-konsultant Hookahshop&quot;! Kui teil on k\u00fcsimusi, k\u00fcsige neid telefoni teel - <a href=\"tel: 869226633\">869226633<\/a> v\u00f5i Facebook - <a href=\"https:\/\/www.facebook.com\/HookahShop.lt\" target=\"_blank\" rel=\"noopener\">https:\/\/www.facebook.com\/HookahShop.lt<\/a><br \/>\nKutsume teid liituma HookahShop.lt meeskonnaga!<\/p>\n<\/div><\/section><\/p><\/div><div class=\"flex_column av_one_full  flex_column_div av-zero-column-padding first\" style='border-radius:0px; '><\/div><\/div><\/div><\/div><!-- close content main div --><\/div><\/div><\/div><div id='after_section_1' class='main_color av_default_container_wrap container_wrap sidebar_right'   ><div class='container' ><div class='template-page content  av-content-small alpha units'><div class='post-entry post-entry-type-page post-entry-32132'><div class='entry-content-wrapper clearfix'>","protected":false},"excerpt":{"rendered":"","protected":false},"author":1,"featured_media":32169,"parent":0,"menu_order":0,"comment_status":"closed","ping_status":"closed","template":"","meta":[],"_links":{"self":[{"href":"https:\/\/hookahshop.lt\/et\/wp-json\/wp\/v2\/pages\/32132"}],"collection":[{"href":"https:\/\/hookahshop.lt\/et\/wp-json\/wp\/v2\/pages"}],"about":[{"href":"https:\/\/hookahshop.lt\/et\/wp-json\/wp\/v2\/types\/page"}],"author":[{"embeddable":true,"href":"https:\/\/hookahshop.lt\/et\/wp-json\/wp\/v2\/users\/1"}],"replies":[{"embeddable":true,"href":"https:\/\/hookahshop.lt\/et\/wp-json\/wp\/v2\/comments?post=32132"}],"version-history":[{"count":31,"href":"https:\/\/hookahshop.lt\/et\/wp-json\/wp\/v2\/pages\/32132\/revisions"}],"predecessor-version":[{"id":39654,"href":"https:\/\/hookahshop.lt\/et\/wp-json\/wp\/v2\/pages\/32132\/revisions\/39654"}],"wp:featuredmedia":[{"embeddable":true,"href":"https:\/\/hookahshop.lt\/et\/wp-json\/wp\/v2\/media\/32169"}],"wp:attachment":[{"href":"https:\/\/hookahshop.lt\/et\/wp-json\/wp\/v2\/media?parent=32132"}],"curies":[{"name":"wp","href":"https:\/\/api.w.org\/{rel}","templated":true}]}}