{"id":856,"date":"2016-05-11T13:48:44","date_gmt":"2016-05-11T13:48:44","guid":{"rendered":"http:\/\/wpoffice\/enfold-fitness\/?page_id=513"},"modified":"2025-05-16T17:10:57","modified_gmt":"2025-05-16T14:10:57","slug":"kontaktai","status":"publish","type":"page","link":"https:\/\/hookahshop.lt\/et\/kontaktid\/","title":{"rendered":"Kontaktid"},"content":{"rendered":"<\/div><\/div><\/div><!-- close content main div --><\/div><\/div><div id='av_section_1' class='avia-section alternate_color avia-section-huge avia-no-border-styling avia-full-stretch av-section-color-overlay-active avia-bg-style-fixed    container_wrap sidebar_right' style = 'background-repeat: no-repeat; background-image: url(https:\/\/hookahshop.lt\/wp-content\/uploads\/2020\/05\/FT101255-bw.jpg); background-attachment: fixed; background-position: center center; ' data-section-bg-repeat='stretch' ><div class='av-section-color-overlay-wrap'><div class='av-section-color-overlay' style='opacity: 0.8; background-color: #000000; '><\/div><div class='container' ><div class='template-page content  av-content-small alpha units'><div class='post-entry post-entry-type-page post-entry-856'><div class='entry-content-wrapper clearfix'>\n<div style='padding-bottom:30px;font-size:70px;' class='av-special-heading av-special-heading-h1  blockquote modern-quote   av-thin-font av-inherit-size'><h1 class='av-special-heading-tag'  itemprop=\"headline\"  >Meie kontaktid<strong>.<\/strong><\/h1><div class='special-heading-border'><div class='special-heading-inner-border' ><\/div><\/div><\/div>\n<div class=\"flex_column av_two_fifth  flex_column_div av-zero-column-padding first\" style='border-radius:0px; '><section class=\"av_textblock_section\"  itemscope=\"itemscope\" itemtype=\"https:\/\/schema.org\/CreativeWork\" ><div class='avia_textblock'   itemprop=\"text\" ><p><strong>Kontaktinfo:\u00a0 \u00a0<\/strong><br \/>\nF\u00fc\u00fcsiline kauplus: <a href=\"tel:+37062664488\">+370 62664488<\/a><br \/>\n\u00dcldine: <a href=\"tel:+37069226633\">+370 69226633<\/a><br \/>\nWhatsApp \/ Viber \/ Telegram<br \/>\nEl. post: <a style=\"color: #fff;\" href=\"mailto:info@hookahshop.lt\">info@hookahshop.lt<\/a><br \/>\n<a href=\"https:\/\/hookahshop.lt\/et\/karjaar-kaljanu-pood\/\">T\u00f6\u00f6pakkumised \u2013 Karj\u00e4\u00e4r<\/a><\/p>\n<\/div><\/section><\/div><div class=\"flex_column av_one_third  flex_column_div av-zero-column-padding\" style='border-radius:0px; '><section class=\"av_textblock_section\"  itemscope=\"itemscope\" itemtype=\"https:\/\/schema.org\/CreativeWork\" ><div class='avia_textblock'   itemprop=\"text\" ><p><strong>Teave tegevuse kohta:\u00a0 \u00a0 \u00a0<\/strong><\/p>\n<p>Ettev\u00f5tte nimi: MB LBA PROJEKTAI<br \/>\nEttev\u00f5tte pangakonto: LT927300010164455789<br \/>\nEttev\u00f5tte kood: 305611977<br \/>\nAdresas: Kedr\u0173 g. 3-102, LT-03116 Vilnius<br \/>\nK\u00e4ibemaksukohustuslase kood: LT100013365018<br \/>\nPea: Anton Prokopov<\/p>\n<\/div><\/section><\/div><div class=\"flex_column av_one_half  flex_column_div av-zero-column-padding first\" style='border-radius:0px; '><p><section class=\"av_textblock_section\"  itemscope=\"itemscope\" itemtype=\"https:\/\/schema.org\/CreativeWork\" ><div class='avia_textblock'   itemprop=\"text\" ><p><strong>Vesipiibupood Vilniuse vesipiipude, tubaka ja vesipiibu tarvikute kauplus:\u00a0 \u00a0 \u00a0<\/strong><\/p>\n<p>Vilnius \u2013 Kedr\u0173 g. 7, Lietuva<br \/>\nTelefoninumber: <a href=\"tel:862664488\">+370 62664488<\/a><\/p>\n<p>E-R: 12.00-20.00<br \/>\nLaup\u00e4ev: 12.00-20.00<br \/>\nP\u00fchap\u00e4ev: e-kaubandus<\/p>\n<\/div><\/section><br \/>\n<div class='avia-image-container  av-styling- av-hover-grow    avia-align-center'  itemscope=\"itemscope\" itemtype=\"https:\/\/schema.org\/ImageObject\"  ><div class='avia-image-container-inner'><a href=\"https:\/\/goo.gl\/maps\/Pxwa56JiKtpWrmaq7\" class=\"avia_image\" target=\"_blank\" rel=\"noopener\"><img class='avia_image' src='https:\/\/hookahshop.lt\/wp-content\/uploads\/2021\/08\/zemelapis2.jpg' alt='f\u00fc\u00fcsiline vesipiibu pood Vilniuses' title='f\u00fc\u00fcsiline vesipiibu pood Vilniuses'  itemprop=\"thumbnailUrl\"  \/><\/a><\/div><\/div><br \/>\n<div class='avia-button-wrap avia-button-center'><a href=\"https:\/\/goo.gl\/maps\/Pxwa56JiKtpWrmaq7\" class=\"avia-button   avia-icon_select-yes-left-icon avia-color-theme-color avia-size-small avia-position-center\" target=\"_blank\" rel=\"noopener\"><span class='avia_button_icon avia_button_icon_left' aria-hidden='true' data-av_icon='\ue842' data-av_iconfont='entypo-fontello'><\/span><span class='avia_iconbox_title' >Ava kaart<\/span><\/a><\/div><\/p><\/div><div class=\"flex_column av_one_half  flex_column_div av-zero-column-padding\" style='border-radius:0px; '><p><section class=\"av_textblock_section\"  itemscope=\"itemscope\" itemtype=\"https:\/\/schema.org\/CreativeWork\" ><div class='avia_textblock'   itemprop=\"text\" ><p><strong>Vesipiibude ja vesipiibu tarvikute pood<\/strong><b>\u00a0kogumispunkt:<\/b><\/p>\n<p>Vilnius \u2013 A. J. Povilai\u010dio g. 18, Lietuva<br \/>\nTelefoninumber: <a href=\"tel:869226633\">+370 69226633<\/a><\/p>\n<p>E-R: 10: 00-22: 00<br \/>\nLaup\u00e4ev: e-kaubandus<br \/>\nP\u00fchap\u00e4ev: e-kaubandus<\/p>\n<\/div><\/section><br \/>\n<div class='avia-image-container  av-styling- av-hover-grow    avia-align-center'  itemscope=\"itemscope\" itemtype=\"https:\/\/schema.org\/ImageObject\"  ><div class='avia-image-container-inner'><a href=\"https:\/\/g.page\/hookahshop-kaljanai?share\" class=\"avia_image\" target=\"_blank\"><img class='avia_image' src='https:\/\/hookahshop.lt\/wp-content\/uploads\/2021\/08\/zemelapis3.jpg' alt='vesipiibu pood Vilniuses arhitekt' title='vesipiibu pood Vilniuses arhitekt'  itemprop=\"thumbnailUrl\"  \/><\/a><\/div><\/div><br \/>\n<div class='avia-button-wrap avia-button-center'><a href=\"https:\/\/g.page\/hookahshop-kaljanai?share\" class=\"avia-button   avia-icon_select-yes-left-icon avia-color-theme-color avia-size-small avia-position-center\" target=\"_blank\"><span class='avia_button_icon avia_button_icon_left' aria-hidden='true' data-av_icon='\ue842' data-av_iconfont='entypo-fontello'><\/span><span class='avia_iconbox_title' >Ava kaart<\/span><\/a><\/div><\/p><\/div><div class=\"flex_column av_three_fifth  flex_column_div av-zero-column-padding first\" style='border-radius:0px; '><p><div style='padding-bottom:20px;font-size:50px;' class='av-special-heading av-special-heading-h2  blockquote modern-quote modern-centered   av-thin-font av-inherit-size'><h2 class='av-special-heading-tag'  itemprop=\"headline\"  >V\u00f5tke \u00fchendust e-posti teel<strong>.<\/strong><\/h2><div class='special-heading-border'><div class='special-heading-inner-border' ><\/div><\/div><\/div><br \/>\n<section class=\"av_textblock_section\"  itemscope=\"itemscope\" itemtype=\"https:\/\/schema.org\/CreativeWork\" ><div class='avia_textblock'   itemprop=\"text\" ><div role=\"form\" class=\"wpcf7\" id=\"wpcf7-f20786-o1\" lang=\"lt-LT\" dir=\"ltr\">\n<div class=\"screen-reader-response\"><p role=\"status\" aria-live=\"polite\" aria-atomic=\"true\"><\/p> <ul><\/ul><\/div>\n<form action=\"\/et\/wp-json\/wp\/v2\/pages\/856#wpcf7-f20786-o1\" method=\"post\" class=\"wpcf7-form init\" novalidate=\"novalidate\" data-status=\"init\" data-trp-original-action=\"\/et\/wp-json\/wp\/v2\/pages\/856#wpcf7-f20786-o1\">\n<div style=\"display: none;\">\n<input type=\"hidden\" name=\"_wpcf7\" value=\"20786\" \/>\n<input type=\"hidden\" name=\"_wpcf7_version\" value=\"5.5.4\" \/>\n<input type=\"hidden\" name=\"_wpcf7_locale\" value=\"lt_LT\" \/>\n<input type=\"hidden\" name=\"_wpcf7_unit_tag\" value=\"wpcf7-f20786-o1\" \/>\n<input type=\"hidden\" name=\"_wpcf7_container_post\" value=\"0\" \/>\n<input type=\"hidden\" name=\"_wpcf7_posted_data_hash\" value=\"\" \/>\n<input type=\"hidden\" name=\"_wpcf7_recaptcha_response\" value=\"\" \/>\n<\/div>\n<div class=\"rowa\">\n<div class=\"columna\">\n<label> Nimi<br \/>\n    <span class=\"wpcf7-form-control-wrap your-name\"><input type=\"text\" name=\"your-name\" value=\"\" size=\"40\" class=\"wpcf7-form-control wpcf7-text wpcf7-validates-as-required\" aria-required=\"true\" aria-invalid=\"false\" \/><\/span> <\/label><\/div>\n<div class=\"columna\">\n<label> E-mail<br \/>\n    <span class=\"wpcf7-form-control-wrap your-email\"><input type=\"email\" name=\"your-email\" value=\"\" size=\"40\" class=\"wpcf7-form-control wpcf7-text wpcf7-email wpcf7-validates-as-required wpcf7-validates-as-email\" aria-required=\"true\" aria-invalid=\"false\" \/><\/span> <\/label><\/div>\n<div class=\"columna\">\n<label> Teema<br \/>\n    <span class=\"wpcf7-form-control-wrap your-subject\"><input type=\"text\" name=\"your-subject\" value=\"\" size=\"40\" class=\"wpcf7-form-control wpcf7-text\" aria-invalid=\"false\" \/><\/span> <\/label><\/div>\n<div class=\"columna\">\n<label> Telefoninumber<br \/>\n    <span class=\"wpcf7-form-control-wrap telefonas\"><input type=\"text\" name=\"telefonas\" value=\"\" size=\"40\" class=\"wpcf7-form-control wpcf7-text\" aria-invalid=\"false\" \/><\/span> <\/label><\/div>\n<div class=\"columnaf\">\n<label> S\u00f5num<br \/>\n    <span class=\"wpcf7-form-control-wrap your-message\"><textarea name=\"your-message\" cols=\"40\" rows=\"10\" class=\"wpcf7-form-control wpcf7-textarea\" aria-invalid=\"false\"><\/textarea><\/span> <\/label>\n<\/div>\n<\/div>\n<p><input type=\"submit\" value=\"Saada s\u00f5num\" class=\"wpcf7-form-control has-spinner wpcf7-submit\" \/><\/p>\n<p style=\"display: none !important;\" class=\"akismet-fields-container\" data-prefix=\"_wpcf7_ak_\"><label>&#916;<textarea name=\"_wpcf7_ak_hp_textarea\" cols=\"45\" rows=\"8\" maxlength=\"100\"><\/textarea><\/label><input type=\"hidden\" id=\"ak_js_1\" name=\"_wpcf7_ak_js\" value=\"224\"\/><script>document.getElementById( \"ak_js_1\" ).setAttribute( \"value\", ( new Date() ).getTime() );<\/script><\/p><div class=\"wpcf7-response-output\" aria-hidden=\"true\"><\/div><input type=\"hidden\" name=\"trp-form-language\" value=\"et\"\/><\/form><\/div>\n<\/div><\/section><\/p><\/div><div class=\"flex_column av_two_fifth  flex_column_div av-zero-column-padding\" style='border-radius:0px; '><p><div style='padding-bottom:20px;font-size:50px;' class='av-special-heading av-special-heading-h2  blockquote modern-quote modern-centered   av-thin-font av-inherit-size'><h2 class='av-special-heading-tag'  itemprop=\"headline\"  >Kaupluse kohta<strong>&#8230;<\/strong><\/h2><div class='special-heading-border'><div class='special-heading-inner-border' ><\/div><\/div><\/div><br \/>\n<section class=\"av_textblock_section\"  itemscope=\"itemscope\" itemtype=\"https:\/\/schema.org\/CreativeWork\" ><div class='avia_textblock'   itemprop=\"text\" ><p>T\u00e4name teid huvi eest meie poe vastu, meie kaupade ostmisega soodustate meie kasvu ja panustate meie suurde vesipiibu austajate kogukonda.<\/p>\n<\/div><\/section><br \/>\n<section class=\"av_textblock_section\"  itemscope=\"itemscope\" itemtype=\"https:\/\/schema.org\/CreativeWork\" ><div class='avia_textblock  av_inherit_color'  style='color:#ffffff; '  itemprop=\"text\" ><p>HookahShop.lt poest saab osta vesipiipe ja nende tarvikuid, puus\u00fctt ja topsikesi vesipiibu jaoks, samuti tarvikuid. HookahShopist leiate juba vesipiibuturul loodud kuulsamate kaubam\u00e4rkide tooteid, mis on v\u00e4rskelt arenevad ja kiiresti kasvamas. Oleme alati valmis igas k\u00fcsimuses n\u00f5u andma ja saate vastuse meie konsultantidelt, kes nagu keegi teine ei tunne poeriiulitel olevaid kaupu ja aitavad teil otsuseid langetada.<\/p>\n<\/div><\/section><br \/>\n<div style='padding-bottom:20px;font-size:33px;' class='av-special-heading av-special-heading-h2  blockquote modern-quote modern-centered   av-inherit-size'><h2 class='av-special-heading-tag'  itemprop=\"headline\"  >Korduma kippuvad k\u00fcsimused<\/h2><div class ='av-subheading av-subheading_below' style='font-size:15px;'><p>Vesipiibudest, tassidest, aksessuaaridest ja k\u00f5igest muust.<\/p>\n<\/div><div class='special-heading-border'><div class='special-heading-inner-border' ><\/div><\/div><\/div><br \/>\n<div class=\"togglecontainer  toggle_close_all\">\n<section class=\"av_toggle_section\"  itemscope=\"itemscope\" itemtype=\"https:\/\/schema.org\/CreativeWork\" >    <div class=\"single_toggle\" data-tags=\"{All} \" >        <p data-fake-id=\"#toggle-id-1\" class=\"toggler\"  itemprop=\"headline\" >Millise konksu sellise ja sellise summa eest valida?<span class=\"toggle_icon\">        <span class=\"vert_icon\"><\/span><span class=\"hor_icon\"><\/span><\/span><\/p>        <div id=\"toggle-id-1-container\" class=\"toggle_wrap\" >            <div class=\"toggle_content invers-color\"  itemprop=\"text\" ><p><span class=\"tojvnm2t a6sixzi8 abs2jz4q a8s20v7p t1p8iaqh k5wvi7nf q3lfd5jv pk4s997a bipmatt0 cebpdrjk qowsmv63 owwhemhu dp1hu0rb dhp61c6y iyyx5f41\">Meil on vesipiibud ja vesipiibukomplektid alates 55eur, k\u00f5ik s\u00f5ltub teie olemasolevast eelarvest. Enamasti soovitame valida vesipiibukomplekti, kuna see sisaldab k\u00f5iki vajalikke vesipiibutarvikuid, pole vaja m\u00f5elda, mida kellega seada, nii on lihtsam. Vesipiibukomplekti saab valida ka vastavalt teie v\u00f5imalikule eelarvele. Samal ajal saame pakkuda laias valikus mittet\u00e4ielikke vesipiipe, mida saate individuaalselt vastavalt oma vajadustele kokku panna.<\/span><\/p>\n            <\/div>        <\/div>    <\/div><\/section>\n<section class=\"av_toggle_section\"  itemscope=\"itemscope\" itemtype=\"https:\/\/schema.org\/CreativeWork\" >    <div class=\"single_toggle\" data-tags=\"{All} \" >        <p data-fake-id=\"#toggle-id-2\" class=\"toggler\"  itemprop=\"headline\" >Kas meil on s\u00f6epliidid?<span class=\"toggle_icon\">        <span class=\"vert_icon\"><\/span><span class=\"hor_icon\"><\/span><\/span><\/p>        <div id=\"toggle-id-2-container\" class=\"toggle_wrap\" >            <div class=\"toggle_content invers-color\"  itemprop=\"text\" ><p><span class=\"tojvnm2t a6sixzi8 abs2jz4q a8s20v7p t1p8iaqh k5wvi7nf q3lfd5jv pk4s997a bipmatt0 cebpdrjk qowsmv63 owwhemhu dp1hu0rb dhp61c6y iyyx5f41\">Meil on s\u00f6es\u00fc\u00fctaja ja seda nimetatakse pliidiplaadiks v\u00f5i r\u00f6steriks, mille toiteallikaks on 220 V. Pliidiplaat on 10eur odavam, kuid laguneb kiiremini, kuna kasutatud ese ei ole etten\u00e4htud. R\u00f6stid sobivad rohkem vesipiibuteema kasutamiseks, kuid need on kallimad. See on ka gaasiballoonidega turistipliit, see on v\u00e4ga praktiline asi, kui reisite ilma elektrita.<\/span><\/p>\n            <\/div>        <\/div>    <\/div><\/section>\n<section class=\"av_toggle_section\"  itemscope=\"itemscope\" itemtype=\"https:\/\/schema.org\/CreativeWork\" >    <div class=\"single_toggle\" data-tags=\"{All} \" >        <p data-fake-id=\"#toggle-id-3\" class=\"toggler\"  itemprop=\"headline\" >Kas m\u00fc\u00fcme tubakat?<span class=\"toggle_icon\">        <span class=\"vert_icon\"><\/span><span class=\"hor_icon\"><\/span><\/span><\/p>        <div id=\"toggle-id-3-container\" class=\"toggle_wrap\" >            <div class=\"toggle_content invers-color\"  itemprop=\"text\" ><p><span class=\"tojvnm2t a6sixzi8 abs2jz4q a8s20v7p t1p8iaqh k5wvi7nf q3lfd5jv pk4s997a bipmatt0 cebpdrjk qowsmv63 owwhemhu dp1hu0rb dhp61c6y iyyx5f41\">Tubakatooteid saame m\u00fc\u00fca ainult f\u00fc\u00fcsilistes kauplustes Hookahshop F\u00fc\u00fcsiline kauplus Kedr\u0173 tn. 3, Vilnius\u00a0<\/span><\/p>\n            <\/div>        <\/div>    <\/div><\/section>\n<section class=\"av_toggle_section\"  itemscope=\"itemscope\" itemtype=\"https:\/\/schema.org\/CreativeWork\" >    <div class=\"single_toggle\" data-tags=\"{All} \" >        <p data-fake-id=\"#toggle-id-4\" class=\"toggler\"  itemprop=\"headline\" >Otsid kingitust, mida valida?<span class=\"toggle_icon\">        <span class=\"vert_icon\"><\/span><span class=\"hor_icon\"><\/span><\/span><\/p>        <div id=\"toggle-id-4-container\" class=\"toggle_wrap\" >            <div class=\"toggle_content invers-color\"  itemprop=\"text\" ><p>Suurep\u00e4rane kingitus mehele v\u00f5i m\u00f5nele muule suitsetajale - vesipiip v\u00f5i vesipiibukomplekt. Ja kui teil on vesipiip juba olemas, kuid soovite seda kinkida-v\u00f5ite osta vesipiibule erinevaid tarvikuid, mis pole mitte ainult kvaliteetne ja kauakestev, vaid ka suurep\u00e4rane kingitus teie mehele v\u00f5i suitsetajale.<\/p>\n            <\/div>        <\/div>    <\/div><\/section>\n<section class=\"av_toggle_section\"  itemscope=\"itemscope\" itemtype=\"https:\/\/schema.org\/CreativeWork\" >    <div class=\"single_toggle\" data-tags=\"{All} \" >        <p data-fake-id=\"#toggle-id-5\" class=\"toggler\"  itemprop=\"headline\" >Millist tassi vesipiibu jaoks valida?<span class=\"toggle_icon\">        <span class=\"vert_icon\"><\/span><span class=\"hor_icon\"><\/span><\/span><\/p>        <div id=\"toggle-id-5-container\" class=\"toggle_wrap\" >            <div class=\"toggle_content invers-color\"  itemprop=\"text\" ><p>Lisateavet selle kohta, millist tassi vesipiibu jaoks valida - soovitame k\u00f5igepealt lugeda meie artiklit <a href=\"https:\/\/hookahshop.lt\/et\/vesipiibutopside-tuubid-ja-omadused\/\" data-schema-attribute=\"\">tasside omaduste kohta<\/a>. Samuti soovitame alustada s\u00f5nadega \u201e<a href=\"https:\/\/hookahshop.lt\/et\/tootekategooria\/priedai-kaljanui\/taureles-kaljanui\/\">T\u00fcrgi keel<\/a>&quot;V\u00f5i&quot;<a href=\"https:\/\/hookahshop.lt\/et\/tootekategooria\/priedai-kaljanui\/taureles-kaljanui\/\">Tapja<\/a>\u201dVormitud tassid, et tasside omadusi paremini tundma \u00f5ppida ja endale sobiv leida.<\/p>\n            <\/div>        <\/div>    <\/div><\/section>\n<\/div><\/p><\/div><div class=\"flex_column av_three_fifth  flex_column_div av-zero-column-padding first\" style='border-radius:0px; '><\/div><div class=\"flex_column av_one_full  flex_column_div av-zero-column-padding first\" style='border-radius:0px; '><\/div><\/div><\/div><\/div><!-- close content main div --><\/div><\/div><\/div><div id='after_section_1' class='main_color av_default_container_wrap container_wrap sidebar_right'   ><div class='container' ><div class='template-page content  av-content-small alpha units'><div class='post-entry post-entry-type-page post-entry-856'><div class='entry-content-wrapper clearfix'>","protected":false},"excerpt":{"rendered":"","protected":false},"author":1,"featured_media":12491,"parent":0,"menu_order":0,"comment_status":"closed","ping_status":"closed","template":"","meta":[],"_links":{"self":[{"href":"https:\/\/hookahshop.lt\/et\/wp-json\/wp\/v2\/pages\/856"}],"collection":[{"href":"https:\/\/hookahshop.lt\/et\/wp-json\/wp\/v2\/pages"}],"about":[{"href":"https:\/\/hookahshop.lt\/et\/wp-json\/wp\/v2\/types\/page"}],"author":[{"embeddable":true,"href":"https:\/\/hookahshop.lt\/et\/wp-json\/wp\/v2\/users\/1"}],"replies":[{"embeddable":true,"href":"https:\/\/hookahshop.lt\/et\/wp-json\/wp\/v2\/comments?post=856"}],"version-history":[{"count":102,"href":"https:\/\/hookahshop.lt\/et\/wp-json\/wp\/v2\/pages\/856\/revisions"}],"predecessor-version":[{"id":41900,"href":"https:\/\/hookahshop.lt\/et\/wp-json\/wp\/v2\/pages\/856\/revisions\/41900"}],"wp:featuredmedia":[{"embeddable":true,"href":"https:\/\/hookahshop.lt\/et\/wp-json\/wp\/v2\/media\/12491"}],"wp:attachment":[{"href":"https:\/\/hookahshop.lt\/et\/wp-json\/wp\/v2\/media?parent=856"}],"curies":[{"name":"wp","href":"https:\/\/api.w.org\/{rel}","templated":true}]}}