{"id":10470,"date":"2020-07-18T11:16:58","date_gmt":"2020-07-18T08:16:58","guid":{"rendered":"https:\/\/hookahshop.lt\/?post_type=product&#038;p=10470"},"modified":"2026-04-18T23:29:06","modified_gmt":"2026-04-18T20:29:06","slug":"taurele-kaljanui-njn-hookah-kill-japana-style","status":"publish","type":"product","link":"https:\/\/hookahshop.lt\/et\/toode\/tass-vesipiip-njn-hookah-kill-japana-style\/","title":{"rendered":"Tass vesipiibule NJN HOOKAH Kill Japan Style"},"content":{"rendered":"<h2>Tass vesipiibule NJN HOOKAH Kill Japan Style<\/h2>\n<p>Tassi kuju on &quot;killer&quot;, \u00fcleni kaetud erinevate Jaapani stiilis mustritega glasuuriga. Lillemustrid kaunistavad kaunilt tassi v\u00e4limust.<\/p>\n<p>NJN Hookah Kill Japana Style on valmistatud valgest savist ja glasuuritud. Need annavad edasi maitset ja n\u00e4evad suurep\u00e4rased v\u00e4lja. Tassi serv on glasuuritud, mis ei lase kuumakambril libiseda.<\/p>\n<p>Ideaalne kange ja v\u00e4ga kange tubaka jaoks, kuid ka hele tubakas suitsetab h\u00e4sti. Tubaka tarbimine on umbes 16-20 grammi.<\/p>\n<p>Kas teil on k\u00fcsimusi? v\u00f5ta meiega \u00fchendust\u00a0<a href=\"https:\/\/hookahshop.lt\/et\/kontaktid\/\">kontaktide leht<\/a>\u00a0v\u00f5i saatke meile e-kiri aadressil\u00a0<a href=\"https:\/\/facebook.com\/HookahShop.lt\/\" target=\"_blank\" rel=\"noopener noreferrer\">Facebooki konto<\/a>\u00a0ja vastame teie taotlusele samal p\u00e4eval.<\/p>","protected":false},"excerpt":{"rendered":"<p>Vesipiibu tass NJN HOOKAH Kill Japan Style Tassi kuju on &quot;killer&quot;, t\u00e4ielikult kaetud erinevate Jaapani stiilis mustritega glasuuriga. Lillemustrid kaunistavad kaunilt tassi v\u00e4limust. NJN Hookah Kill Japana Style on valmistatud valgest savist ja glasuuritud. Need annavad edasi maitset ja n\u00e4evad suurep\u00e4rased v\u00e4lja. Tassi serv on glasuuritud, mis ei lase kuumakambril libiseda. [\u2026]<\/p>","protected":false},"featured_media":10471,"comment_status":"open","ping_status":"closed","template":"","meta":[],"_links":{"self":[{"href":"https:\/\/hookahshop.lt\/et\/wp-json\/wp\/v2\/product\/10470"}],"collection":[{"href":"https:\/\/hookahshop.lt\/et\/wp-json\/wp\/v2\/product"}],"about":[{"href":"https:\/\/hookahshop.lt\/et\/wp-json\/wp\/v2\/types\/product"}],"replies":[{"embeddable":true,"href":"https:\/\/hookahshop.lt\/et\/wp-json\/wp\/v2\/comments?post=10470"}],"version-history":[{"count":3,"href":"https:\/\/hookahshop.lt\/et\/wp-json\/wp\/v2\/product\/10470\/revisions"}],"predecessor-version":[{"id":23124,"href":"https:\/\/hookahshop.lt\/et\/wp-json\/wp\/v2\/product\/10470\/revisions\/23124"}],"wp:featuredmedia":[{"embeddable":true,"href":"https:\/\/hookahshop.lt\/et\/wp-json\/wp\/v2\/media\/10471"}],"wp:attachment":[{"href":"https:\/\/hookahshop.lt\/et\/wp-json\/wp\/v2\/media?parent=10470"}],"curies":[{"name":"wp","href":"https:\/\/api.w.org\/{rel}","templated":true}]}}