{"id":10476,"date":"2020-07-18T11:22:02","date_gmt":"2020-07-18T08:22:02","guid":{"rendered":"https:\/\/hookahshop.lt\/?post_type=product&#038;p=10476"},"modified":"2026-04-19T23:29:21","modified_gmt":"2026-04-19T20:29:21","slug":"taurele-kaljanui-njn-hookah-lotus-coff","status":"publish","type":"product","link":"https:\/\/hookahshop.lt\/et\/toode\/tass-vesipiip-njn-hookah-lotus-coff\/","title":{"rendered":"Tass vesipiibule NJN HOOKAH Lotus Coff"},"content":{"rendered":"<h2>Tass vesipiibule NJN HOOKAH Lotus Coff<\/h2>\n<p>Ida kultuuridest inspireeritud Lotus Coff tassid. NJN Hookah Lotus Coff on valmistatud valgest savist. Tass \u00fchildub kuumakambri ja fooliumiga. Tubaka mahutavus on 10\u201314 grammi.<\/p>\n<p>Kas teil on k\u00fcsimusi? v\u00f5ta meiega \u00fchendust\u00a0<a href=\"https:\/\/hookahshop.lt\/et\/kontaktid\/\">kontaktide leht<\/a>\u00a0v\u00f5i saatke meile e-kiri aadressil\u00a0<a href=\"https:\/\/facebook.com\/HookahShop.lt\/\" target=\"_blank\" rel=\"noopener noreferrer\">Facebooki konto<\/a>\u00a0ja vastame teie taotlusele samal p\u00e4eval.<\/p>","protected":false},"excerpt":{"rendered":"<p>Vesipiibu tass NJN HOOKAH Lotus Coff Idamaade kultuuridest inspireeritud Lootose Coff tassid. NJN Hookah Lotus Coff on valmistatud valgest savist. Tass \u00fchildub kuumakambri ja fooliumiga. Tubaka mahutavus on 10\u201314 grammi. Kas teil on k\u00fcsimusi? V\u00f5tke meiega \u00fchendust kontaktide lehel v\u00f5i kirjutage meile oma Facebooki kontol ja vastame teie p\u00e4ringule samal p\u00e4eval.<\/p>","protected":false},"featured_media":10477,"comment_status":"open","ping_status":"closed","template":"","meta":[],"_links":{"self":[{"href":"https:\/\/hookahshop.lt\/et\/wp-json\/wp\/v2\/product\/10476"}],"collection":[{"href":"https:\/\/hookahshop.lt\/et\/wp-json\/wp\/v2\/product"}],"about":[{"href":"https:\/\/hookahshop.lt\/et\/wp-json\/wp\/v2\/types\/product"}],"replies":[{"embeddable":true,"href":"https:\/\/hookahshop.lt\/et\/wp-json\/wp\/v2\/comments?post=10476"}],"version-history":[{"count":4,"href":"https:\/\/hookahshop.lt\/et\/wp-json\/wp\/v2\/product\/10476\/revisions"}],"predecessor-version":[{"id":23125,"href":"https:\/\/hookahshop.lt\/et\/wp-json\/wp\/v2\/product\/10476\/revisions\/23125"}],"wp:featuredmedia":[{"embeddable":true,"href":"https:\/\/hookahshop.lt\/et\/wp-json\/wp\/v2\/media\/10477"}],"wp:attachment":[{"href":"https:\/\/hookahshop.lt\/et\/wp-json\/wp\/v2\/media?parent=10476"}],"curies":[{"name":"wp","href":"https:\/\/api.w.org\/{rel}","templated":true}]}}