{"id":10483,"date":"2020-07-18T11:26:42","date_gmt":"2020-07-18T08:26:42","guid":{"rendered":"https:\/\/hookahshop.lt\/?post_type=product&#038;p=10483"},"modified":"2026-04-16T10:21:14","modified_gmt":"2026-04-16T07:21:14","slug":"taurele-kaljanui-bigmaks-rude","status":"publish","type":"product","link":"https:\/\/hookahshop.lt\/et\/toode\/tass-vesipiip-bigmaks-rude\/","title":{"rendered":"Tipp vesipiibule BIGMAKS Rude"},"content":{"rendered":"<h2>Tipp vesipiibule BIGMAKS Rude<\/h2>\n<p>See vesipiibu tass on valmistatud punasest savist potirattal. Kuju sarnaneb tavalisele &quot;Turkile&quot;, kuid sellel on ideaalne kuju, vastupidavus ja praktilisus igap\u00e4evases kasutuses. Tubaka maht kausis on 15-18 grammi.<\/p>\n<p>Kas teil on k\u00fcsimusi? v\u00f5ta meiega \u00fchendust\u00a0<a href=\"https:\/\/hookahshop.lt\/et\/kontaktid\/\">kontaktide leht<\/a>\u00a0v\u00f5i saatke meile e-kiri aadressil\u00a0<a href=\"https:\/\/facebook.com\/HookahShop.lt\/\" target=\"_blank\" rel=\"noopener noreferrer\">Facebooki konto<\/a>\u00a0ja vastame teie taotlusele samal p\u00e4eval.<\/p>","protected":false},"excerpt":{"rendered":"<p>Vesipiibutops BIGMAKS Rude See vesipiibutops on valmistatud punasest savist pottsepakettal. Kuju sarnaneb tavalisele &quot;Turkile&quot;, kuid sellel on ideaalne kuju, vastupidavus ja praktilisus igap\u00e4evases kasutuses. Tubaka maht kausis on 15-18 grammi. Kas teil on k\u00fcsimusi? V\u00f5tke meiega \u00fchendust kontaktide lehel v\u00f5i kirjutage meile oma Facebooki kontole ja vastame teie p\u00e4ringule samaga [\u2026]<\/p>","protected":false},"featured_media":10548,"comment_status":"open","ping_status":"closed","template":"","meta":[],"_links":{"self":[{"href":"https:\/\/hookahshop.lt\/et\/wp-json\/wp\/v2\/product\/10483"}],"collection":[{"href":"https:\/\/hookahshop.lt\/et\/wp-json\/wp\/v2\/product"}],"about":[{"href":"https:\/\/hookahshop.lt\/et\/wp-json\/wp\/v2\/types\/product"}],"replies":[{"embeddable":true,"href":"https:\/\/hookahshop.lt\/et\/wp-json\/wp\/v2\/comments?post=10483"}],"version-history":[{"count":4,"href":"https:\/\/hookahshop.lt\/et\/wp-json\/wp\/v2\/product\/10483\/revisions"}],"predecessor-version":[{"id":29532,"href":"https:\/\/hookahshop.lt\/et\/wp-json\/wp\/v2\/product\/10483\/revisions\/29532"}],"wp:featuredmedia":[{"embeddable":true,"href":"https:\/\/hookahshop.lt\/et\/wp-json\/wp\/v2\/media\/10548"}],"wp:attachment":[{"href":"https:\/\/hookahshop.lt\/et\/wp-json\/wp\/v2\/media?parent=10483"}],"curies":[{"name":"wp","href":"https:\/\/api.w.org\/{rel}","templated":true}]}}