{"id":10489,"date":"2020-07-18T11:34:06","date_gmt":"2020-07-18T08:34:06","guid":{"rendered":"https:\/\/hookahshop.lt\/?post_type=product&#038;p=10489"},"modified":"2024-08-22T12:53:59","modified_gmt":"2024-08-22T09:53:59","slug":"taurele-kaljanui-telamon-classic-bowl-glaze","status":"publish","type":"product","link":"https:\/\/hookahshop.lt\/et\/toode\/tass-vesipiip-telamon-classic-bowl-glaze\/","title":{"rendered":"Tass vesipiibule TELAMON Classic Bowl Glasuurile"},"content":{"rendered":"<h2>Tass vesipiibule TELAMON Classic Bowl Glasuurile<\/h2>\n<p>Telamon esitleb klassikalist glasuuriga kaussi. Glasuuritud kauss annab maitset veelgi enam edasi!<\/p>\n<p>Iga kauss on meistri poolt k\u00e4sitsi valmistatud. Valmistatud k\u00f5rgekvaliteedilisest savist, kasutades k\u00f5rgel temperatuuril topeltp\u00f5letust (\u00fcle 1220 kraadi Celsiuse j\u00e4rgi). T\u00e4nu oma suurele tihedusele ja temperatuurile ei imbu tubakasiirup topsi seintesse ega leki aja jooksul.<\/p>\n<p>See kauss r\u00f6stib suurep\u00e4raselt kogu vesipiibu tubaka, olgu see tugev v\u00f5i kerge. Tassi maht 10-15 grammi tubakat.<\/p>\n<p>Kas teil on k\u00fcsimusi? v\u00f5ta meiega \u00fchendust\u00a0<a href=\"https:\/\/hookahshop.lt\/et\/kontaktid\/\">kontaktide leht<\/a>\u00a0v\u00f5i saatke meile e-kiri aadressil\u00a0<a href=\"https:\/\/facebook.com\/HookahShop.lt\/\" target=\"_blank\" rel=\"noopener noreferrer\">Facebooki konto<\/a>\u00a0ja vastame teie taotlusele samal p\u00e4eval.<\/p>","protected":false},"excerpt":{"rendered":"<p>TELAMON Classic Bowl Glaze Telamon esitleb klassikalist glasuuriga kaussi. Glasuuritud kauss annab maitset veelgi enam edasi! Iga kauss on meistri poolt k\u00e4sitsi valmistatud. Valmistatud k\u00f5rgekvaliteedilisest savist, kasutades k\u00f5rgel temperatuuril topeltp\u00f5letust (\u00fcle 1220 kraadi Celsiuse j\u00e4rgi). Suure tiheduse ja temperatuuri t\u00f5ttu ei imbu tubakasiirup isegi aja jooksul tassi seintesse. [\u2026]<\/p>","protected":false},"featured_media":10490,"comment_status":"open","ping_status":"closed","template":"","meta":[],"_links":{"self":[{"href":"https:\/\/hookahshop.lt\/et\/wp-json\/wp\/v2\/product\/10489"}],"collection":[{"href":"https:\/\/hookahshop.lt\/et\/wp-json\/wp\/v2\/product"}],"about":[{"href":"https:\/\/hookahshop.lt\/et\/wp-json\/wp\/v2\/types\/product"}],"replies":[{"embeddable":true,"href":"https:\/\/hookahshop.lt\/et\/wp-json\/wp\/v2\/comments?post=10489"}],"version-history":[{"count":3,"href":"https:\/\/hookahshop.lt\/et\/wp-json\/wp\/v2\/product\/10489\/revisions"}],"predecessor-version":[{"id":41764,"href":"https:\/\/hookahshop.lt\/et\/wp-json\/wp\/v2\/product\/10489\/revisions\/41764"}],"wp:featuredmedia":[{"embeddable":true,"href":"https:\/\/hookahshop.lt\/et\/wp-json\/wp\/v2\/media\/10490"}],"wp:attachment":[{"href":"https:\/\/hookahshop.lt\/et\/wp-json\/wp\/v2\/media?parent=10489"}],"curies":[{"name":"wp","href":"https:\/\/api.w.org\/{rel}","templated":true}]}}