{"id":10495,"date":"2020-07-18T11:42:11","date_gmt":"2020-07-18T08:42:11","guid":{"rendered":"https:\/\/hookahshop.lt\/?post_type=product&#038;p=10495"},"modified":"2026-04-06T23:28:42","modified_gmt":"2026-04-06T20:28:42","slug":"kaljanas-alpha-hookah-x-black-cosmo","status":"publish","type":"product","link":"https:\/\/hookahshop.lt\/et\/toode\/vesipiip-alpha-hookah-x-black-cosmo\/","title":{"rendered":"Vesipiip ALPHA HOOKAH X Black Cosmo"},"content":{"rendered":"<h2>Vesipiip ALPHA Hookah X Black Cosmo<\/h2>\n<p>Aasta Vesipiibu 2018. aasta John Calliano auhindade ja 2020. aasta vesipiibuklubide n\u00e4itusel.<br \/>\nAlpha Hookah Model X on kompaktne ja h\u00f5lpsasti kasutatav. Vesipiibu jaoks piisavalt kerge, k\u00f5ik selle elemendid on valmistatud kvaliteetsetest kaasaegsetest materjalidest, tagades suurep\u00e4rase maitse ja vastupidavuse ka regulaarsel kasutamisel.<\/p>\n<p><strong>Omadused:<\/strong><br \/>\nVesipiibu kaal: ~ 1320 gr<br \/>\nVesipiibu k\u00f5rgus: 420 mm<br \/>\nRoostevaba teras, D13 mm<br \/>\nAnodeeritud alumiiniumist puhumisavadega tald, kaetud pulbriga<br \/>\nRoostevaba teras, D14 mm<br \/>\nPeamine materjal: Saksa pol\u00fcatsetaal<br \/>\nVooliku \u00fchendus: magnetiline<br \/>\nVuugimaterjal: pol\u00fcatsetaal<br \/>\nHajuti: eemaldatav<br \/>\nHuulik: roostevaba teras<br \/>\nHuuliku pikkus: 293 mm, D10 mm<br \/>\nVoolik: silikoon<br \/>\nVooliku pikkus: 1500mm<\/p>\n<p><strong>Varustus:<\/strong><\/p>\n<p>V\u00f5ll, plaat, voolik koos huulikuga, tihendid.<em><strong><br \/>\n<\/strong><\/em><\/p>\n<p><img decoding=\"async\" loading=\"lazy\" class=\"alignnone size-medium wp-image-38521\" src=\"https:\/\/hookahshop.lt\/wp-content\/uploads\/2020\/09\/stiebas-zarna-kandiklis-1-300x273.jpg\" alt=\"- hookahshop.lt\" width=\"300\" height=\"273\" srcset=\"https:\/\/hookahshop.lt\/wp-content\/uploads\/2020\/09\/stiebas-zarna-kandiklis-1-300x273.jpg 300w, https:\/\/hookahshop.lt\/wp-content\/uploads\/2020\/09\/stiebas-zarna-kandiklis-1-13x12.jpg 13w, https:\/\/hookahshop.lt\/wp-content\/uploads\/2020\/09\/stiebas-zarna-kandiklis-1-64x58.jpg 64w, https:\/\/hookahshop.lt\/wp-content\/uploads\/2020\/09\/stiebas-zarna-kandiklis-1.jpg 420w\" sizes=\"(max-width: 300px) 100vw, 300px\" title=\"\"><\/p>\n<p>Kas teil on k\u00fcsimusi? v\u00f5ta meiega \u00fchendust\u00a0<a href=\"https:\/\/hookahshop.lt\/et\/kontaktid\/\">kontaktide leht<\/a>\u00a0v\u00f5i saatke meile e-kiri aadressil\u00a0<a href=\"https:\/\/facebook.com\/HookahShop.lt\/\" target=\"_blank\" rel=\"noopener noreferrer\">Facebooki konto<\/a>\u00a0ja vastame teie taotlusele samal p\u00e4eval.<\/p>","protected":false},"excerpt":{"rendered":"<p>Vesipiibu ALPHA Vesipiibu X Black Cosmo Aasta Vesipiip John Calliano Awards 2018 ja Hookah Club Show 2020 raames. Alpha Hookah Model X on kompaktne ja h\u00f5lpsasti kasutatav. Kerge vesipiip, k\u00f5ik selle elemendid on valmistatud kvaliteetsetest kaasaegsetest materjalidest, tagades suurep\u00e4rase maitse ja vastupidavuse ka regulaarsel kasutamisel. Omadused: Vesipiibu kaal: ~ 1320 gr Vesipiibu k\u00f5rgus: [\u2026]<\/p>","protected":false},"featured_media":10496,"comment_status":"open","ping_status":"closed","template":"","meta":[],"_links":{"self":[{"href":"https:\/\/hookahshop.lt\/et\/wp-json\/wp\/v2\/product\/10495"}],"collection":[{"href":"https:\/\/hookahshop.lt\/et\/wp-json\/wp\/v2\/product"}],"about":[{"href":"https:\/\/hookahshop.lt\/et\/wp-json\/wp\/v2\/types\/product"}],"replies":[{"embeddable":true,"href":"https:\/\/hookahshop.lt\/et\/wp-json\/wp\/v2\/comments?post=10495"}],"version-history":[{"count":7,"href":"https:\/\/hookahshop.lt\/et\/wp-json\/wp\/v2\/product\/10495\/revisions"}],"predecessor-version":[{"id":28276,"href":"https:\/\/hookahshop.lt\/et\/wp-json\/wp\/v2\/product\/10495\/revisions\/28276"}],"wp:featuredmedia":[{"embeddable":true,"href":"https:\/\/hookahshop.lt\/et\/wp-json\/wp\/v2\/media\/10496"}],"wp:attachment":[{"href":"https:\/\/hookahshop.lt\/et\/wp-json\/wp\/v2\/media?parent=10495"}],"curies":[{"name":"wp","href":"https:\/\/api.w.org\/{rel}","templated":true}]}}