{"id":10552,"date":"2020-07-18T13:42:33","date_gmt":"2020-07-18T10:42:33","guid":{"rendered":"https:\/\/hookahshop.lt\/?post_type=product&#038;p=10552"},"modified":"2026-04-10T12:51:23","modified_gmt":"2026-04-10T09:51:23","slug":"kaljano-komplektas-alpha-hookah-x-orange-fluor","status":"publish","type":"product","link":"https:\/\/hookahshop.lt\/et\/toode\/vesipiibukomplektid-alpha-hookah-x-orange-fluor\/","title":{"rendered":"KALJANO KOMPLEKT ALPHA HOOKAH X ORANGE FLUOR"},"content":{"rendered":"<h2>KALJANO KOMPLEKT ALPHA HOOKAH X ORANGE FLUOR<\/h2>\n<p>Alpha Vesipiibu mudel X, John Calliano Awards 2018 ja Hookah Club Show 2020 aasta hoor.<br \/>\nSee on kompaktne, h\u00f5lpsasti kasutatav. Vesipiibu jaoks piisavalt kerge, k\u00f5ik selle elemendid on valmistatud kvaliteetsetest kaasaegsetest materjalidest, tagades suurep\u00e4rase maitse ja vastupidavuse ka regulaarsel kasutamisel.<\/p>\n<p>Vesipiibu k\u00f5rgus = 420 mm<\/p>\n<p>Varustus:<br \/>\nV\u00f5ll -1 tk.<br \/>\nVesipiibu plaat br\u00e4ndi graveeringuga - 1 tk.<br \/>\nHuulik - 1 tk.<br \/>\nSilikoonvoolik - 1 tk.<br \/>\nTihendid - 2 tk.<br \/>\nKolb (oran\u017e) - 1 tk.<br \/>\nTangid - 1 tk.<br \/>\nKuumutuskamber - 1 tk.<br \/>\nKarikas (Oblako) - 1tk.<br \/>\nS\u00fcsinik Zocomo 1kg - 1tk.<br \/>\nPliit - 1tk.<\/p>\n<p>Kas teil on k\u00fcsimusi? v\u00f5ta meiega \u00fchendust\u00a0<a href=\"https:\/\/hookahshop.lt\/et\/kontaktid\/\">kontaktide leht<\/a>\u00a0v\u00f5i saatke meile e-kiri aadressil\u00a0<a href=\"https:\/\/facebook.com\/HookahShop.lt\/\" target=\"_blank\" rel=\"noopener noreferrer\">Facebooki konto<\/a>\u00a0ja vastame teie taotlusele samal p\u00e4eval.<\/p>","protected":false},"excerpt":{"rendered":"<p>Vesipiibu KOMPLEKT ALPHA HOOKAH X ORANGE FLUOR Alpha Hookah Model X, aasta konks vastavalt John Calliano Awards 2018 ja Hookah Club Show 2020 arvestusele. See on kompaktne, lihtne kasutada. Kerge vesipiip, k\u00f5ik selle elemendid on valmistatud kvaliteetsetest kaasaegsetest materjalidest, tagades suurep\u00e4rase maitse ja vastupidavuse ka regulaarsel kasutamisel. Vesipiibu k\u00f5rgus = 420 mm Varustus: [\u2026]<\/p>","protected":false},"featured_media":10558,"comment_status":"open","ping_status":"closed","template":"","meta":[],"_links":{"self":[{"href":"https:\/\/hookahshop.lt\/et\/wp-json\/wp\/v2\/product\/10552"}],"collection":[{"href":"https:\/\/hookahshop.lt\/et\/wp-json\/wp\/v2\/product"}],"about":[{"href":"https:\/\/hookahshop.lt\/et\/wp-json\/wp\/v2\/types\/product"}],"replies":[{"embeddable":true,"href":"https:\/\/hookahshop.lt\/et\/wp-json\/wp\/v2\/comments?post=10552"}],"version-history":[{"count":2,"href":"https:\/\/hookahshop.lt\/et\/wp-json\/wp\/v2\/product\/10552\/revisions"}],"predecessor-version":[{"id":20154,"href":"https:\/\/hookahshop.lt\/et\/wp-json\/wp\/v2\/product\/10552\/revisions\/20154"}],"wp:featuredmedia":[{"embeddable":true,"href":"https:\/\/hookahshop.lt\/et\/wp-json\/wp\/v2\/media\/10558"}],"wp:attachment":[{"href":"https:\/\/hookahshop.lt\/et\/wp-json\/wp\/v2\/media?parent=10552"}],"curies":[{"name":"wp","href":"https:\/\/api.w.org\/{rel}","templated":true}]}}