{"id":10578,"date":"2020-07-18T14:25:18","date_gmt":"2020-07-18T11:25:18","guid":{"rendered":"https:\/\/hookahshop.lt\/?post_type=product&#038;p=10578"},"modified":"2026-05-13T13:51:43","modified_gmt":"2026-05-13T10:51:43","slug":"kaljano-komplektas-like-smoke-steel-wood-juodas","status":"publish","type":"product","link":"https:\/\/hookahshop.lt\/et\/toode\/vesipiibukomplektid-like-smoke-steel-wood-must\/","title":{"rendered":"KALJANO KOMPLEKT NAGU SUITSUTERAS PUIT MUST"},"content":{"rendered":"<h2>KALJANO KOMPLEKT NAGU SUITSUTERAS PUIT MUST<\/h2>\n<p>See vesipiip on valmistatud roostevabast terasest ja selle osad on v\u00e4ga t\u00e4pselt t\u00f6\u00f6deldud. Kaunistus on valmistatud puidust ja must v\u00e4rv r\u00f5hutab selle vesipiibu majesteetlikkust!<\/p>\n<p>Plaadile ja alusele on graveeritud kaubam\u00e4rgi nimi. Vooliku\u00fchendus on magnetiline. Reguleeritava difuusoriga.<\/p>\n<p>Vesipiibu k\u00f5rgus: 510 mm<\/p>\n<p>Varustus:<br \/>\nV\u00f5ll -1 tk.<br \/>\nVesipiibu plaat br\u00e4ndi graveeringuga - 1 tk.<br \/>\nHuulik - 1 tk.<br \/>\nSilikoonvoolik - 1 tk.<br \/>\nTihendid - 2 tk.<br \/>\nKolb (erineb fotol olevast) - 1 tk.<br \/>\nTangid - 1 tk.<br \/>\nKuumutuskamber - 1 tk.<br \/>\nKarikas (Bigmaks) - 1tk.<br \/>\nS\u00fcsinik Zocomo 1kg - 1tk.<br \/>\nPliit - 1tk.<\/p>\n<p>Kas teil on k\u00fcsimusi? v\u00f5ta meiega \u00fchendust\u00a0<a href=\"https:\/\/hookahshop.lt\/et\/kontaktid\/\">kontaktide leht<\/a>\u00a0v\u00f5i saatke meile e-kiri aadressil\u00a0<a href=\"https:\/\/facebook.com\/HookahShop.lt\/\" target=\"_blank\" rel=\"noopener noreferrer\">Facebooki konto<\/a>\u00a0ja vastame teie taotlusele samal p\u00e4eval.<\/p>","protected":false},"excerpt":{"rendered":"<p>Vesipiibu komplekt LIKE SMOKE STEEL WOOD BLACK See vesipiip on valmistatud roostevabast terasest ja selle osad on v\u00e4ga t\u00e4pselt t\u00f6\u00f6deldud. Kaunistus on valmistatud puidust ja must v\u00e4rv r\u00f5hutab selle vesipiibu majesteetlikkust! Plaadile ja alusele on graveeritud kaubam\u00e4rgi nimi. Vooliku\u00fchendus on magnetiline. Reguleeritava difuusoriga. Vesipiibu k\u00f5rgus: 510 mm Varustus: V\u00f5ll -1 tk. Br\u00e4ndigraveeringuga vesipiibuplaat [\u2026]<\/p>","protected":false},"featured_media":10582,"comment_status":"open","ping_status":"closed","template":"","meta":[],"_links":{"self":[{"href":"https:\/\/hookahshop.lt\/et\/wp-json\/wp\/v2\/product\/10578"}],"collection":[{"href":"https:\/\/hookahshop.lt\/et\/wp-json\/wp\/v2\/product"}],"about":[{"href":"https:\/\/hookahshop.lt\/et\/wp-json\/wp\/v2\/types\/product"}],"replies":[{"embeddable":true,"href":"https:\/\/hookahshop.lt\/et\/wp-json\/wp\/v2\/comments?post=10578"}],"version-history":[{"count":2,"href":"https:\/\/hookahshop.lt\/et\/wp-json\/wp\/v2\/product\/10578\/revisions"}],"predecessor-version":[{"id":20158,"href":"https:\/\/hookahshop.lt\/et\/wp-json\/wp\/v2\/product\/10578\/revisions\/20158"}],"wp:featuredmedia":[{"embeddable":true,"href":"https:\/\/hookahshop.lt\/et\/wp-json\/wp\/v2\/media\/10582"}],"wp:attachment":[{"href":"https:\/\/hookahshop.lt\/et\/wp-json\/wp\/v2\/media?parent=10578"}],"curies":[{"name":"wp","href":"https:\/\/api.w.org\/{rel}","templated":true}]}}