{"id":10587,"date":"2020-07-18T14:38:34","date_gmt":"2020-07-18T11:38:34","guid":{"rendered":"https:\/\/hookahshop.lt\/?post_type=product&#038;p=10587"},"modified":"2026-04-14T23:28:40","modified_gmt":"2026-04-14T20:28:40","slug":"apsauginis-sietelis-kaljanui-njn-hookah","status":"publish","type":"product","link":"https:\/\/hookahshop.lt\/et\/toode\/kaitsev-soel-vesipiip-njn-vesipiip\/","title":{"rendered":"Kaitses\u00f5el vesipiibule NJN HOOKAH"},"content":{"rendered":"<h2>Kaitses\u00f5el vesipiibule NJN HOOKAH<\/h2>\n<p>See ei lase s\u00f6el kodus suitsetamise ajal kogemata teie v\u00e4\u00e4rtuslikku vara p\u00f5letada.<\/p>\n<p>Kas teil on k\u00fcsimusi? v\u00f5ta meiega \u00fchendust\u00a0<a href=\"https:\/\/hookahshop.lt\/et\/kontaktid\/\">kontaktide leht<\/a>\u00a0v\u00f5i saatke meile e-kiri aadressil\u00a0<a href=\"https:\/\/facebook.com\/HookahShop.lt\/\" target=\"_blank\" rel=\"noopener noreferrer\">Facebooki konto<\/a>\u00a0ja vastame teie taotlusele samal p\u00e4eval.<\/p>","protected":false},"excerpt":{"rendered":"<p>Kaitsev s\u00f5el vesipiibu jaoks NJN HOOKAH See ei lase s\u00f6el kodus suitsetades kogemata teie v\u00e4\u00e4rtuslikku vara p\u00f5letada. Kas teil on k\u00fcsimusi? V\u00f5tke meiega \u00fchendust kontaktide lehel v\u00f5i kirjutage meile oma Facebooki kontol ja vastame teie p\u00e4ringule samal p\u00e4eval.<\/p>","protected":false},"featured_media":10588,"comment_status":"open","ping_status":"closed","template":"","meta":[],"_links":{"self":[{"href":"https:\/\/hookahshop.lt\/et\/wp-json\/wp\/v2\/product\/10587"}],"collection":[{"href":"https:\/\/hookahshop.lt\/et\/wp-json\/wp\/v2\/product"}],"about":[{"href":"https:\/\/hookahshop.lt\/et\/wp-json\/wp\/v2\/types\/product"}],"replies":[{"embeddable":true,"href":"https:\/\/hookahshop.lt\/et\/wp-json\/wp\/v2\/comments?post=10587"}],"version-history":[{"count":3,"href":"https:\/\/hookahshop.lt\/et\/wp-json\/wp\/v2\/product\/10587\/revisions"}],"predecessor-version":[{"id":28377,"href":"https:\/\/hookahshop.lt\/et\/wp-json\/wp\/v2\/product\/10587\/revisions\/28377"}],"wp:featuredmedia":[{"embeddable":true,"href":"https:\/\/hookahshop.lt\/et\/wp-json\/wp\/v2\/media\/10588"}],"wp:attachment":[{"href":"https:\/\/hookahshop.lt\/et\/wp-json\/wp\/v2\/media?parent=10587"}],"curies":[{"name":"wp","href":"https:\/\/api.w.org\/{rel}","templated":true}]}}