{"id":10623,"date":"2020-07-20T12:12:38","date_gmt":"2020-07-20T09:12:38","guid":{"rendered":"https:\/\/hookahshop.lt\/?post_type=product&#038;p=10623"},"modified":"2026-04-15T23:29:15","modified_gmt":"2026-04-15T20:29:15","slug":"taurele-kaljanui-smokelab-rocks","status":"publish","type":"product","link":"https:\/\/hookahshop.lt\/et\/toode\/tass-vesipiip-smokelab-rocks\/","title":{"rendered":"Tass vesipiibule SMOKELAB Rocks"},"content":{"rendered":"<h2>Tass vesipiibule SMOKELAB Rocks<\/h2>\n<p>Ahjus eelkuumutatud tassid leotatakse keefiris v\u00f5i piimas ja v\u00f5is. Nii saavutatakse tassi veekindlus, s\u00e4ilitades samal ajal keraamika omadused.<\/p>\n<p>Smokelab Rocks on t\u00f5eliselt mitmek\u00fclgne, kuna paksud seinad v\u00f5imaldavad kuumakindlal tubakal \u00fchtlaselt kuumeneda, v\u00e4ltides selle \u00fclekuumenemist, samas kui tassidest piisab pehme ja raske tubaka suitsetamiseks.<\/p>\n<p>Kas teil on k\u00fcsimusi? v\u00f5ta meiega \u00fchendust\u00a0<a href=\"https:\/\/hookahshop.lt\/et\/kontaktid\/\">kontaktide leht<\/a>\u00a0v\u00f5i saatke meile e-kiri aadressil\u00a0<a href=\"https:\/\/facebook.com\/HookahShop.lt\/\" target=\"_blank\" rel=\"noopener noreferrer\">Facebooki konto<\/a>\u00a0ja vastame teie taotlusele samal p\u00e4eval.<\/p>","protected":false},"excerpt":{"rendered":"<p>Tass vesipiibu jaoks SMOKELAB Rocks Ahjus eelkuumutatud tassid leotatakse keefiris v\u00f5i piimas ja v\u00f5is. Nii saavutatakse tassi veekindlus, s\u00e4ilitades samal ajal keraamika omadused. Smokelab Rocks on t\u00f5eliselt mitmek\u00fclgne, kuna paksud seinad v\u00f5imaldavad kuumakindlal tubakal \u00fchtlaselt kuumeneda, v\u00e4ltides selle \u00fclekuumenemist, samas kui tassidest piisab pehme ja raske tubaka suitsetamiseks. Kas teil on k\u00fcsimusi? V\u00f5tke meiega \u00fchendust kontaktide lehel v\u00f5i kirjutage [\u2026]<\/p>","protected":false},"featured_media":10624,"comment_status":"open","ping_status":"closed","template":"","meta":[],"_links":{"self":[{"href":"https:\/\/hookahshop.lt\/et\/wp-json\/wp\/v2\/product\/10623"}],"collection":[{"href":"https:\/\/hookahshop.lt\/et\/wp-json\/wp\/v2\/product"}],"about":[{"href":"https:\/\/hookahshop.lt\/et\/wp-json\/wp\/v2\/types\/product"}],"replies":[{"embeddable":true,"href":"https:\/\/hookahshop.lt\/et\/wp-json\/wp\/v2\/comments?post=10623"}],"version-history":[{"count":4,"href":"https:\/\/hookahshop.lt\/et\/wp-json\/wp\/v2\/product\/10623\/revisions"}],"predecessor-version":[{"id":37695,"href":"https:\/\/hookahshop.lt\/et\/wp-json\/wp\/v2\/product\/10623\/revisions\/37695"}],"wp:featuredmedia":[{"embeddable":true,"href":"https:\/\/hookahshop.lt\/et\/wp-json\/wp\/v2\/media\/10624"}],"wp:attachment":[{"href":"https:\/\/hookahshop.lt\/et\/wp-json\/wp\/v2\/media?parent=10623"}],"curies":[{"name":"wp","href":"https:\/\/api.w.org\/{rel}","templated":true}]}}