{"id":10677,"date":"2020-07-21T12:35:38","date_gmt":"2020-07-21T09:35:38","guid":{"rendered":"https:\/\/hookahshop.lt\/?post_type=product&#038;p=10677"},"modified":"2026-04-15T23:28:56","modified_gmt":"2026-04-15T20:28:56","slug":"kaljano-anglies-laikiklis","status":"publish","type":"product","link":"https:\/\/hookahshop.lt\/et\/toode\/vesipiibu-susinikuhoidja\/","title":{"rendered":"Vesipiibu s\u00fcsinikuhoidja"},"content":{"rendered":"<h2>Vesipiibu s\u00fcsinikuhoidja<\/h2>\n<p>See on loodud kivis\u00f6e turvaliseks hoidmiseks \u00fches kohas.<\/p>\n<p>K\u00f5rgus: ~ 37 cm<br \/>\nBlisteri l\u00e4bim\u00f5\u00f5t: ~ 18cm<\/p>\n<p>Kas teil on k\u00fcsimusi? v\u00f5ta meiega \u00fchendust\u00a0<a href=\"https:\/\/hookahshop.lt\/et\/kontaktid\/\">kontaktide leht<\/a>\u00a0v\u00f5i saatke meile e-kiri aadressil\u00a0<a href=\"https:\/\/facebook.com\/HookahShop.lt\/\" target=\"_blank\" rel=\"noopener noreferrer\">Facebooki konto<\/a>\u00a0ja vastame teie taotlusele samal p\u00e4eval.<\/p>","protected":false},"excerpt":{"rendered":"<p>Vesipiibu s\u00fcsinikuhoidik See on m\u00f5eldud kivis\u00f6e turvaliseks hoidmiseks \u00fches kohas. K\u00f5rgus: ~ 37cm Blisteri l\u00e4bim\u00f5\u00f5t: ~ 18cm Kas on k\u00fcsimusi? V\u00f5tke meiega \u00fchendust kontaktide lehel v\u00f5i kirjutage meile oma Facebooki kontol ja vastame teie p\u00e4ringule samal p\u00e4eval.<\/p>","protected":false},"featured_media":10678,"comment_status":"open","ping_status":"closed","template":"","meta":[],"_links":{"self":[{"href":"https:\/\/hookahshop.lt\/et\/wp-json\/wp\/v2\/product\/10677"}],"collection":[{"href":"https:\/\/hookahshop.lt\/et\/wp-json\/wp\/v2\/product"}],"about":[{"href":"https:\/\/hookahshop.lt\/et\/wp-json\/wp\/v2\/types\/product"}],"replies":[{"embeddable":true,"href":"https:\/\/hookahshop.lt\/et\/wp-json\/wp\/v2\/comments?post=10677"}],"version-history":[{"count":7,"href":"https:\/\/hookahshop.lt\/et\/wp-json\/wp\/v2\/product\/10677\/revisions"}],"predecessor-version":[{"id":45449,"href":"https:\/\/hookahshop.lt\/et\/wp-json\/wp\/v2\/product\/10677\/revisions\/45449"}],"wp:featuredmedia":[{"embeddable":true,"href":"https:\/\/hookahshop.lt\/et\/wp-json\/wp\/v2\/media\/10678"}],"wp:attachment":[{"href":"https:\/\/hookahshop.lt\/et\/wp-json\/wp\/v2\/media?parent=10677"}],"curies":[{"name":"wp","href":"https:\/\/api.w.org\/{rel}","templated":true}]}}