{"id":10686,"date":"2020-07-21T18:34:17","date_gmt":"2020-07-21T15:34:17","guid":{"rendered":"https:\/\/hookahshop.lt\/?post_type=product&#038;p=10686"},"modified":"2026-04-25T23:29:34","modified_gmt":"2026-04-25T20:29:34","slug":"turistine-dujine-virykle-su-keramikos-danga","status":"publish","type":"product","link":"https:\/\/hookahshop.lt\/et\/toode\/keraamilise-kattega-reisi-gaasipliit\/","title":{"rendered":"Keraamilise kattega reisi gaasipliit"},"content":{"rendered":"<h2>Keraamilise kattega reisi gaasipliit<\/h2>\n<p>Turvaline ja h\u00f5lpsasti kasutatav kaasaskantav gaasipliit, mida saate reisidel ja laagrites kaasas kanda. Reisige mugavalt matkagaasiga ja isegi looduses.<\/p>\n<p>Keraamilise kattega reisigaasipliit \u00fchekordse butaanigaasiballooniga (210 g, saadaval spetsialiseeritud kauplustes) - asetage gaasiballoon oma kohale, lukustage, vajutades nuppu &quot;LUKUSTUS&quot;. Keerake pliidinupp l\u00f5puni \u2013 paned ahju p\u00f5lema, tikke ega muid tuleallikaid pole vaja.<br \/>\nGaasiballooniga keraamilise kattega reisigaasipliit (nii ballooni kui ka selle tarvikuid saab osta spetsialiseeritud kauplustest) - lisaks l\u00e4heb vaja tarvikuid nagu gaasivoolik, kaks klambrit, reduktor ja balloon ise. Keerake pliidinupp l\u00f5puni \u2013 paned ahju p\u00f5lema, tikke ega muid tuleallikaid pole vaja.<\/p>\n<p>Esiklaas kaitseb leeki ja v\u00e4hendab gaasikulu<br \/>\nKeraamiline kate<br \/>\nKasutab veeldatud butaani<br \/>\nM\u00f5\u00f5dud: 34 x 25 x 6<\/p>\n<p>Kas teil on k\u00fcsimusi? v\u00f5ta meiega \u00fchendust\u00a0<a href=\"https:\/\/hookahshop.lt\/et\/kontaktid\/\">kontaktide leht<\/a>\u00a0v\u00f5i saatke meile e-kiri aadressil\u00a0<a href=\"https:\/\/facebook.com\/HookahShop.lt\/\" target=\"_blank\" rel=\"noopener noreferrer\">Facebooki konto<\/a>\u00a0ja vastame teie taotlusele samal p\u00e4eval.<\/p>","protected":false},"excerpt":{"rendered":"<p>Keraamilise kattega reisigaasipliit Ohutu ja lihtsalt kasutatav kaasaskantav gaasipliit, mida saad kaasas kanda reisil ja telkides. Reisige mugavalt turistigaasiga ja isegi looduses. Keraamilise kattega reisigaasipliit \u00fchekordse butaanigaasiballooniga (210 g, saadaval spetsialiseeritud kauplustes) - asetage gaasiballoon oma kohale, lukustage, vajutades nuppu &quot;LUKUST&quot;. Pliidid [\u2026]<\/p>","protected":false},"featured_media":10687,"comment_status":"open","ping_status":"closed","template":"","meta":[],"_links":{"self":[{"href":"https:\/\/hookahshop.lt\/et\/wp-json\/wp\/v2\/product\/10686"}],"collection":[{"href":"https:\/\/hookahshop.lt\/et\/wp-json\/wp\/v2\/product"}],"about":[{"href":"https:\/\/hookahshop.lt\/et\/wp-json\/wp\/v2\/types\/product"}],"replies":[{"embeddable":true,"href":"https:\/\/hookahshop.lt\/et\/wp-json\/wp\/v2\/comments?post=10686"}],"version-history":[{"count":7,"href":"https:\/\/hookahshop.lt\/et\/wp-json\/wp\/v2\/product\/10686\/revisions"}],"predecessor-version":[{"id":45709,"href":"https:\/\/hookahshop.lt\/et\/wp-json\/wp\/v2\/product\/10686\/revisions\/45709"}],"wp:featuredmedia":[{"embeddable":true,"href":"https:\/\/hookahshop.lt\/et\/wp-json\/wp\/v2\/media\/10687"}],"wp:attachment":[{"href":"https:\/\/hookahshop.lt\/et\/wp-json\/wp\/v2\/media?parent=10686"}],"curies":[{"name":"wp","href":"https:\/\/api.w.org\/{rel}","templated":true}]}}