{"id":10700,"date":"2020-07-21T21:36:04","date_gmt":"2020-07-21T18:36:04","guid":{"rendered":"https:\/\/hookahshop.lt\/?post_type=product&#038;p=10700"},"modified":"2026-05-13T23:28:52","modified_gmt":"2026-05-13T20:28:52","slug":"kaljanas-aladin-mvp-rocket-clear","status":"publish","type":"product","link":"https:\/\/hookahshop.lt\/et\/toode\/vesipiip-aladin-mvp-rakett-laikiv-selge-55cm\/","title":{"rendered":"Vesipiip ALADIN MVP Rocket Clear"},"content":{"rendered":"<h2>Vesipiip ALADIN MVP Rocket Clear<\/h2>\n<p>Aladin MVP on v\u00e4ga vastupidav ja valmistatud roostevabast terasest V2A.<\/p>\n<p>MVP vesipiibukolb on valmistatud tahkest kristallklaasist ja v\u00f5llil on integreeritud hajuti, mida saab vabalt reguleerida. Hajuti v\u00f5imaldab vesipiibul vaikselt suitsu t\u00f5mmata. Vesipiibu Aladin MVP peaadapteril, toruadapteritel ja toruliitmikel on kvaliteetne 18,8 mm l\u00f5ik, et eemaldada t\u00fc\u00fctud torutihendid, mis kuluvad.<\/p>\n<p>MVP Aladini niit on 360 \u00b0, mis \u00fchendab kolbi ja aluse lihtsa 360 \u00b0 p\u00f6\u00f6rlemisega t\u00e4ielikult. Vesipiibu k\u00f5rgus 53cm.<\/p>\n<p><strong>Varustus:<\/strong><br \/>\nStandardkomplektis on tangid, &quot;pehme&quot; silikoonvoolik koos otsikutega, tass ja &quot;p\u00f5leti tassi jaoks&quot;.<\/p>\n<p>Kas teil on k\u00fcsimusi? v\u00f5ta meiega \u00fchendust\u00a0<a href=\"https:\/\/hookahshop.lt\/et\/kontaktid\/\">kontaktide leht<\/a>\u00a0v\u00f5i saatke meile e-kiri aadressil\u00a0<a href=\"https:\/\/facebook.com\/HookahShop.lt\/\" target=\"_blank\" rel=\"noopener noreferrer\">Facebooki konto<\/a>\u00a0ja vastame teie taotlusele samal p\u00e4eval.<\/p>","protected":false},"excerpt":{"rendered":"<p>Vesipiip ALADIN MVP Rocket Clear Aladin MVP on v\u00e4ga vastupidav ja valmistatud roostevabast terasest V2A. MVP konkskonkskolb on valmistatud tahkest kristallklaasist ja varrele on integreeritud vabalt reguleeritav difuusor. Hajuti v\u00f5imaldab vesipiibul vaikselt suitsu t\u00f5mmata. Vesipiibu Aladin MVP peaadapter, toruadapterid ja toru\u00fchendused seatud kvaliteetseks 18,8 mm [\u2026]<\/p>","protected":false},"featured_media":10701,"comment_status":"open","ping_status":"closed","template":"","meta":[],"_links":{"self":[{"href":"https:\/\/hookahshop.lt\/et\/wp-json\/wp\/v2\/product\/10700"}],"collection":[{"href":"https:\/\/hookahshop.lt\/et\/wp-json\/wp\/v2\/product"}],"about":[{"href":"https:\/\/hookahshop.lt\/et\/wp-json\/wp\/v2\/types\/product"}],"replies":[{"embeddable":true,"href":"https:\/\/hookahshop.lt\/et\/wp-json\/wp\/v2\/comments?post=10700"}],"version-history":[{"count":5,"href":"https:\/\/hookahshop.lt\/et\/wp-json\/wp\/v2\/product\/10700\/revisions"}],"predecessor-version":[{"id":45513,"href":"https:\/\/hookahshop.lt\/et\/wp-json\/wp\/v2\/product\/10700\/revisions\/45513"}],"wp:featuredmedia":[{"embeddable":true,"href":"https:\/\/hookahshop.lt\/et\/wp-json\/wp\/v2\/media\/10701"}],"wp:attachment":[{"href":"https:\/\/hookahshop.lt\/et\/wp-json\/wp\/v2\/media?parent=10700"}],"curies":[{"name":"wp","href":"https:\/\/api.w.org\/{rel}","templated":true}]}}