{"id":10733,"date":"2020-07-22T00:33:42","date_gmt":"2020-07-21T21:33:42","guid":{"rendered":"https:\/\/hookahshop.lt\/?post_type=product&#038;p=10733"},"modified":"2026-04-15T23:29:04","modified_gmt":"2026-04-15T20:29:04","slug":"kolba-kaljanui-hookahtree-creat-pearl","status":"publish","type":"product","link":"https:\/\/hookahshop.lt\/et\/toode\/kolb-vesipiibu-hookahtree-creat-pearl\/","title":{"rendered":"Kolb kiilasp\u00e4isuse vastu HOOKAHTREE Creat Pearl"},"content":{"rendered":"<h2>Kolb kiilasp\u00e4isuse vastu HOOKAHTREE Creat Pearl<\/h2>\n<p>See kolb on m\u00f5eldud klassika armastajatele. Kuju ennast on veidi muudetud ja selle mudeli puhul on arvesse v\u00f5etud k\u00f5iki m\u00f5\u00f5tmeid.<\/p>\n<p>HookahTree Creat kolb avaldab muljet oma ebatavaliste ja meeldej\u00e4\u00e4vate varjunditega. Armastajad hindavad kindlasti selle ainulaadset kuju.<\/p>\n<p><strong><span title=\"\">Spetsifikatsioonid:<\/span><\/strong><br \/>\nK\u00f5rgus: 271 mm<br \/>\nSvoris: ~ 1780 g<br \/>\nKurgu v\u00e4lisl\u00e4bim\u00f5\u00f5t: 69 mm<br \/>\nSisek\u00f5ri l\u00e4bim\u00f5\u00f5t: 47 mm<br \/>\nToote materjal: klaas<\/p>\n<p>Kas teil on k\u00fcsimusi? v\u00f5ta meiega \u00fchendust\u00a0<a href=\"https:\/\/hookahshop.lt\/et\/kontaktid\/\">kontaktide leht<\/a>\u00a0v\u00f5i saatke meile e-kiri aadressil\u00a0<a href=\"https:\/\/facebook.com\/HookahShop.lt\/\" target=\"_blank\" rel=\"noopener noreferrer\">Facebooki konto<\/a>\u00a0ja vastame teie taotlusele samal p\u00e4eval.<\/p>","protected":false},"excerpt":{"rendered":"<p>Kolba kaljanui HOOKAHTREE Creat Pearl Tai yra kolba, skirta klasikos m\u0117g\u0117jams. Pati forma buvo \u0161iek tiek pakeista ir \u0161iame modelyje buvo atsi\u017evelgta \u012f visus matmenis. Kolba \u201eHookahTree Creat\u201c (\u201ePerlamutras\u201c) daro \u012fsp\u016bd\u012f savo ne\u012fprastais ir \u012fsimenan\u010diais atspalviais. M\u0117g\u0117jai tikrai \u012fvertins jos unikali\u0105 form\u0105. Specifikacijos: Auk\u0161tis: 271 mm Svoris: ~ 1780 g I\u0161orinis gerkl\u0117s skersmuo: 69 mm [&hellip;]<\/p>","protected":false},"featured_media":10734,"comment_status":"open","ping_status":"closed","template":"","meta":[],"_links":{"self":[{"href":"https:\/\/hookahshop.lt\/et\/wp-json\/wp\/v2\/product\/10733"}],"collection":[{"href":"https:\/\/hookahshop.lt\/et\/wp-json\/wp\/v2\/product"}],"about":[{"href":"https:\/\/hookahshop.lt\/et\/wp-json\/wp\/v2\/types\/product"}],"replies":[{"embeddable":true,"href":"https:\/\/hookahshop.lt\/et\/wp-json\/wp\/v2\/comments?post=10733"}],"version-history":[{"count":5,"href":"https:\/\/hookahshop.lt\/et\/wp-json\/wp\/v2\/product\/10733\/revisions"}],"predecessor-version":[{"id":45142,"href":"https:\/\/hookahshop.lt\/et\/wp-json\/wp\/v2\/product\/10733\/revisions\/45142"}],"wp:featuredmedia":[{"embeddable":true,"href":"https:\/\/hookahshop.lt\/et\/wp-json\/wp\/v2\/media\/10734"}],"wp:attachment":[{"href":"https:\/\/hookahshop.lt\/et\/wp-json\/wp\/v2\/media?parent=10733"}],"curies":[{"name":"wp","href":"https:\/\/api.w.org\/{rel}","templated":true}]}}