{"id":10775,"date":"2020-07-24T12:59:57","date_gmt":"2020-07-24T09:59:57","guid":{"rendered":"https:\/\/hookahshop.lt\/?post_type=product&#038;p=10775"},"modified":"2026-04-18T23:29:07","modified_gmt":"2026-04-18T20:29:07","slug":"taurele-kaljanui-oblako-phunnel-l-glazed-black-matte","status":"publish","type":"product","link":"https:\/\/hookahshop.lt\/et\/toode\/tass-vesipiip-oblako-phunnel-l-glazed-black-matte\/","title":{"rendered":"Tass vesipiibule OBLAKO Phunnel L Glazed Black Matte"},"content":{"rendered":"<h2>Tass vesipiibule OBLAKO Phunnel L Glazed Black Matte<\/h2>\n<p>See kahe v\u00f5i enama inimese seltskonnas suitsetamiseks sobiv tass pikendab t\u00e4nu oma mahutavusele suitsetamisaega!<\/p>\n<p>Tass on kaetud glasuuriga, t\u00e4nu millele suudab see pikka aega s\u00e4ilitada oma algsed omadused ja v\u00e4limuse. OBLAKO kasutab ainult inims\u00f5bralikku toiduglasuuri, mille on v\u00e4lja t\u00f6\u00f6tanud partnerid spetsialiseeritud laborites Gzhelskoje, mis on \u00fcks Venemaa traditsioonilisi keraamikatootmise keskusi.<\/p>\n<p>Tassit\u00e4is tubakat mahutab 25\u201330 grammi.<\/p>\n<p>Spetsifikatsioonid:<br \/>\nK\u00f5rgus: 117mm<br \/>\nL\u00e4bim\u00f5\u00f5t (v\u00e4limine): 77 mm<br \/>\nL\u00e4bim\u00f5\u00f5t (sisemine): 70mm<br \/>\nS\u00fcgavus: 13mm<br \/>\nAva l\u00e4bim\u00f5\u00f5t: 18mm<br \/>\nAukude arv: 1<br \/>\nKaal: umbes 180 grammi<\/p>\n<p>Kas teil on k\u00fcsimusi? v\u00f5ta meiega \u00fchendust\u00a0<a href=\"https:\/\/hookahshop.lt\/et\/kontaktid\/\">kontaktide leht<\/a>\u00a0v\u00f5i saatke meile e-kiri aadressil\u00a0<a href=\"https:\/\/facebook.com\/HookahShop.lt\/\" target=\"_blank\" rel=\"noopener noreferrer\">Facebooki konto<\/a>\u00a0ja vastame teie taotlusele samal p\u00e4eval.<\/p>","protected":false},"excerpt":{"rendered":"<p>Vesipiibu tass OBLAKO Phunnel L Glazed Black Matte See kahe v\u00f5i enama inimese seltskonnas suitsetamiseks sobiv tass pikendab t\u00e4nu oma mahutavusele suitsetamisaega! Tass on kaetud glasuuriga, t\u00e4nu millele suudab see kaua s\u00e4ilitada oma esialgsed omadused ja v\u00e4limus. OBLAKO kasutab ainult inims\u00f5bralikku toiduglasuuri, mille on v\u00e4lja t\u00f6\u00f6tanud partnerid spetsialiseeritud laborites, mis asuvad \u00fches traditsioonilises vene keraamikas [\u2026]<\/p>","protected":false},"featured_media":21282,"comment_status":"open","ping_status":"closed","template":"","meta":[],"_links":{"self":[{"href":"https:\/\/hookahshop.lt\/et\/wp-json\/wp\/v2\/product\/10775"}],"collection":[{"href":"https:\/\/hookahshop.lt\/et\/wp-json\/wp\/v2\/product"}],"about":[{"href":"https:\/\/hookahshop.lt\/et\/wp-json\/wp\/v2\/types\/product"}],"replies":[{"embeddable":true,"href":"https:\/\/hookahshop.lt\/et\/wp-json\/wp\/v2\/comments?post=10775"}],"version-history":[{"count":5,"href":"https:\/\/hookahshop.lt\/et\/wp-json\/wp\/v2\/product\/10775\/revisions"}],"predecessor-version":[{"id":37118,"href":"https:\/\/hookahshop.lt\/et\/wp-json\/wp\/v2\/product\/10775\/revisions\/37118"}],"wp:featuredmedia":[{"embeddable":true,"href":"https:\/\/hookahshop.lt\/et\/wp-json\/wp\/v2\/media\/21282"}],"wp:attachment":[{"href":"https:\/\/hookahshop.lt\/et\/wp-json\/wp\/v2\/media?parent=10775"}],"curies":[{"name":"wp","href":"https:\/\/api.w.org\/{rel}","templated":true}]}}