{"id":10788,"date":"2020-07-24T13:19:39","date_gmt":"2020-07-24T10:19:39","guid":{"rendered":"https:\/\/hookahshop.lt\/?post_type=product&#038;p=10788"},"modified":"2026-04-15T23:29:13","modified_gmt":"2026-04-15T20:29:13","slug":"taurele-kaljanui-oblako-mono-killer-glaze-orange","status":"publish","type":"product","link":"https:\/\/hookahshop.lt\/et\/toode\/tass-vesipiip-oblako-mono-killer-glaze-orange\/","title":{"rendered":"Tass vesipiibule OBLAKO Mono Killer Glaze Orange"},"content":{"rendered":"<h2>Tass vesipiibule OBLAKO Mono Killer Glaze Orange<\/h2>\n<p>See on Oblako uuendatud toode. Vihmaefektiga monoliitne glasuurtops.<\/p>\n<p>T\u00e4nu tassi madalale s\u00fcgavusele ja laiusele kuumeneb vesipiibusegu \u00fchtlaselt \u00fcle kogu ala, mis v\u00f5imaldab maksimaalset nikotiini \u00fclekandmist ja annab suitsetamisel maksimaalse tugevuse. Tass on valmistatud madala temperatuuriga v\u00e4rvilisest portselanist, t\u00f6\u00f6ala on kaetud valge glasuuriga.<\/p>\n<p>Tassit\u00e4is tubakat mahutab 18\u201321 grammi.<\/p>\n<p>Spetsifikatsioonid:<br \/>\nK\u00f5rgus: 111 mm<br \/>\nL\u00e4bim\u00f5\u00f5t (v\u00e4limine): 74 mm<br \/>\nL\u00e4bim\u00f5\u00f5t (sisemine): 61 mm<br \/>\nS\u00fcgavus: 13mm<br \/>\nAva l\u00e4bim\u00f5\u00f5t: 7 mm<br \/>\nAukude arv: 5 tk<br \/>\nKaal: umbes 197 grammi<\/p>\n<p>Kas teil on k\u00fcsimusi? v\u00f5ta meiega \u00fchendust\u00a0<a href=\"https:\/\/hookahshop.lt\/et\/kontaktid\/\">kontaktide leht<\/a>\u00a0v\u00f5i saatke meile e-kiri aadressil\u00a0<a href=\"https:\/\/facebook.com\/HookahShop.lt\/\" target=\"_blank\" rel=\"noopener noreferrer\">Facebooki konto<\/a>\u00a0ja vastame teie taotlusele samal p\u00e4eval.<\/p>","protected":false},"excerpt":{"rendered":"<p>Vesipiibu tass OBLAKO Mono Killer Glaze Orange See on Oblako ettev\u00f5tte uuendatud toode. Vihmaefektiga monoliitne glasuurtops. T\u00e4nu tassi madalale s\u00fcgavusele ja laiusele kuumeneb vesipiibusegu \u00fchtlaselt kogu ala ulatuses, mis v\u00f5imaldab maksimaalset nikotiini \u00fclekandmist ja annab suitsetamisel maksimaalse tugevuse. Tass on valmistatud madala temperatuuriga v\u00e4rvilisest portselanist, t\u00f6\u00f6ala on kaetud valge glasuuriga. [\u2026]<\/p>","protected":false},"featured_media":10795,"comment_status":"open","ping_status":"closed","template":"","meta":[],"_links":{"self":[{"href":"https:\/\/hookahshop.lt\/et\/wp-json\/wp\/v2\/product\/10788"}],"collection":[{"href":"https:\/\/hookahshop.lt\/et\/wp-json\/wp\/v2\/product"}],"about":[{"href":"https:\/\/hookahshop.lt\/et\/wp-json\/wp\/v2\/types\/product"}],"replies":[{"embeddable":true,"href":"https:\/\/hookahshop.lt\/et\/wp-json\/wp\/v2\/comments?post=10788"}],"version-history":[{"count":3,"href":"https:\/\/hookahshop.lt\/et\/wp-json\/wp\/v2\/product\/10788\/revisions"}],"predecessor-version":[{"id":23135,"href":"https:\/\/hookahshop.lt\/et\/wp-json\/wp\/v2\/product\/10788\/revisions\/23135"}],"wp:featuredmedia":[{"embeddable":true,"href":"https:\/\/hookahshop.lt\/et\/wp-json\/wp\/v2\/media\/10795"}],"wp:attachment":[{"href":"https:\/\/hookahshop.lt\/et\/wp-json\/wp\/v2\/media?parent=10788"}],"curies":[{"name":"wp","href":"https:\/\/api.w.org\/{rel}","templated":true}]}}