{"id":10811,"date":"2020-07-24T20:55:38","date_gmt":"2020-07-24T17:55:38","guid":{"rendered":"https:\/\/hookahshop.lt\/?post_type=product&#038;p=10811"},"modified":"2026-04-14T23:29:02","modified_gmt":"2026-04-14T20:29:02","slug":"karscio-kamera-50-clouds-heat-keeper-evolution","status":"publish","type":"product","link":"https:\/\/hookahshop.lt\/et\/toode\/soojuskamber-50-clouds-heat-keeper-evolution\/","title":{"rendered":"Soojuskamber 50 CLOUDS Heat Keeper Evolution"},"content":{"rendered":"<h2>Soojuskamber 50 CLOUDS Heat Keeper Evolution<\/h2>\n<p>See on stiilne uus alumiiniumkorpus, mis on kaetud spetsiaalse kaitsekihiga ja mugava silikoonist k\u00e4epidemega.<\/p>\n<p>See on ainulaadne seade, mis muudab vesipiibu ettevalmistamise protsessi mugavamaks ja lihtsamaks. See on populaarse Kaloud Lotus seadme analoog, mis paljude meistrite s\u00f5nul isegi \u00fcletab selle.<\/p>\n<p>See kuumakamber on valmistatud kvaliteetsest alumiiniumist ja k\u00f5ik osad on enne kuumuskindla katte katmist p\u00f5hjalikult lihvitud. Kuumutamisel ei eralda see kahjulikke aineid, see on t\u00e4iesti ohutu.<\/p>\n<p>Kivis\u00f6e soojus jaotub \u00fchtlaselt ning tera p\u00f6\u00f6rlemine v\u00f5imaldab h\u00f5lpsalt tubaka ja tassi temperatuuri kontrollida. Seade lihtsustab oluliselt vesipiibude valmistamise protsessi: n\u00fc\u00fcd pole enam fooliumi vaja ja suitsetamine muutub \u00fchtlasema soojusjaotuse t\u00f5ttu stabiilsemaks.<\/p>\n<p>Kas teil on k\u00fcsimusi? v\u00f5ta meiega \u00fchendust <a href=\"https:\/\/hookahshop.lt\/et\/kontaktid\/\">kontaktide leht<\/a> v\u00f5i saatke meile e-kiri aadressil <a href=\"https:\/\/facebook.com\/HookahShop.lt\/\" target=\"_blank\" rel=\"noopener noreferrer\">Facebooki konto<\/a> ja vastame teie taotlusele samal p\u00e4eval.<\/p>\n<p>&nbsp;<\/p>","protected":false},"excerpt":{"rendered":"<p>Soojuskamber 50 CLOUDS Heat Keeper Evolution See on stiilne uus alumiiniumkorpus, millel on spetsiaalne kaitsekate ja mugav silikoonk\u00e4epide. See on ainulaadne seade, mis muudab vesipiibu valmistamise protsessi mugavamaks ja lihtsamaks. See on populaarse Kaloud Lotuse seadme analoog, mis paljude meistrite s\u00f5nul isegi \u00fcletab seda. See soojuskamber kasutab kvaliteetset [\u2026]<\/p>","protected":false},"featured_media":10812,"comment_status":"open","ping_status":"closed","template":"","meta":[],"_links":{"self":[{"href":"https:\/\/hookahshop.lt\/et\/wp-json\/wp\/v2\/product\/10811"}],"collection":[{"href":"https:\/\/hookahshop.lt\/et\/wp-json\/wp\/v2\/product"}],"about":[{"href":"https:\/\/hookahshop.lt\/et\/wp-json\/wp\/v2\/types\/product"}],"replies":[{"embeddable":true,"href":"https:\/\/hookahshop.lt\/et\/wp-json\/wp\/v2\/comments?post=10811"}],"version-history":[{"count":2,"href":"https:\/\/hookahshop.lt\/et\/wp-json\/wp\/v2\/product\/10811\/revisions"}],"predecessor-version":[{"id":23290,"href":"https:\/\/hookahshop.lt\/et\/wp-json\/wp\/v2\/product\/10811\/revisions\/23290"}],"wp:featuredmedia":[{"embeddable":true,"href":"https:\/\/hookahshop.lt\/et\/wp-json\/wp\/v2\/media\/10812"}],"wp:attachment":[{"href":"https:\/\/hookahshop.lt\/et\/wp-json\/wp\/v2\/media?parent=10811"}],"curies":[{"name":"wp","href":"https:\/\/api.w.org\/{rel}","templated":true}]}}