{"id":10881,"date":"2020-07-25T22:13:39","date_gmt":"2020-07-25T19:13:39","guid":{"rendered":"https:\/\/hookahshop.lt\/?post_type=product&#038;p=10881"},"modified":"2026-05-14T23:28:42","modified_gmt":"2026-05-14T20:28:42","slug":"kaitlente-kaljanui-daly","status":"publish","type":"product","link":"https:\/\/hookahshop.lt\/et\/toode\/pliit-vesipiip-daly\/","title":{"rendered":"Pliit vesipiibule DALY 1.6KW"},"content":{"rendered":"<h2>Pliit vesipiibule DALY 1.6KW<\/h2>\n<p>See on kiire ja mugav suure koguse s\u00fcsiniku s\u00fc\u00fctamine. Ideaalne kontori- ja v\u00e4ljas\u00f5itudeks. Kui ostate Daly plaate, unustage kivis\u00f6ega seotud vaev!<\/p>\n<p>Daly professionaalne plaat kiirendab vesipiibu serveerimisprotsessi.<\/p>\n<p>- Elektriv\u00f5imsus - 1,6 kW<br \/>\n- Pinge - 220V<br \/>\n- Kaal umbes 2 kg<\/p>\n<p>1. Mahutab korraga 30 kuni 35 s\u00fctt<br \/>\n2. Omab 4 autonoomset k\u00fctteelementi<br \/>\n3. Talub 500 kraadi Celsiuse temperatuure<br \/>\n4. Juhtpaneel asub plaadi korpuse taga, mis hoiab \u00e4ra nuppude kahjustamise v\u00f5i p\u00f5letuse<br \/>\n5. Kahe juhtseadise olemasolu v\u00f5imaldab vajadusel kasutada ainult kahte k\u00fctteelementi<\/p>\n<p>Kas teil on k\u00fcsimusi? v\u00f5ta meiega \u00fchendust <a href=\"https:\/\/hookahshop.lt\/et\/kontaktid\/\">kontaktide leht<\/a> v\u00f5i saatke meile e-kiri aadressil <a href=\"https:\/\/facebook.com\/HookahShop.lt\/\" target=\"_blank\" rel=\"noopener noreferrer\">Facebooki konto<\/a> ja vastame teie taotlusele samal p\u00e4eval.<\/p>","protected":false},"excerpt":{"rendered":"<p>Konks pliidiplaadile DALY 1,6KW See on kiire ja lihtne suure koguse s\u00fcsiniku s\u00fc\u00fctamine. Ideaalne kontori- ja v\u00e4ljas\u00f5itudeks. Kui ostate Daly plaate, unustage kivis\u00f6ega seotud vaev! Daly professionaalne plaat kiirendab vesipiibu serveerimisprotsessi. - Elektriv\u00f5imsus - 1,6 kW - Pinge - 220 V - Kaal umbes 2 kg 1. Mahutab korraga 30-35 s\u00fcsinikku [\u2026]<\/p>","protected":false},"featured_media":10882,"comment_status":"open","ping_status":"closed","template":"","meta":[],"_links":{"self":[{"href":"https:\/\/hookahshop.lt\/et\/wp-json\/wp\/v2\/product\/10881"}],"collection":[{"href":"https:\/\/hookahshop.lt\/et\/wp-json\/wp\/v2\/product"}],"about":[{"href":"https:\/\/hookahshop.lt\/et\/wp-json\/wp\/v2\/types\/product"}],"replies":[{"embeddable":true,"href":"https:\/\/hookahshop.lt\/et\/wp-json\/wp\/v2\/comments?post=10881"}],"version-history":[{"count":5,"href":"https:\/\/hookahshop.lt\/et\/wp-json\/wp\/v2\/product\/10881\/revisions"}],"predecessor-version":[{"id":32022,"href":"https:\/\/hookahshop.lt\/et\/wp-json\/wp\/v2\/product\/10881\/revisions\/32022"}],"wp:featuredmedia":[{"embeddable":true,"href":"https:\/\/hookahshop.lt\/et\/wp-json\/wp\/v2\/media\/10882"}],"wp:attachment":[{"href":"https:\/\/hookahshop.lt\/et\/wp-json\/wp\/v2\/media?parent=10881"}],"curies":[{"name":"wp","href":"https:\/\/api.w.org\/{rel}","templated":true}]}}