{"id":10887,"date":"2020-07-25T22:21:50","date_gmt":"2020-07-25T19:21:50","guid":{"rendered":"https:\/\/hookahshop.lt\/?post_type=product&#038;p=10887"},"modified":"2026-04-14T23:28:41","modified_gmt":"2026-04-14T20:28:41","slug":"kaitlente-kaljanui-hootec-burner-v-2","status":"publish","type":"product","link":"https:\/\/hookahshop.lt\/et\/toode\/looduslink-susinikusuutajahootec-burner-v-2\/","title":{"rendered":"Looduslik s\u00fcsinikus\u00fc\u00fctaja  HOOTEC Burner V.2"},"content":{"rendered":"<h2>Looduslik s\u00fcsinikus\u00fc\u00fctaja  HOOTEC Burner V.2<\/h2>\n<p>See on esimene professionaalne ahi Venemaal, mis p\u00f5letab vesipiibu s\u00fctt. M\u00f5eldud vesipiibu baaride jaoks.<\/p>\n<p>Hootec m\u00f5istab k\u00f5iki peamisi s\u00f6ega t\u00f6\u00f6tamise probleeme, seega on plaatide peamised omadused j\u00e4rgmised:<\/p>\n<p>1. Praktilisus.<br \/>\nK\u00fctteelementi kaitseb \u00fclekuumenemise eest ka jahutuss\u00fcsteem, mis takistab seadme kuumenemist \u00fcle 50 kraadi.<br \/>\n2. Kasulikkus.<br \/>\nKogu plaatide elektrijuhtmestik on valmistatud kuumakindlatest juhtmetest ja klemmidest, et tagada ohutus ja pikendada plaatide kasutusiga.<br \/>\n3. S\u00f6e p\u00f5letamise kiirus.<br \/>\nS\u00f6e puhastamine on Hooteci poolt v\u00e4lja t\u00f6\u00f6tatud ainulaadne uuendus, mis kiirendab s\u00f6e kuumutamist. Lisaks hoiab see t\u00e4nu lisav\u00f5rele s\u00f6e t\u00f6\u00f6korras.<br \/>\n4. Teeninduse ja t\u00f6\u00f6 mugavus.<br \/>\nH\u00e4sti l\u00e4bim\u00f5eldud vahetatavate k\u00fctteelementide s\u00fcsteem.<br \/>\nVajadusel saab k\u00fcttekeha lihtsalt eemaldada ja uuega asendada.<\/p>\n<p>\u00dcLDOMADUSED:<br \/>\n1. S\u00f6e kuumutamise kiirus:<br \/>\n3-5 minutit (olenevalt s\u00fcsiniku suurusest ja plaatide k\u00e4ivitusre\u017eiimist)<br \/>\n2. Optimaalne \u00fchekordne laadimine - kuni 30 \u00fchikut (&quot;25mm&quot; kivis\u00fctt) \u00fches kihis.<br \/>\n3. Energiatarve:<br \/>\n- Re\u017eiimis &quot;Kuumutus&quot;: 500 vatti<br \/>\n- &quot;P\u00f5lemisre\u017eiimis&quot; (t\u00f6\u00f6re\u017eiim): 1100 vatti<br \/>\n4. Kaal: 4,9 kg<br \/>\n5. Kasutusaeg: 5 tonni s\u00fcsinikku<br \/>\n6. MTBF: 10 000 tundi.<\/p>\n<p>Kas teil on k\u00fcsimusi? v\u00f5ta meiega \u00fchendust <a href=\"https:\/\/hookahshop.lt\/et\/kontaktid\/\">kontaktide leht<\/a> v\u00f5i saatke meile e-kiri aadressil <a href=\"https:\/\/facebook.com\/HookahShop.lt\/\" target=\"_blank\" rel=\"noopener noreferrer\">Facebooki konto<\/a> ja vastame teie taotlusele samal p\u00e4eval.<\/p>","protected":false},"excerpt":{"rendered":"<p>Konks vesipiibu jaoks HOOTEC Burner V.2 See on esimene professionaalne vesipiibu s\u00f6e p\u00f5letamiseks m\u00f5eldud ahi Venemaal. M\u00f5eldud vesipiibu baaride jaoks. Hootec m\u00f5istab k\u00f5iki peamisi s\u00f6ega t\u00f6\u00f6tamise probleeme, seega on plaatide peamised omadused: 1. Praktilisus. K\u00fctteelementi kaitseb \u00fclekuumenemise eest ka jahutuss\u00fcsteem, mis takistab seadme kuumenemist \u00fcle 50 kraadi. 2. Kasulikkus. K\u00f5ik plaatide juhtmed on valmistatud [\u2026]<\/p>","protected":false},"featured_media":10888,"comment_status":"open","ping_status":"closed","template":"","meta":[],"_links":{"self":[{"href":"https:\/\/hookahshop.lt\/et\/wp-json\/wp\/v2\/product\/10887"}],"collection":[{"href":"https:\/\/hookahshop.lt\/et\/wp-json\/wp\/v2\/product"}],"about":[{"href":"https:\/\/hookahshop.lt\/et\/wp-json\/wp\/v2\/types\/product"}],"replies":[{"embeddable":true,"href":"https:\/\/hookahshop.lt\/et\/wp-json\/wp\/v2\/comments?post=10887"}],"version-history":[{"count":2,"href":"https:\/\/hookahshop.lt\/et\/wp-json\/wp\/v2\/product\/10887\/revisions"}],"predecessor-version":[{"id":23370,"href":"https:\/\/hookahshop.lt\/et\/wp-json\/wp\/v2\/product\/10887\/revisions\/23370"}],"wp:featuredmedia":[{"embeddable":true,"href":"https:\/\/hookahshop.lt\/et\/wp-json\/wp\/v2\/media\/10888"}],"wp:attachment":[{"href":"https:\/\/hookahshop.lt\/et\/wp-json\/wp\/v2\/media?parent=10887"}],"curies":[{"name":"wp","href":"https:\/\/api.w.org\/{rel}","templated":true}]}}