{"id":10893,"date":"2020-07-25T22:31:38","date_gmt":"2020-07-25T19:31:38","guid":{"rendered":"https:\/\/hookahshop.lt\/?post_type=product&#038;p=10893"},"modified":"2026-04-14T23:28:42","modified_gmt":"2026-04-14T20:28:42","slug":"kaitlente-kaljanui-hootec-burner-x2","status":"publish","type":"product","link":"https:\/\/hookahshop.lt\/et\/toode\/looduslink-susinikusuutajahootec-burner-x2\/","title":{"rendered":"Looduslik s\u00fcsinikus\u00fc\u00fctaja  HOOTEC Burner X2"},"content":{"rendered":"<h2>Looduslik s\u00fcsinikus\u00fc\u00fctaja  HOOTEC Burner X2<\/h2>\n<p>See on topelt professionaalne plaat ettev\u00f5tetele, mis on m\u00f5eldud vesipiibu baaridele, et s\u00fc\u00fcdata kivis\u00fctt v\u00e4ga kiiresti ja suurtes kogustes.<\/p>\n<p>Hootec Burner X2-l on k\u00f5ik V2 mudeli eelised.<br \/>\nHootec m\u00f5istab k\u00f5iki peamisi s\u00f6ega t\u00f6\u00f6tamise probleeme, seega on plaatide peamised omadused j\u00e4rgmised:<\/p>\n<p>1. Praktilisus.<br \/>\nK\u00fctteelementi kaitseb \u00fclekuumenemise eest ka jahutuss\u00fcsteem, mis takistab seadme kuumenemist \u00fcle 50 kraadi.<br \/>\n2. Kasulikkus.<br \/>\nKogu plaatide elektrijuhtmestik on valmistatud kuumakindlatest juhtmetest ja klemmidest, et tagada ohutus ja pikendada plaatide kasutusiga.<br \/>\n3. S\u00f6e p\u00f5letamise kiirus.<br \/>\nS\u00f6e puhastamine on Hooteci poolt v\u00e4lja t\u00f6\u00f6tatud ainulaadne uuendus, mis kiirendab s\u00f6e kuumutamist. Lisaks hoiab see t\u00e4nu lisav\u00f5rele s\u00f6e t\u00f6\u00f6korras.<br \/>\n4. Teeninduse ja t\u00f6\u00f6 mugavus.<br \/>\nH\u00e4sti l\u00e4bim\u00f5eldud vahetatavate k\u00fctteelementide s\u00fcsteem.<br \/>\nVajadusel saab k\u00fcttekeha lihtsalt eemaldada ja uuega asendada.<\/p>\n<p>PEAMISED ERINEVUSED X2 mudel V2-st:<br \/>\n- Piirdeaed on iseseisev 2 p\u00f5letiga \u00fchenduss\u00fcsteem.<br \/>\nSee mitte ainult ei kahekordista s\u00f6e s\u00fcttimismahtu, vaid tagab ka pideva t\u00f6\u00f6.<br \/>\n- Kui \u00fcks k\u00fcttekehadest on eba\u00f5nnestunud, v\u00f5ite j\u00e4tkata t\u00f6\u00f6d teise p\u00f5leti pliidiga. Selle k\u00e4igus saate defektse k\u00fctteelemendi ohutult v\u00e4lja vahetada.<br \/>\n- Paremal p\u00f5letil on v\u00f5imsam k\u00fcttekeha v\u00e4ikese hulga s\u00fcte s\u00fc\u00fctamiseks kiirendatud re\u017eiimis (vajadusel).<\/p>\n<p>\u00dcLDOMADUSED:<br \/>\n1. S\u00f6e kuumutamise kiirus:<br \/>\n3-5 minutit (olenevalt s\u00fcsiniku suurusest ja plaatide algre\u017eiimist) igal k\u00fctteelemendil.<br \/>\n2. Optimaalne \u00fchekordne laadimine \u2013 kuni 30 \u00fchikut (&quot;25mm&quot; kivis\u00fctt) \u00fches kihis igal k\u00fctteelemendil.<br \/>\n3. Energiatarve:<br \/>\nParem p\u00f5leti<br \/>\n- Re\u017eiimis &quot;Kuumutus&quot;: 700 vatti<br \/>\n- &quot;Burn&quot; re\u017eiimis: 1300 vatti<br \/>\nVasak p\u00f5leti<br \/>\n- Re\u017eiimis &quot;Kuumutus&quot;: 500 vatti<br \/>\n- &quot;Burn&quot; re\u017eiimis: 1100 vatti<br \/>\nPlaatide koguv\u00f5imsustarve: 2400 W<br \/>\n3. Kaal: 6,9 kg<br \/>\n4. Kasutusaeg: 10 tonni kivis\u00fctt<br \/>\n5. MTBF: 10 000 tundi<\/p>\n<p>Kas teil on k\u00fcsimusi? v\u00f5ta meiega \u00fchendust <a href=\"https:\/\/hookahshop.lt\/et\/kontaktid\/\">kontaktide leht<\/a> v\u00f5i saatke meile e-kiri aadressil <a href=\"https:\/\/facebook.com\/HookahShop.lt\/\" target=\"_blank\" rel=\"noopener noreferrer\">Facebooki konto<\/a> ja vastame teie taotlusele samal p\u00e4eval.<\/p>","protected":false},"excerpt":{"rendered":"<p>Vesipiibu konks HOOTEC Burner X2 See on kahekordne professionaalne plaat ettev\u00f5tetele, mis on m\u00f5eldud vesipiibu baaridele, et p\u00f5letada kivis\u00fctt v\u00e4ga kiiresti ja suurtes kogustes. Hootec Burner X2-l on k\u00f5ik V2 mudeli eelised. Hootec m\u00f5istab k\u00f5iki peamisi s\u00f6ega t\u00f6\u00f6tamise probleeme, seega on plaatide peamised omadused: 1. Praktilisus. Jahutuss\u00fcsteem, mis takistab seadme kuumenemist \u00fcle 50 kraadi, jah [\u2026]<\/p>","protected":false},"featured_media":10894,"comment_status":"open","ping_status":"closed","template":"","meta":[],"_links":{"self":[{"href":"https:\/\/hookahshop.lt\/et\/wp-json\/wp\/v2\/product\/10893"}],"collection":[{"href":"https:\/\/hookahshop.lt\/et\/wp-json\/wp\/v2\/product"}],"about":[{"href":"https:\/\/hookahshop.lt\/et\/wp-json\/wp\/v2\/types\/product"}],"replies":[{"embeddable":true,"href":"https:\/\/hookahshop.lt\/et\/wp-json\/wp\/v2\/comments?post=10893"}],"version-history":[{"count":2,"href":"https:\/\/hookahshop.lt\/et\/wp-json\/wp\/v2\/product\/10893\/revisions"}],"predecessor-version":[{"id":30602,"href":"https:\/\/hookahshop.lt\/et\/wp-json\/wp\/v2\/product\/10893\/revisions\/30602"}],"wp:featuredmedia":[{"embeddable":true,"href":"https:\/\/hookahshop.lt\/et\/wp-json\/wp\/v2\/media\/10894"}],"wp:attachment":[{"href":"https:\/\/hookahshop.lt\/et\/wp-json\/wp\/v2\/media?parent=10893"}],"curies":[{"name":"wp","href":"https:\/\/api.w.org\/{rel}","templated":true}]}}