{"id":10899,"date":"2020-07-25T22:39:42","date_gmt":"2020-07-25T19:39:42","guid":{"rendered":"https:\/\/hookahshop.lt\/?post_type=product&#038;p=10899"},"modified":"2026-04-14T23:29:10","modified_gmt":"2026-04-14T20:29:10","slug":"naturaliu-angliuku-uzkuriklis-smoke2u-800w","status":"publish","type":"product","link":"https:\/\/hookahshop.lt\/et\/toode\/looduslik-susinikusuutaja-smoke2u-800w\/","title":{"rendered":"Loodusliku s\u00fcsiniku s\u00fc\u00fctaja SMOKE2U 800W"},"content":{"rendered":"<h2>Loodusliku s\u00fcsiniku s\u00fc\u00fctaja SMOKE2U 800W<\/h2>\n<p>See aitab teil mugavalt soojendada vesipiibu s\u00fctt, mis on ohutum kui teised k\u00fctteseadmed ja \u00f6konoomne t\u00e4nu oma 800 W v\u00f5imsusele.<\/p>\n<p>Mahutavus kuni 5-6 s\u00fcsinikku. T\u00f6\u00f6 tehakse keskmiselt 10-12 minutiga.<\/p>\n<p>Kas teil on k\u00fcsimusi? v\u00f5ta meiega \u00fchendust <a href=\"https:\/\/hookahshop.lt\/et\/kontaktid\/\">kontaktide leht<\/a> v\u00f5i saatke meile e-kiri aadressil <a href=\"https:\/\/facebook.com\/HookahShop.lt\/\" target=\"_blank\" rel=\"noopener noreferrer\">Facebooki konto<\/a> ja vastame teie taotlusele samal p\u00e4eval.<\/p>","protected":false},"excerpt":{"rendered":"<p>Naturaalsest s\u00f6est s\u00fc\u00fcteseade SMOKE2U 800W Aitab mugavalt k\u00fctta konkss\u00fctt, ohutum kui teised k\u00fctteseadmed ja \u00f6konoomne t\u00e4nu oma 800w v\u00f5imsusele. Mahutavus kuni 5-6 s\u00fcsinikku. T\u00f6\u00f6 tehakse keskmiselt 10-12 minutiga. Kas teil on k\u00fcsimusi? V\u00f5tke meiega \u00fchendust kontaktide lehel v\u00f5i kirjutage meile oma Facebooki kontol ja vastame teie p\u00e4ringule samal p\u00e4eval.<\/p>","protected":false},"featured_media":40925,"comment_status":"open","ping_status":"closed","template":"","meta":[],"_links":{"self":[{"href":"https:\/\/hookahshop.lt\/et\/wp-json\/wp\/v2\/product\/10899"}],"collection":[{"href":"https:\/\/hookahshop.lt\/et\/wp-json\/wp\/v2\/product"}],"about":[{"href":"https:\/\/hookahshop.lt\/et\/wp-json\/wp\/v2\/types\/product"}],"replies":[{"embeddable":true,"href":"https:\/\/hookahshop.lt\/et\/wp-json\/wp\/v2\/comments?post=10899"}],"version-history":[{"count":7,"href":"https:\/\/hookahshop.lt\/et\/wp-json\/wp\/v2\/product\/10899\/revisions"}],"predecessor-version":[{"id":45568,"href":"https:\/\/hookahshop.lt\/et\/wp-json\/wp\/v2\/product\/10899\/revisions\/45568"}],"wp:featuredmedia":[{"embeddable":true,"href":"https:\/\/hookahshop.lt\/et\/wp-json\/wp\/v2\/media\/40925"}],"wp:attachment":[{"href":"https:\/\/hookahshop.lt\/et\/wp-json\/wp\/v2\/media?parent=10899"}],"curies":[{"name":"wp","href":"https:\/\/api.w.org\/{rel}","templated":true}]}}