{"id":10906,"date":"2020-07-25T23:36:34","date_gmt":"2020-07-25T20:36:34","guid":{"rendered":"https:\/\/hookahshop.lt\/?post_type=product&#038;p=10906"},"modified":"2026-04-17T23:29:15","modified_gmt":"2026-04-17T20:29:15","slug":"kaljanas-cwp-razor-2-bronze-gold","status":"publish","type":"product","link":"https:\/\/hookahshop.lt\/et\/toode\/vesipiibu-cwp-habemenuga-2\/","title":{"rendered":"Vesipiibu CWP pardel 2 pronks-kuld"},"content":{"rendered":"<h2>Vesipiip CWP RAZOR 2 pronks-kuld<\/h2>\n<p>Vesipiibu CWP RAZOR 2 on t\u00f5eliselt tippkvaliteediga toode, millel on aastatepikkune vesipiibu valmistamise kogemus. Klassikaline joonis, nikerdatud sileda kujuga jooned ja vapustavate v\u00e4rvide kombinatsioon muudavad selle traditsiooniliseks kaasaegse kujundusega vesipiibuks.<\/p>\n<p>Vesipiip on valmistatud roostevabast terasest ja anodeeritud alumiiniumist, kombineerituna pronksi ja kullaga. See v\u00e4rv annab Razor 2-le rikkuse ja v\u00f5luva ilu. Ettev\u00f5tte logoga v\u00f5llil olev kuldne sisestus r\u00f5hutab selle luksust.<\/p>\n<p>Vesipiibuplaat on eemaldatav, vastavalt spetsiaalsele tehnoloogiale kindlalt kinni.<\/p>\n<p>Pronksiv\u00e4rvi kuldsete sisestustega huulik t\u00e4iendab vesipiibukomplekti suurep\u00e4raselt. Huuliku k\u00e4epide on kaetud pehme silikooniga.<\/p>\n<p>Reljeefne ja magnetiline \u00fchendus on valmistatud roostevabast terasest.<\/p>\n<p><strong>Varustus:<br \/>\n<\/strong>V\u00f5ll, plaat, voolik, huulik.<\/p>\n<p>Kas teil on k\u00fcsimusi? v\u00f5ta meiega \u00fchendust <a href=\"https:\/\/hookahshop.lt\/et\/kontaktid\/\">kontaktide leht<\/a> v\u00f5i saatke meile e-kiri aadressil <a href=\"https:\/\/facebook.com\/HookahShop.lt\/\" target=\"_blank\" rel=\"noopener noreferrer\">Facebooki konto<\/a> ja vastame teie taotlusele samal p\u00e4eval.<\/p>","protected":false},"excerpt":{"rendered":"<p>Vesipiibu CWP RAZOR 2 Pronks-kuld Vesipiibu CWP RAZOR 2 on t\u00f5eliselt esmaklassiline toode, millel on aastatepikkune vesipiibu valmistamise kogemus. Klassikaline joonistus, nikerdatud siledad jooned ja vapustavate v\u00e4rvide kombinatsioon teevad sellest traditsioonilise moodsa disainiga vesipiibu. Vesipiip on valmistatud roostevabast terasest ja anodeeritud alumiiniumist, mis on \u00fchendatud pronksi ja kullaga. See v\u00e4rv annab Razor 2-le k\u00fclluse ja [\u2026]<\/p>","protected":false},"featured_media":10907,"comment_status":"open","ping_status":"closed","template":"","meta":[],"_links":{"self":[{"href":"https:\/\/hookahshop.lt\/et\/wp-json\/wp\/v2\/product\/10906"}],"collection":[{"href":"https:\/\/hookahshop.lt\/et\/wp-json\/wp\/v2\/product"}],"about":[{"href":"https:\/\/hookahshop.lt\/et\/wp-json\/wp\/v2\/types\/product"}],"replies":[{"embeddable":true,"href":"https:\/\/hookahshop.lt\/et\/wp-json\/wp\/v2\/comments?post=10906"}],"version-history":[{"count":5,"href":"https:\/\/hookahshop.lt\/et\/wp-json\/wp\/v2\/product\/10906\/revisions"}],"predecessor-version":[{"id":31105,"href":"https:\/\/hookahshop.lt\/et\/wp-json\/wp\/v2\/product\/10906\/revisions\/31105"}],"wp:featuredmedia":[{"embeddable":true,"href":"https:\/\/hookahshop.lt\/et\/wp-json\/wp\/v2\/media\/10907"}],"wp:attachment":[{"href":"https:\/\/hookahshop.lt\/et\/wp-json\/wp\/v2\/media?parent=10906"}],"curies":[{"name":"wp","href":"https:\/\/api.w.org\/{rel}","templated":true}]}}